{"id":37,"date":"2019-08-22T16:11:05","date_gmt":"2019-08-22T14:11:05","guid":{"rendered":"https:\/\/pageperso.lis-lab.fr\/~ronan.sicre\/wordpress\/?page_id=37"},"modified":"2025-04-28T10:47:15","modified_gmt":"2025-04-28T08:47:15","slug":"research","status":"publish","type":"page","link":"https:\/\/pageperso.lis-lab.fr\/~ronan.sicre\/wordpress\/?page_id=37","title":{"rendered":"Research"},"content":{"rendered":"\n<h3 class=\"wp-block-heading\">Topics<\/h3>\n\n\n\n<p>Research is held at LIS laboratory in the QARMA Team:<\/p>\n\n\n\n<ul class=\"wp-block-list\">\n<li>Deep learning<\/li>\n\n\n\n<li>Computer vision<\/li>\n\n\n\n<li>eXplainable AI<\/li>\n<\/ul>\n\n\n\n<p><\/p>\n\n\n\n<h3 class=\"wp-block-heading\">Presentations<\/h3>\n\n\n\n<p>Seminar at LAM 04\/2025: <a href=\"https:\/\/pageperso.lis-lab.fr\/~ronan.sicre\/wordpress\/wp-content\/uploads\/2024\/02\/interp-sem-sigapp-03-24.pdf\">Visual XAI<\/a> &#8211; <a href=\"https:\/\/docs.google.com\/presentation\/d\/1CPjaKce4AHw9yj98zgc099AhcxCRVXrKBUf1ADjUGSQ\/edit?usp=sharing\">architectures<\/a><\/p>\n\n\n\n<p>Seminar at INT 03\/2024: <a href=\"https:\/\/pageperso.lis-lab.fr\/~ronan.sicre\/wordpress\/wp-content\/uploads\/2024\/02\/interp-sem-sigapp-03-24.pdf\">Visual interpretability<\/a><\/p>\n\n\n\n<p>S\u00e9minaire grand public IA \u00e0 l&#8217;ECM: <a href=\"https:\/\/pageperso.lis-lab.fr\/~ronan.sicre\/wordpress\/wp-content\/uploads\/2024\/03\/AI-seminar-gdPublic-ECM.pdf\">slides<\/a><\/p>\n\n\n\n<p>Seminar at IRT 03\/2024: <a href=\"https:\/\/pageperso.lis-lab.fr\/~ronan.sicre\/wordpress\/wp-content\/uploads\/2024\/02\/interp-sem-sigapp-03-24.pdf\">Visual interpretability: saliency maps and interpretable classification <\/a><\/p>\n\n\n\n<p>AI Seminar at CINaM 01\/2024: <a href=\"https:\/\/pageperso.lis-lab.fr\/~ronan.sicre\/wordpress\/wp-content\/uploads\/2024\/01\/AI-seminar-gdPublic.pdf\">slides<\/a><\/p>\n\n\n\n<p>Oral presentation at Nice Workshop on interpretability 12\/2023: Visual interpretability:<a href=\"https:\/\/pageperso.lis-lab.fr\/~ronan.sicre\/wordpress\/wp-content\/uploads\/2023\/12\/interp-W.pdf\"> saliency maps and interpretable classification<\/a><\/p>\n\n\n\n<p>Oral presentation at ICIP 10\/2023: <a href=\"https:\/\/pageperso.lis-lab.fr\/~ronan.sicre\/wordpress\/wp-content\/uploads\/2023\/10\/ICIP-slides2.pdf\">DP-Net: Learning Discriminative Parts for image recognition<\/a><\/p>\n\n\n\n<p>Poster presentation GDR-ISIS &#8220;IA et r\u00e9seaux de neurones profonds, ouvrir la boite noire : du mod\u00e8le explicable \u00e0 la synth\u00e8se et pr\u00e9sentation d&#8217;explications en signal et image&#8221; &#8211; 13\/03\/23: <a href=\"https:\/\/pageperso.lis-lab.fr\/~ronan.sicre\/wordpress\/wp-content\/uploads\/2023\/03\/poster_optiCAM.pdf\">Poster<\/a> &#8211; <a href=\"https:\/\/pageperso.lis-lab.fr\/~ronan.sicre\/wordpress\/wp-content\/uploads\/2023\/03\/OptiCAM-1.pdf\">Slides<\/a><\/p>\n\n\n\n<p>Seminar at CENTURI day 19\/05\/22: <a href=\"https:\/\/drive.google.com\/file\/d\/1rXP99EF6i9BmFYsEmH3O80bAqnvfic6f\/view?usp=sharing\">visual interpretability<\/a><\/p>\n\n\n\n<p>Seminar at ILCB 02\/21: <a href=\"https:\/\/drive.google.com\/file\/d\/1j33mXeVw3BRD7ht3EzMPaeSdOuGJUzUb\/view?usp=sharing\">visual interpretability<\/a><\/p>\n","protected":false},"excerpt":{"rendered":"<p>Topics Research is held at LIS laboratory in the QARMA Team: Presentations Seminar at LAM 04\/2025: Visual XAI &#8211; architectures Seminar at INT 03\/2024: Visual interpretability S\u00e9minaire grand public IA \u00e0 l&#8217;ECM: slides Seminar at IRT 03\/2024: Visual interpretability: saliency maps and interpretable classification AI Seminar at CINaM 01\/2024: slides Oral presentation at Nice Workshop &hellip;<\/p>\n<p class=\"read-more\"> <a class=\"\" href=\"https:\/\/pageperso.lis-lab.fr\/~ronan.sicre\/wordpress\/?page_id=37\"> <span class=\"screen-reader-text\">Research<\/span>Read More &raquo;<\/a><\/p>\n","protected":false},"author":1,"featured_media":0,"parent":0,"menu_order":0,"comment_status":"closed","ping_status":"closed","template":"","meta":{"footnotes":""},"class_list":["post-37","page","type-page","status-publish","hentry"],"_links":{"self":[{"href":"https:\/\/pageperso.lis-lab.fr\/~ronan.sicre\/wordpress\/index.php?rest_route=\/wp\/v2\/pages\/37","targetHints":{"allow":["GET"]}}],"collection":[{"href":"https:\/\/pageperso.lis-lab.fr\/~ronan.sicre\/wordpress\/index.php?rest_route=\/wp\/v2\/pages"}],"about":[{"href":"https:\/\/pageperso.lis-lab.fr\/~ronan.sicre\/wordpress\/index.php?rest_route=\/wp\/v2\/types\/page"}],"author":[{"embeddable":true,"href":"https:\/\/pageperso.lis-lab.fr\/~ronan.sicre\/wordpress\/index.php?rest_route=\/wp\/v2\/users\/1"}],"replies":[{"embeddable":true,"href":"https:\/\/pageperso.lis-lab.fr\/~ronan.sicre\/wordpress\/index.php?rest_route=%2Fwp%2Fv2%2Fcomments&post=37"}],"version-history":[{"count":24,"href":"https:\/\/pageperso.lis-lab.fr\/~ronan.sicre\/wordpress\/index.php?rest_route=\/wp\/v2\/pages\/37\/revisions"}],"predecessor-version":[{"id":443,"href":"https:\/\/pageperso.lis-lab.fr\/~ronan.sicre\/wordpress\/index.php?rest_route=\/wp\/v2\/pages\/37\/revisions\/443"}],"wp:attachment":[{"href":"https:\/\/pageperso.lis-lab.fr\/~ronan.sicre\/wordpress\/index.php?rest_route=%2Fwp%2Fv2%2Fmedia&parent=37"}],"curies":[{"name":"wp","href":"https:\/\/api.w.org\/{rel}","templated":true}]}}