{"id":22,"date":"2019-06-15T20:04:17","date_gmt":"2019-06-15T18:04:17","guid":{"rendered":"https:\/\/pageperso.lis-lab.fr\/~valentin.emiya\/wp\/?page_id=22"},"modified":"2026-03-10T11:43:50","modified_gmt":"2026-03-10T10:43:50","slug":"home","status":"publish","type":"page","link":"https:\/\/pageperso.lis-lab.fr\/valentin.emiya\/wp\/","title":{"rendered":"Home"},"content":{"rendered":"\n<blockquote class=\"wp-block-quote has-text-align-left is-layout-flow wp-block-quote-is-layout-flow\">\n<p>Associate Professor in Computer Science at <a href=\"http:\/\/www.univ-amu.fr\/\" target=\"_blank\" rel=\"noreferrer noopener\">Aix-Marseille University<\/a>, member of the <a href=\"https:\/\/qarma.lis-lab.fr\/\" target=\"_blank\" rel=\"noreferrer noopener\">QARMA<\/a> team, at CNRS <a href=\"https:\/\/www.lis-lab.fr\/\" target=\"_blank\" rel=\"noreferrer noopener\">LIS<\/a>, working in the field of Artificial Intelligence, Machine Learning and Signal Processing.<\/p>\n<\/blockquote>\n\n\n\n<p class=\"has-text-align-center has-colorful-green-background-color has-background\"><strong>! Offre de doctorat \/ PhD offer !<\/strong><em><br>IA frugale pour une estimation syst\u00e9matique<br>de l\u2019empreinte environnementale des r\u00e9seaux de neurones<\/em><br>coencadr\u00e9 par Constance Douwes et Valentin Emiya au LIS \u00e0 Marseille, \u00e9quipe QARMA<br>Candidatures \u00e0 envoyer avant le 19 mars.<br><a href=\"https:\/\/pageperso.lis-lab.fr\/valentin.emiya\/wp\/wp-content\/uploads\/2026\/03\/doctorat_2026_empreinte_IA_public.pdf\">Plus d&rsquo;infos dans le sujet<\/a>.<\/p>\n\n\n\n<p>Currently dedicating time to<\/p>\n\n\n\n<ul class=\"wp-block-list\">\n<li>Estimating the environnemental impact of AI with <a href=\"https:\/\/constancedws.github.io\/\" target=\"_blank\" rel=\"noreferrer noopener\">Constance Douwes<\/a>.<\/li>\n\n\n\n<li><a href=\"https:\/\/hal.archives-ouvertes.fr\/hal-02174845\">Learning fast transforms<\/a> and <a href=\"https:\/\/hal.science\/hal-03964976v3\" target=\"_blank\" rel=\"noreferrer noopener\">exploring sparse supports<\/a><\/li>\n\n\n\n<li><a href=\"https:\/\/ai-physicalsciences.lis-lab.fr\/\" target=\"_blank\" rel=\"noreferrer noopener\">AI and physical sciences@AMU<\/a><\/li>\n\n\n\n<li>Popularizing science by organizing <a aria-label=\"Treize Minutes Marseille (s\u2019ouvre dans un nouvel onglet)\" href=\"https:\/\/treize.lis-lab.fr\/\" target=\"_blank\" rel=\"noreferrer noopener\">Treize Minutes Marseille<\/a> every year since 2013 with great colleagues and speakers<\/li>\n\n\n\n<li>Coordinating training in computer science at <a href=\"https:\/\/sciences.univ-amu.fr\/fr\/formation\/licences\/licence-mpci\" target=\"_blank\" rel=\"noreferrer noopener\">Licence MPCI<\/a><\/li>\n<\/ul>\n\n\n\n<p><\/p>\n","protected":false},"excerpt":{"rendered":"<p>Associate Professor in Computer Science at Aix-Marseille University, member of the QARMA team, at CNRS LIS, working in the field of Artificial Intelligence, Machine Learning and Signal Processing. ! Offre de doctorat \/ PhD offer !IA frugale pour une estimation syst\u00e9matiquede l\u2019empreinte environnementale des r\u00e9seaux de neuronescoencadr\u00e9 par Constance Douwes et Valentin Emiya au LIS &hellip; <a href=\"https:\/\/pageperso.lis-lab.fr\/valentin.emiya\/wp\/\" class=\"more-link\">Lire la suite <span class=\"screen-reader-text\">Home<\/span><\/a><\/p>\n","protected":false},"author":1,"featured_media":0,"parent":0,"menu_order":0,"comment_status":"closed","ping_status":"closed","template":"","meta":{"footnotes":""},"class_list":["post-22","page","type-page","status-publish","hentry"],"_links":{"self":[{"href":"https:\/\/pageperso.lis-lab.fr\/valentin.emiya\/wp\/index.php?rest_route=\/wp\/v2\/pages\/22","targetHints":{"allow":["GET"]}}],"collection":[{"href":"https:\/\/pageperso.lis-lab.fr\/valentin.emiya\/wp\/index.php?rest_route=\/wp\/v2\/pages"}],"about":[{"href":"https:\/\/pageperso.lis-lab.fr\/valentin.emiya\/wp\/index.php?rest_route=\/wp\/v2\/types\/page"}],"author":[{"embeddable":true,"href":"https:\/\/pageperso.lis-lab.fr\/valentin.emiya\/wp\/index.php?rest_route=\/wp\/v2\/users\/1"}],"replies":[{"embeddable":true,"href":"https:\/\/pageperso.lis-lab.fr\/valentin.emiya\/wp\/index.php?rest_route=%2Fwp%2Fv2%2Fcomments&post=22"}],"version-history":[{"count":49,"href":"https:\/\/pageperso.lis-lab.fr\/valentin.emiya\/wp\/index.php?rest_route=\/wp\/v2\/pages\/22\/revisions"}],"predecessor-version":[{"id":164,"href":"https:\/\/pageperso.lis-lab.fr\/valentin.emiya\/wp\/index.php?rest_route=\/wp\/v2\/pages\/22\/revisions\/164"}],"wp:attachment":[{"href":"https:\/\/pageperso.lis-lab.fr\/valentin.emiya\/wp\/index.php?rest_route=%2Fwp%2Fv2%2Fmedia&parent=22"}],"curies":[{"name":"wp","href":"https:\/\/api.w.org\/{rel}","templated":true}]}}