{"id":945,"date":"2020-07-30T09:57:52","date_gmt":"2020-07-30T07:57:52","guid":{"rendered":"https:\/\/pageperso.lis-lab.fr\/thierry.artieres\/?page_id=945"},"modified":"2020-07-30T09:57:52","modified_gmt":"2020-07-30T07:57:52","slug":"science-des-donnees-ecm-3a-et-iaaa","status":"publish","type":"page","link":"https:\/\/pageperso.lis-lab.fr\/thierry.artieres\/?page_id=945","title":{"rendered":"Science des Donn\u00e9es (ECM 3A et IAAA)"},"content":{"rendered":"<h2 style=\"text-align: center;\">Cours mutualis\u00e9<\/h2>\n<h2 style=\"text-align: center;\">Tronc commun du <a href=\"https:\/\/iaaa.lis-lab.fr\/\">master 2 IAAA<\/a><\/h2>\n<h2 style=\"text-align: center;\">Tronc commun du master Data Science<\/h2>\n<h2 style=\"text-align: center;\">UE Machine Learning de l&rsquo;option DIGITALE \u00e0 l&rsquo;ECM<\/h2>\n<h2 style=\"text-align: center;\">2019-2020<\/h2>\n<h2 style=\"text-align: center;\">T. Arti\u00e8res, H. Kadri<\/h2>\n<h2 style=\"text-align: center;\">et<\/h2>\n<h2 style=\"text-align: center;\">C. Capponi, V. Emiya<\/h2>\n<hr \/>\n<ul>\n<li>\n<h3>Seance 1 : G\u00e9n\u00e9ralit\u00e9s<\/h3>\n<\/li>\n<\/ul>\n<ul>\n<li>\n<h3>Seance 2 : R\u00e9gression<\/h3>\n<\/li>\n<\/ul>\n<ul>\n<li>\n<h3>Seance 3 : G\u00e9n\u00e9ralisation<\/h3>\n<\/li>\n<\/ul>\n<ul>\n<li>\n<h3>Seance 4 : Panorama des m\u00e9thodes de classification<\/h3>\n<\/li>\n<\/ul>\n<ul>\n<li>\n<h3>Seance 5 : Apprentissage et Transfert<\/h3>\n<\/li>\n<\/ul>\n<ul>\n<li>\n<h3>Seance 6: Apprentissage non supervis\u00e9<\/h3>\n<\/li>\n<\/ul>\n<ul>\n<li>\n<h3>Seance 7<\/h3>\n<\/li>\n<\/ul>\n<ul>\n<li>\n<h3>Examen<\/h3>\n<\/li>\n<\/ul>\n<ul>\n<li style=\"list-style-type: none;\"><\/li>\n<\/ul>\n","protected":false},"excerpt":{"rendered":"<p>Cours mutualis\u00e9 Tronc commun du master 2 IAAA Tronc commun du master Data Science UE Machine Learning de l&rsquo;option DIGITALE \u00e0 l&rsquo;ECM 2019-2020 T. Arti\u00e8res, H. Kadri et C. Capponi, V. Emiya Seance 1 : G\u00e9n\u00e9ralit\u00e9s Seance 2 : R\u00e9gression Seance 3 : G\u00e9n\u00e9ralisation Seance 4 : Panorama des m\u00e9thodes de classification Seance 5 :&hellip;<\/p>\n","protected":false},"author":2,"featured_media":0,"parent":0,"menu_order":0,"comment_status":"closed","ping_status":"closed","template":"","meta":{"footnotes":""},"class_list":["post-945","page","type-page","status-publish","hentry"],"_links":{"self":[{"href":"https:\/\/pageperso.lis-lab.fr\/thierry.artieres\/index.php?rest_route=\/wp\/v2\/pages\/945","targetHints":{"allow":["GET"]}}],"collection":[{"href":"https:\/\/pageperso.lis-lab.fr\/thierry.artieres\/index.php?rest_route=\/wp\/v2\/pages"}],"about":[{"href":"https:\/\/pageperso.lis-lab.fr\/thierry.artieres\/index.php?rest_route=\/wp\/v2\/types\/page"}],"author":[{"embeddable":true,"href":"https:\/\/pageperso.lis-lab.fr\/thierry.artieres\/index.php?rest_route=\/wp\/v2\/users\/2"}],"replies":[{"embeddable":true,"href":"https:\/\/pageperso.lis-lab.fr\/thierry.artieres\/index.php?rest_route=%2Fwp%2Fv2%2Fcomments&post=945"}],"version-history":[{"count":1,"href":"https:\/\/pageperso.lis-lab.fr\/thierry.artieres\/index.php?rest_route=\/wp\/v2\/pages\/945\/revisions"}],"predecessor-version":[{"id":949,"href":"https:\/\/pageperso.lis-lab.fr\/thierry.artieres\/index.php?rest_route=\/wp\/v2\/pages\/945\/revisions\/949"}],"wp:attachment":[{"href":"https:\/\/pageperso.lis-lab.fr\/thierry.artieres\/index.php?rest_route=%2Fwp%2Fv2%2Fmedia&parent=945"}],"curies":[{"name":"wp","href":"https:\/\/api.w.org\/{rel}","templated":true}]}}