{"id":844,"date":"2020-02-17T20:35:14","date_gmt":"2020-02-17T19:35:14","guid":{"rendered":"https:\/\/pageperso.lis-lab.fr\/thierry.artieres\/?page_id=844"},"modified":"2022-05-11T15:42:08","modified_gmt":"2022-05-11T13:42:08","slug":"suivre-le-master-iaaa-machine-learning-et-ai-en-option-digitale","status":"publish","type":"page","link":"https:\/\/pageperso.lis-lab.fr\/thierry.artieres\/?page_id=844","title":{"rendered":"Master IAAA ET parcours IAM de l&rsquo;option Informatique \u00e0 ECM 3A"},"content":{"rendered":"<p>Cette page concerne les \u00e9tudiant.e.s d&rsquo; l&rsquo;Ecole Centrale Marseille qui souhaitent suivre des cours de Machine Learning \u00e0 l&rsquo;ECM ou bien suivre le master Intelligence Artificielle et Apprentissage Automatique (IAAA) en parall\u00e8le de leur scolarit\u00e9 \u00e0 l&rsquo;Ecole centrale.<\/p>\n<p>Si vous n&rsquo;\u00eates pas centralien.e mais \u00eates int\u00e9ress\u00e9.e par le master IAAA et par ses th\u00e9matiques vous trouvez des renseignements utiles ici : <a href=\"https:\/\/iaaa.lis-lab.fr\/\">https:\/\/iaaa.lis-lab.fr\/<\/a><\/p>\n<hr \/>\n<p><strong>Si vous \u00eates int\u00e9ress\u00e9.e par le Machine Learning<\/strong> <strong>et la Data Science<\/strong> vous pouvez suivre l&rsquo;UE\u00a0<a class=\"wikilink1\" title=\"public:programme:2017_18:parcours_personnalise\" href=\"https:\/\/wiki.centrale-marseille.fr\/digitale\/public:programme:2017_18:parcours_personnalise#machine_learning_t_artieres\">Machine Learning<\/a>\u00a0 en temps 1 de l&rsquo;option Informatique (voir description du parcours en bas de page) et le parcours IAM (voir descriptif en bas de page) ou une de ses variantes.<\/p>\n<hr \/>\n<p><strong>Si vous souhaitez une sp\u00e9cialisation en Machine Learning et Intelligence Artificielle<\/strong> vous avez la possibilit\u00e9 de suivre\u00a0le\u00a0<a class=\"urlextern\" title=\"https:\/\/iaaa.lis-lab.fr\" href=\"https:\/\/iaaa.lis-lab.fr\/\" rel=\"nofollow\">Master IAAA<\/a> en parall\u00e8le du parcours IAM de l&rsquo;option Informatique, c&rsquo;est le parcours IAM+IAAA, ce qui revient \u00e0:<\/p>\n<ul>\n<li>Suivre l&rsquo;UE <a class=\"wikilink1\" title=\"public:programme:2017_18:parcours_personnalise\" href=\"https:\/\/wiki.centrale-marseille.fr\/digitale\/public:programme:2017_18:parcours_personnalise#machine_learning_t_artieres\">Machine Learning<\/a>\u00a0en temps 1 (avec quelques modifications voir d\u00e9tails ci-dessous)<\/li>\n<li>Suivre les options du master IAAA pendant le temps 2<\/li>\n<li>Suivre l&rsquo;UE IAMLE du parcours IAM de l&rsquo;option Informatique ou une autre UE de votre choix\u00a0 au temps 3.<\/li>\n<\/ul>\n<p><strong>Pour plus d&rsquo;informations<\/strong> sur le suivi du master IAAA en parall\u00e8le du parcours IAM en 3\u00e8me ann\u00e9e \u00e0 l&rsquo;Ecole Centrale Marseille:<\/p>\n<ul>\n<li>Vous trouverez des informations compl\u00e9mentaires sur l&rsquo;organisation de l&rsquo;ann\u00e9e et les enseignements \u00e0 suivre sur le site du master IAAA : [<a href=\"https:\/\/iaaa.lis-lab.fr\/?page_id=611\">https:\/\/iaaa.lis-lab.fr\/?page_id=611<\/a>]<\/li>\n<li>Vous pouvez contacter les 15 \u00e0 20 \u00e9tudiants centraliens par an des promos pr\u00e9c\u00e9dentes<\/li>\n<li>Vous pouvez me contacter<\/li>\n<\/ul>\n<p>===&gt; <strong><span style=\"color: #993300;\">Merci de me contacter si vous pensez candidater au master IAAA en parall\u00e8le de votre 3A Info (nombre de places limit\u00e9)<\/span> <\/strong>&lt;===<\/p>\n<hr \/>\n<p><strong>Documents d&rsquo;informations<\/strong><\/p>\n<p>Ci-dessous une description du parcours IAM ainsi que les slides de pr\u00e9sentation projet\u00e9s le 10 Mai 2022.\u00a0<\/p>\n<p>Le site du M2 IAAA : <a href=\"http:\/\/iaaa.lis-lab.fr\">iaaa.lis-lab.fr<\/a><\/p>\n\n\n<div data-wp-interactive=\"core\/file\" class=\"wp-block-file\"><object data-wp-bind--hidden=\"!state.hasPdfPreview\" hidden class=\"wp-block-file__embed\" data=\"https:\/\/pageperso.lis-lab.fr\/thierry.artieres\/wp-content\/uploads\/2022\/05\/Parcours-IAM-de-lOption-Informatique-ECM3A-1.pdf\" type=\"application\/pdf\" style=\"width:100%;height:600px\" aria-label=\"Contenu embarqu\u00e9 Contenu embarqu\u00e9 Parcours-IAM-de-lOption-Informatique-ECM3A-1..\"><\/object><a id=\"wp-block-file--media-d65193b3-3787-4a5d-9434-2d37a0544a81\" href=\"https:\/\/pageperso.lis-lab.fr\/thierry.artieres\/wp-content\/uploads\/2022\/05\/Parcours-IAM-de-lOption-Informatique-ECM3A-1.pdf\">Parcours-IAM-de-lOption-Informatique-ECM3A-1<\/a><a href=\"https:\/\/pageperso.lis-lab.fr\/thierry.artieres\/wp-content\/uploads\/2022\/05\/Parcours-IAM-de-lOption-Informatique-ECM3A-1.pdf\" class=\"wp-block-file__button\" download aria-describedby=\"wp-block-file--media-d65193b3-3787-4a5d-9434-2d37a0544a81\">T\u00e9l\u00e9charger<\/a><\/div>\n\n\n\n<div data-wp-interactive=\"core\/file\" class=\"wp-block-file\"><object data-wp-bind--hidden=\"!state.hasPdfPreview\" hidden class=\"wp-block-file__embed\" data=\"https:\/\/pageperso.lis-lab.fr\/thierry.artieres\/wp-content\/uploads\/2022\/05\/Slides_ParcoursIAM_OptionInformatique-2.pdf\" type=\"application\/pdf\" style=\"width:100%;height:600px\" aria-label=\"Contenu embarqu\u00e9 Contenu embarqu\u00e9 Slides_ParcoursIAM_OptionInformatique-2..\"><\/object><a id=\"wp-block-file--media-cdab58db-7256-4bf3-a991-4a07a5df3806\" href=\"https:\/\/pageperso.lis-lab.fr\/thierry.artieres\/wp-content\/uploads\/2022\/05\/Slides_ParcoursIAM_OptionInformatique-2.pdf\">Slides_ParcoursIAM_OptionInformatique-2<\/a><a href=\"https:\/\/pageperso.lis-lab.fr\/thierry.artieres\/wp-content\/uploads\/2022\/05\/Slides_ParcoursIAM_OptionInformatique-2.pdf\" class=\"wp-block-file__button\" download aria-describedby=\"wp-block-file--media-cdab58db-7256-4bf3-a991-4a07a5df3806\">T\u00e9l\u00e9charger<\/a><\/div>\n","protected":false},"excerpt":{"rendered":"<p>Cette page concerne les \u00e9tudiant.e.s d&rsquo; l&rsquo;Ecole Centrale Marseille qui souhaitent suivre des cours de Machine Learning \u00e0 l&rsquo;ECM ou bien suivre le master Intelligence Artificielle et Apprentissage Automatique (IAAA) en parall\u00e8le de leur scolarit\u00e9 \u00e0 l&rsquo;Ecole centrale. Si vous n&rsquo;\u00eates pas centralien.e mais \u00eates int\u00e9ress\u00e9.e par le master IAAA et par ses th\u00e9matiques vous&hellip;<\/p>\n","protected":false},"author":2,"featured_media":0,"parent":0,"menu_order":0,"comment_status":"closed","ping_status":"closed","template":"","meta":{"footnotes":""},"class_list":["post-844","page","type-page","status-publish","hentry"],"_links":{"self":[{"href":"https:\/\/pageperso.lis-lab.fr\/thierry.artieres\/index.php?rest_route=\/wp\/v2\/pages\/844","targetHints":{"allow":["GET"]}}],"collection":[{"href":"https:\/\/pageperso.lis-lab.fr\/thierry.artieres\/index.php?rest_route=\/wp\/v2\/pages"}],"about":[{"href":"https:\/\/pageperso.lis-lab.fr\/thierry.artieres\/index.php?rest_route=\/wp\/v2\/types\/page"}],"author":[{"embeddable":true,"href":"https:\/\/pageperso.lis-lab.fr\/thierry.artieres\/index.php?rest_route=\/wp\/v2\/users\/2"}],"replies":[{"embeddable":true,"href":"https:\/\/pageperso.lis-lab.fr\/thierry.artieres\/index.php?rest_route=%2Fwp%2Fv2%2Fcomments&post=844"}],"version-history":[{"count":14,"href":"https:\/\/pageperso.lis-lab.fr\/thierry.artieres\/index.php?rest_route=\/wp\/v2\/pages\/844\/revisions"}],"predecessor-version":[{"id":1130,"href":"https:\/\/pageperso.lis-lab.fr\/thierry.artieres\/index.php?rest_route=\/wp\/v2\/pages\/844\/revisions\/1130"}],"wp:attachment":[{"href":"https:\/\/pageperso.lis-lab.fr\/thierry.artieres\/index.php?rest_route=%2Fwp%2Fv2%2Fmedia&parent=844"}],"curies":[{"name":"wp","href":"https:\/\/api.w.org\/{rel}","templated":true}]}}