{"id":596,"date":"2019-03-08T15:46:10","date_gmt":"2019-03-08T14:46:10","guid":{"rendered":"https:\/\/pageperso.lis-lab.fr\/thierry.artieres\/?page_id=596"},"modified":"2019-04-22T21:57:14","modified_gmt":"2019-04-22T19:57:14","slug":"reseaux-de-neurones-ecm-2a-sisn","status":"publish","type":"page","link":"https:\/\/pageperso.lis-lab.fr\/thierry.artieres\/?page_id=596","title":{"rendered":"R\u00e9seaux de neurones (ECM 2A SISN)"},"content":{"rendered":"<h1>Cours de r\u00e9seaux de neurones<\/h1>\n<p>&nbsp;<\/p>\n<ul>\n<li>Cours 1 <a href=\"https:\/\/pageperso.lis-lab.fr\/thierry.artieres\/wp-content\/uploads\/2019\/03\/DL_Part1.pdf\">[Slides]<\/a><\/li>\n<li>Cours 2\u00a0[<a href=\"https:\/\/pageperso.lis-lab.fr\/thierry.artieres\/wp-content\/uploads\/2019\/03\/DL_Part2.pdf\">Slides<\/a>]<\/li>\n<li>TP 1\u00a0\u00a0[<a href=\"https:\/\/drive.google.com\/file\/d\/1cXEOHnBCw2KPrc0B2yGIipVmy5dlLatL\/view?usp=sharing\">Notebook colab<\/a>]<\/li>\n<li>TP2 [<a href=\"https:\/\/drive.google.com\/file\/d\/1t6qQntu5ENBmzkwDab8wVwYs0vMTVkjH\/view?usp=sharing\">Notebook colab<\/a>]<\/li>\n<li>Cours 3 [<a href=\"https:\/\/pageperso.lis-lab.fr\/thierry.artieres\/wp-content\/uploads\/2019\/04\/DL_Part5.pdf\">Slides<\/a>]<\/li>\n<li>TP3 [<a href=\"https:\/\/drive.google.com\/file\/d\/1WCBqcCI-kodzfFvvj2bba21qW9r0xGBY\/view?usp=sharing\">Notebook colab<\/a>]<\/li>\n<\/ul>\n<p>&nbsp;<\/p>\n<hr \/>\n<ul>\n<li><em><strong>Commandes<\/strong> <strong>utiles<\/strong><\/em> sur google colab [<a href=\"https:\/\/colab.research.google.com\/drive\/1MKBeAwFfZfTfSzEyzlevMyDcXnmwwMGt\">Notebook<\/a>] vous permettant\n<ul>\n<li>Association du notebook colab avec votre drive<\/li>\n<li>Chargement de donn\u00e9es csv<\/li>\n<li>Calcul des classes pr\u00e9dites par un mod\u00e8les<\/li>\n<li>Sauvegarde des pr\u00e9diction pour soumission sur Kaggle<\/li>\n<li>Affichage des donn\u00e9es MNIST<\/li>\n<\/ul>\n<\/li>\n<\/ul>\n","protected":false},"excerpt":{"rendered":"<p>Cours de r\u00e9seaux de neurones &nbsp; Cours 1 [Slides] Cours 2\u00a0[Slides] TP 1\u00a0\u00a0[Notebook colab] TP2 [Notebook colab] Cours 3 [Slides] TP3 [Notebook colab] &nbsp; Commandes utiles sur google colab [Notebook] vous permettant Association du notebook colab avec votre drive Chargement de donn\u00e9es csv Calcul des classes pr\u00e9dites par un mod\u00e8les Sauvegarde des pr\u00e9diction pour soumission&hellip;<\/p>\n","protected":false},"author":2,"featured_media":0,"parent":0,"menu_order":0,"comment_status":"closed","ping_status":"closed","template":"","meta":{"footnotes":""},"class_list":["post-596","page","type-page","status-publish","hentry"],"_links":{"self":[{"href":"https:\/\/pageperso.lis-lab.fr\/thierry.artieres\/index.php?rest_route=\/wp\/v2\/pages\/596","targetHints":{"allow":["GET"]}}],"collection":[{"href":"https:\/\/pageperso.lis-lab.fr\/thierry.artieres\/index.php?rest_route=\/wp\/v2\/pages"}],"about":[{"href":"https:\/\/pageperso.lis-lab.fr\/thierry.artieres\/index.php?rest_route=\/wp\/v2\/types\/page"}],"author":[{"embeddable":true,"href":"https:\/\/pageperso.lis-lab.fr\/thierry.artieres\/index.php?rest_route=\/wp\/v2\/users\/2"}],"replies":[{"embeddable":true,"href":"https:\/\/pageperso.lis-lab.fr\/thierry.artieres\/index.php?rest_route=%2Fwp%2Fv2%2Fcomments&post=596"}],"version-history":[{"count":11,"href":"https:\/\/pageperso.lis-lab.fr\/thierry.artieres\/index.php?rest_route=\/wp\/v2\/pages\/596\/revisions"}],"predecessor-version":[{"id":635,"href":"https:\/\/pageperso.lis-lab.fr\/thierry.artieres\/index.php?rest_route=\/wp\/v2\/pages\/596\/revisions\/635"}],"wp:attachment":[{"href":"https:\/\/pageperso.lis-lab.fr\/thierry.artieres\/index.php?rest_route=%2Fwp%2Fv2%2Fmedia&parent=596"}],"curies":[{"name":"wp","href":"https:\/\/api.w.org\/{rel}","templated":true}]}}