{"id":491,"date":"2018-11-11T18:22:03","date_gmt":"2018-11-11T17:22:03","guid":{"rendered":"https:\/\/pageperso.lis-lab.fr\/thierry.artieres\/?page_id=491"},"modified":"2019-11-28T13:58:41","modified_gmt":"2019-11-28T12:58:41","slug":"edt-ia","status":"publish","type":"page","link":"https:\/\/pageperso.lis-lab.fr\/thierry.artieres\/?page_id=491","title":{"rendered":"EDT UE IA"},"content":{"rendered":"<h3 style=\"text-align: center;\">EDT (pr\u00e9visionnel) de l&rsquo;option pour les \u00e9tudiants centraliens de DIGITALE<\/h3>\n<p>Le module est compos\u00e9 de 4 cours<\/p>\n<ul>\n<li>Apprentissage par renforcement (RL) avec Emmanuel Dauc\u00e9<\/li>\n<li>Apprentissage profond et r\u00e9seaux de neurones (Deep Learning) avec Thierry Arti\u00e8res<\/li>\n<li>Recherche d&rsquo;information et classification d&rsquo;images (Computer Vision) avec Ronan Sicre<\/li>\n<li>IA dans l&rsquo;industrie par Mathieu Morey (Datactivist) et Thomas Peel (Euranova)<\/li>\n<\/ul>\n<p>Voir<\/p>\n<ul>\n<li>Le<a href=\"https:\/\/docs.google.com\/spreadsheets\/d\/1HK7pEngofjG1Hg1zb9hZ_om8vZv8r8WPKzF-FJjQ4-g\/edit?usp=sharing\"> calendrier de l&rsquo;UE DIGITALE<\/a>\u00a0pour les jours et cr\u00e9neaux horaires<\/li>\n<li>Sonate pour les salles r\u00e9serv\u00e9es pour l&rsquo;ensemble de ces cours<\/li>\n<\/ul>\n<p>&nbsp;<\/p>\n<hr \/>\n<p>&nbsp;<\/p>\n<p>&nbsp;<\/p>\n","protected":false},"excerpt":{"rendered":"<p>EDT (pr\u00e9visionnel) de l&rsquo;option pour les \u00e9tudiants centraliens de DIGITALE Le module est compos\u00e9 de 4 cours Apprentissage par renforcement (RL) avec Emmanuel Dauc\u00e9 Apprentissage profond et r\u00e9seaux de neurones (Deep Learning) avec Thierry Arti\u00e8res Recherche d&rsquo;information et classification d&rsquo;images (Computer Vision) avec Ronan Sicre IA dans l&rsquo;industrie par Mathieu Morey (Datactivist) et Thomas Peel&hellip;<\/p>\n","protected":false},"author":2,"featured_media":0,"parent":0,"menu_order":0,"comment_status":"closed","ping_status":"closed","template":"","meta":{"footnotes":""},"class_list":["post-491","page","type-page","status-publish","hentry"],"_links":{"self":[{"href":"https:\/\/pageperso.lis-lab.fr\/thierry.artieres\/index.php?rest_route=\/wp\/v2\/pages\/491","targetHints":{"allow":["GET"]}}],"collection":[{"href":"https:\/\/pageperso.lis-lab.fr\/thierry.artieres\/index.php?rest_route=\/wp\/v2\/pages"}],"about":[{"href":"https:\/\/pageperso.lis-lab.fr\/thierry.artieres\/index.php?rest_route=\/wp\/v2\/types\/page"}],"author":[{"embeddable":true,"href":"https:\/\/pageperso.lis-lab.fr\/thierry.artieres\/index.php?rest_route=\/wp\/v2\/users\/2"}],"replies":[{"embeddable":true,"href":"https:\/\/pageperso.lis-lab.fr\/thierry.artieres\/index.php?rest_route=%2Fwp%2Fv2%2Fcomments&post=491"}],"version-history":[{"count":8,"href":"https:\/\/pageperso.lis-lab.fr\/thierry.artieres\/index.php?rest_route=\/wp\/v2\/pages\/491\/revisions"}],"predecessor-version":[{"id":828,"href":"https:\/\/pageperso.lis-lab.fr\/thierry.artieres\/index.php?rest_route=\/wp\/v2\/pages\/491\/revisions\/828"}],"wp:attachment":[{"href":"https:\/\/pageperso.lis-lab.fr\/thierry.artieres\/index.php?rest_route=%2Fwp%2Fv2%2Fmedia&parent=491"}],"curies":[{"name":"wp","href":"https:\/\/api.w.org\/{rel}","templated":true}]}}