{"id":326,"date":"2018-09-09T15:46:15","date_gmt":"2018-09-09T13:46:15","guid":{"rendered":"https:\/\/pageperso.lis-lab.fr\/thierry.artieres\/?page_id=326"},"modified":"2019-09-13T14:01:06","modified_gmt":"2019-09-13T12:01:06","slug":"326-2","status":"publish","type":"page","link":"https:\/\/pageperso.lis-lab.fr\/thierry.artieres\/?page_id=326","title":{"rendered":"EDT UE Machine Learning de l&rsquo;option DIGITALE avec ou sans suivi du master IAAA"},"content":{"rendered":"<h3 style=\"text-align: center;\">EDT de l&rsquo;option pour les \u00e9tudiants centraliens de DIGITALE<\/h3>\n<p>&nbsp;<\/p>\n<p style=\"text-align: center;\"><div align=\"center\"><iframe loading=\"lazy\" src=\"https:\/\/calendar.google.com\/calendar\/embed?src=mn2un4ci9uu2058eqg1nupqni0%40group.calendar.google.com&ctz=Europe%2FParis&src=9ig9t94qoebi4difqhb7ivi22k%40group.calendar.google.com&ctz=Europe%2FParis&onm7lm9st77ds0df005v1mv45c%40group.calendar.google.com&ctz=Europe%2FParis&gjr8k7mromvgcji2pnf2qatvkk%40group.calendar.google.com&ctz=Europe%2FParis&src=gjr8k7mromvgcji2pnf2qatvkk%40group.calendar.google.com&ctz=Europe%2FParis&src=onm7lm9st77ds0df005v1mv45c%40group.calendar.google.com&ctz=Europe%2FParis\" style=\"border: 0\" width=\"800\" height=\"600\" frameborder=\"0\" scrolling=\"no\"><\/iframe><\/div><\/p>\n<p>&nbsp;<\/p>\n<p>&nbsp;<\/p>\n<hr \/>\n<h3 style=\"text-align: center;\">EDT pour les \u00e9tudiants centraliens de DIGITALE suivant le master IAAA en parall\u00e8le et l&rsquo;option ML<\/h3>\n<p>&nbsp;<\/p>\n<p style=\"text-align: center;\">Voir le <a href=\"https:\/\/iaaa.lis-lab.fr\/?page_id=86\">site du master IAAA<\/a><\/p>\n<p>&nbsp;<\/p>\n<p>&nbsp;<\/p>\n<hr \/>\n<h3 style=\"text-align: center;\">EDT pour les \u00e9tudiants suivant le master IAAA uniquement<\/h3>\n<p>&nbsp;<\/p>\n<p style=\"text-align: center;\">Voir le <a href=\"https:\/\/iaaa.lis-lab.fr\/?page_id=86\">site du master IAAA<\/a><\/p>\n<p>&nbsp;<\/p>\n<p>&nbsp;<\/p>\n<hr \/>\n<p>&nbsp;<\/p>\n<p>&nbsp;<\/p>\n","protected":false},"excerpt":{"rendered":"<p>EDT de l&rsquo;option pour les \u00e9tudiants centraliens de DIGITALE &nbsp; &nbsp; &nbsp; EDT pour les \u00e9tudiants centraliens de DIGITALE suivant le master IAAA en parall\u00e8le et l&rsquo;option ML &nbsp; Voir le site du master IAAA &nbsp; &nbsp; EDT pour les \u00e9tudiants suivant le master IAAA uniquement &nbsp; Voir le site du master IAAA &nbsp; &nbsp;&hellip;<\/p>\n","protected":false},"author":2,"featured_media":0,"parent":0,"menu_order":0,"comment_status":"closed","ping_status":"closed","template":"","meta":{"footnotes":""},"class_list":["post-326","page","type-page","status-publish","hentry"],"_links":{"self":[{"href":"https:\/\/pageperso.lis-lab.fr\/thierry.artieres\/index.php?rest_route=\/wp\/v2\/pages\/326","targetHints":{"allow":["GET"]}}],"collection":[{"href":"https:\/\/pageperso.lis-lab.fr\/thierry.artieres\/index.php?rest_route=\/wp\/v2\/pages"}],"about":[{"href":"https:\/\/pageperso.lis-lab.fr\/thierry.artieres\/index.php?rest_route=\/wp\/v2\/types\/page"}],"author":[{"embeddable":true,"href":"https:\/\/pageperso.lis-lab.fr\/thierry.artieres\/index.php?rest_route=\/wp\/v2\/users\/2"}],"replies":[{"embeddable":true,"href":"https:\/\/pageperso.lis-lab.fr\/thierry.artieres\/index.php?rest_route=%2Fwp%2Fv2%2Fcomments&post=326"}],"version-history":[{"count":9,"href":"https:\/\/pageperso.lis-lab.fr\/thierry.artieres\/index.php?rest_route=\/wp\/v2\/pages\/326\/revisions"}],"predecessor-version":[{"id":915,"href":"https:\/\/pageperso.lis-lab.fr\/thierry.artieres\/index.php?rest_route=\/wp\/v2\/pages\/326\/revisions\/915"}],"wp:attachment":[{"href":"https:\/\/pageperso.lis-lab.fr\/thierry.artieres\/index.php?rest_route=%2Fwp%2Fv2%2Fmedia&parent=326"}],"curies":[{"name":"wp","href":"https:\/\/api.w.org\/{rel}","templated":true}]}}