{"id":2,"date":"2018-04-26T16:53:08","date_gmt":"2018-04-26T14:53:08","guid":{"rendered":"https:\/\/pageperso.lis-lab.fr\/thierry.artieres\/?page_id=2"},"modified":"2022-09-26T15:24:30","modified_gmt":"2022-09-26T13:24:30","slug":"page-d-exemple","status":"publish","type":"page","link":"https:\/\/pageperso.lis-lab.fr\/thierry.artieres\/?page_id=2","title":{"rendered":"About me"},"content":{"rendered":"\n<h2 class=\"wp-block-heading\">&nbsp;<\/h2>\n\n\n\n<p class=\"has-text-align-center\"><span class=\"s1\">&nbsp;<\/span><a href=\"http:\/\/scholar.google.fr\/citations?user=UeY4XiAAAAAJ&amp;hl=fr&amp;oi=ao\"><span class=\"s1\">Google profile<\/span><\/a><span class=\"s1\"> | <a href=\"https:\/\/www.researchgate.net\/profile\/Thierry_Artieres\">Research Gate&nbsp;<\/a>&nbsp;|&nbsp;<\/span><span class=\"s1\"><a href=\"http:\/\/orcid.org\/0000-0003-3696-0321\">Orcid<\/a><\/span><\/p>\n\n\n\n<p class=\"has-text-align-center\"><a href=\"https:\/\/pageperso.lis-lab.fr\/thierry.artieres\/?attachment_id=682\" rel=\"attachment wp-att-682\">Curriculum Vitae<\/a><\/p>\n\n\n\n<hr class=\"wp-block-separator has-css-opacity\"\/>\n\n\n\n<p>Professeur \u00e0 <a href=\"https:\/\/www.centrale-marseille.fr\/\">l&rsquo;Ecole Centrale Marseille<\/a><\/p>\n\n\n\n<ul class=\"wp-block-list\"><li>Responsable th\u00e9matique pour l&rsquo;Informatique<\/li><li>Membre du conseil scientifique de l&rsquo;ECM<\/li><li>Responsable du parcours de 3\u00e8me ann\u00e9e Intelligence Artificielle et apprentissage Machine (IAM) \u00e0 l&rsquo;ECM <\/li><\/ul>\n\n\n\n<hr class=\"wp-block-separator has-css-opacity\"\/>\n\n\n\n<p>Chercheur au <a href=\"http:\/\/www.lis-lab.fr\/\">LIS<\/a>&nbsp;(UMR 7020) \u00e0 Aix-Marseille Universit\u00e9<\/p>\n\n\n\n<ul class=\"wp-block-list\"><li>Co-responsable de l&rsquo;\u00e9quipe <a href=\"https:\/\/qarma.lis-lab.fr\/\">QARMA<\/a> avec C\u00e9cile Capponi<\/li><\/ul>\n\n\n\n<p><\/p>\n\n\n\n<ul class=\"wp-block-list\"><li>Membre du <a href=\"http:\/\/www.lis-lab.fr\/recherche\/science-des-donnees\/\">P\u00f4le Science des Donn\u00e9es<\/a><\/li><li>Membre de la&nbsp;Soci\u00e9t\u00e9 Savante Francophone d&rsquo;Apprentissage Machine (<a href=\"http:\/\/ssfam.org\/\">SSFAM)<\/a><\/li><\/ul>\n\n\n\n<hr class=\"wp-block-separator has-css-opacity\"\/>\n\n\n\n<p>Au sein de l&rsquo;Institut Convergence Langage Communication et Cerveau (<a href=\"http:\/\/www.blri.fr\/\">ILCB<\/a>)<\/p>\n\n\n\n<ul class=\"wp-block-list\"><li>Membre du comit\u00e9 de pilotage de l&rsquo;ILCB<\/li><li>Responsable de la question transverse sur Apprentissage Automatique et Deep Learning<\/li><\/ul>\n\n\n\n<hr class=\"wp-block-separator has-css-opacity\"\/>\n\n\n\n<p>Membre du <a href=\"http:\/\/csins2i.irisa.fr\/\">conseil scientifique de l&rsquo;INS2I<\/a> (<span id=\"l8217Institut_des_Sciences_de_l8217Information_et_de_leurs_Interactions_dunbspCNRS\">Institut des Sciences de l\u2019Information et de leurs Interactions du&nbsp;<a title=\"\" href=\"http:\/\/www.cnrs.fr\/\" rel=\"nofollow\">CNRS<\/a>)<\/span><\/p>\n\n\n\n<hr class=\"wp-block-separator has-css-opacity\"\/>\n\n\n\n<p>Responsable du <a href=\"https:\/\/iaaa.lis-lab.fr\/\">parcours de master IAAA dans la mention Informatique \u00e0 Aix Marseille Universit\u00e9<\/a><\/p>\n\n\n\n<hr class=\"wp-block-separator has-css-opacity\"\/>\n\n\n\n<p>Contact email :&nbsp;&nbsp;thierry dot artieres at lis-lab dot fr<\/p>\n","protected":false},"excerpt":{"rendered":"<p>&nbsp; &nbsp;Google profile | Research Gate&nbsp;&nbsp;|&nbsp;Orcid Curriculum Vitae Professeur \u00e0 l&rsquo;Ecole Centrale Marseille Responsable th\u00e9matique pour l&rsquo;Informatique Membre du conseil scientifique de l&rsquo;ECM Responsable du parcours de 3\u00e8me ann\u00e9e Intelligence Artificielle et apprentissage Machine (IAM) \u00e0 l&rsquo;ECM Chercheur au LIS&nbsp;(UMR 7020) \u00e0 Aix-Marseille Universit\u00e9 Co-responsable de l&rsquo;\u00e9quipe QARMA avec C\u00e9cile Capponi Membre du P\u00f4le Science&hellip;<\/p>\n","protected":false},"author":1000,"featured_media":0,"parent":0,"menu_order":1,"comment_status":"closed","ping_status":"open","template":"","meta":{"footnotes":""},"class_list":["post-2","page","type-page","status-publish","hentry"],"_links":{"self":[{"href":"https:\/\/pageperso.lis-lab.fr\/thierry.artieres\/index.php?rest_route=\/wp\/v2\/pages\/2","targetHints":{"allow":["GET"]}}],"collection":[{"href":"https:\/\/pageperso.lis-lab.fr\/thierry.artieres\/index.php?rest_route=\/wp\/v2\/pages"}],"about":[{"href":"https:\/\/pageperso.lis-lab.fr\/thierry.artieres\/index.php?rest_route=\/wp\/v2\/types\/page"}],"author":[{"embeddable":true,"href":"https:\/\/pageperso.lis-lab.fr\/thierry.artieres\/index.php?rest_route=\/wp\/v2\/users\/1000"}],"replies":[{"embeddable":true,"href":"https:\/\/pageperso.lis-lab.fr\/thierry.artieres\/index.php?rest_route=%2Fwp%2Fv2%2Fcomments&post=2"}],"version-history":[{"count":38,"href":"https:\/\/pageperso.lis-lab.fr\/thierry.artieres\/index.php?rest_route=\/wp\/v2\/pages\/2\/revisions"}],"predecessor-version":[{"id":1151,"href":"https:\/\/pageperso.lis-lab.fr\/thierry.artieres\/index.php?rest_route=\/wp\/v2\/pages\/2\/revisions\/1151"}],"wp:attachment":[{"href":"https:\/\/pageperso.lis-lab.fr\/thierry.artieres\/index.php?rest_route=%2Fwp%2Fv2%2Fmedia&parent=2"}],"curies":[{"name":"wp","href":"https:\/\/api.w.org\/{rel}","templated":true}]}}