{"id":1063,"date":"2021-09-15T08:49:15","date_gmt":"2021-09-15T06:49:15","guid":{"rendered":"https:\/\/pageperso.lis-lab.fr\/thierry.artieres\/?page_id=1063"},"modified":"2021-09-15T08:49:15","modified_gmt":"2021-09-15T06:49:15","slug":"cours-de-deep-learning-de-led-184","status":"publish","type":"page","link":"https:\/\/pageperso.lis-lab.fr\/thierry.artieres\/?page_id=1063","title":{"rendered":"Cours de Deep Learning de l&rsquo;ED 184"},"content":{"rendered":"<h1>Cours de deep Learning de l&rsquo;Ecole Doctorale Math\u00e9matiques et Informatique (ED 184) d&rsquo;Aix-Marseille Universit\u00e9<\/h1>\n<p>Ce cours sera disponible durant l&rsquo;ann\u00e9e 2021-2022<\/p>\n<p>Plus de d\u00e9tails \u00e0 venir<\/p>\n<p>&nbsp;<\/p>\n","protected":false},"excerpt":{"rendered":"<p>Cours de deep Learning de l&rsquo;Ecole Doctorale Math\u00e9matiques et Informatique (ED 184) d&rsquo;Aix-Marseille Universit\u00e9 Ce cours sera disponible durant l&rsquo;ann\u00e9e 2021-2022 Plus de d\u00e9tails \u00e0 venir &nbsp;<\/p>\n","protected":false},"author":2,"featured_media":0,"parent":0,"menu_order":0,"comment_status":"closed","ping_status":"closed","template":"","meta":{"footnotes":""},"class_list":["post-1063","page","type-page","status-publish","hentry"],"_links":{"self":[{"href":"https:\/\/pageperso.lis-lab.fr\/thierry.artieres\/index.php?rest_route=\/wp\/v2\/pages\/1063","targetHints":{"allow":["GET"]}}],"collection":[{"href":"https:\/\/pageperso.lis-lab.fr\/thierry.artieres\/index.php?rest_route=\/wp\/v2\/pages"}],"about":[{"href":"https:\/\/pageperso.lis-lab.fr\/thierry.artieres\/index.php?rest_route=\/wp\/v2\/types\/page"}],"author":[{"embeddable":true,"href":"https:\/\/pageperso.lis-lab.fr\/thierry.artieres\/index.php?rest_route=\/wp\/v2\/users\/2"}],"replies":[{"embeddable":true,"href":"https:\/\/pageperso.lis-lab.fr\/thierry.artieres\/index.php?rest_route=%2Fwp%2Fv2%2Fcomments&post=1063"}],"version-history":[{"count":1,"href":"https:\/\/pageperso.lis-lab.fr\/thierry.artieres\/index.php?rest_route=\/wp\/v2\/pages\/1063\/revisions"}],"predecessor-version":[{"id":1068,"href":"https:\/\/pageperso.lis-lab.fr\/thierry.artieres\/index.php?rest_route=\/wp\/v2\/pages\/1063\/revisions\/1068"}],"wp:attachment":[{"href":"https:\/\/pageperso.lis-lab.fr\/thierry.artieres\/index.php?rest_route=%2Fwp%2Fv2%2Fmedia&parent=1063"}],"curies":[{"name":"wp","href":"https:\/\/api.w.org\/{rel}","templated":true}]}}