{"id":99,"date":"2021-12-17T09:05:51","date_gmt":"2021-12-17T09:05:51","guid":{"rendered":"https:\/\/pageperso.lis-lab.fr\/magalie.ochs\/wordpress\/?page_id=99"},"modified":"2025-02-18T09:44:47","modified_gmt":"2025-02-18T09:44:47","slug":"review-activities","status":"publish","type":"page","link":"https:\/\/pageperso.lis-lab.fr\/magalie.ochs\/index.php\/review-activities\/","title":{"rendered":"Review Activities"},"content":{"rendered":"\n<p><a href=\"#projects\">Research projects<\/a>  <span style=\"color:#0071a1\" class=\"has-inline-color\">\u223e<\/span>  <a href=\"#programm\">Program committees<\/a>  <span style=\"color:#0071a1\" class=\"has-inline-color\">\u223e<\/span>  <a href=\"#journal\">Journals<\/a>  <span style=\"color:#0071a1\" class=\"has-inline-color\">\u223e<\/span>  <a href=\"#PhD\">PhD<\/a>  <span style=\"color:#0071a1\" class=\"has-inline-color\">\u223e<\/span>  <a href=\"#selection\" data-type=\"internal\" data-id=\"#selection\">Selection committees<\/a><\/p>\n\n\n\n<h3 class=\"wp-block-heading\" id=\"projects\">Review of International and National Research Projects <\/h3>\n\n\n\n<ul class=\"wp-block-list\">\n<li><em><strong>European Commission Expert<\/strong><\/em> &#8211; Review of European projects (H2020 projects)<br><br><\/li>\n\n\n\n<li>Reviews of  international research projects for the <em>Icelandic Research Fund<\/em><br><br><\/li>\n\n\n\n<li>Reviews of international research projects of the <em>Portuguese Foundation for Science and Technology<\/em><br><\/li>\n<\/ul>\n\n\n\n<ul class=\"wp-block-list\">\n<li>Member of the <strong>national scientific evaluation committee<\/strong> \u00ab Interaction, robotique \u00bb (CES 33) of the <a rel=\"noreferrer noopener\" href=\"https:\/\/anr.fr\" target=\"_blank\">ANR<\/a>  (Agence Nationale de la Recherche) <\/li>\n<\/ul>\n\n\n\n<ul class=\"wp-block-list\">\n<li>Reviews of interdisciplinary projects for the foundation  <em><a rel=\"noreferrer noopener\" href=\"https:\/\/imera.univ-amu.fr\/\" target=\"_blank\">IMERA <\/a>(Institut d&#8217;\u00e9tudes avan\u00e7\u00e9es)<\/em><\/li>\n<\/ul>\n\n\n\n<ul class=\"wp-block-list\">\n<li>Reviews of PhD projects for the <em> ARC 6 &#8211; Communaut\u00e9s de Recherche Acad\u00e9mique Rh\u00f4ne Alpes<\/em><\/li>\n<\/ul>\n\n\n\n<ul class=\"wp-block-list\">\n<li>Reviews of <a rel=\"noreferrer noopener\" href=\"https:\/\/anr.fr\" target=\"_blank\">ANR<\/a> national projects (Agence Nationale de la Recherche) <\/li>\n<\/ul>\n\n\n\n<h2 class=\"wp-block-heading\" id=\"programm\">Program committees <\/h2>\n\n\n\n<p><strong><em><strong><em>International<\/em><\/strong> conferences<\/em><\/strong><\/p>\n\n\n\n<ul class=\"wp-block-list\">\n<li>International Conference on Multimodal Interaction  (ICMI) 2023 &amp; 2024 &#8211; Senior Program Committee\/Area Chair 2023<\/li>\n\n\n\n<li>IEEE International Conf. on Advanced Learning Technologies (ICALT) 2019, 2020,  2021, 2022, 2023 and 2024<\/li>\n\n\n\n<li>Intelligent Virtual Agent (IVA) \u2013 2010, 2014, 2015, 2017,&nbsp; 2018,&nbsp; 2019, 2020, 2021, 2022, 2023 and 2024<\/li>\n\n\n\n<li>Autonomous Agents and Multiagent Systems (AAMAS) \u2013 2012, 2011, 2017 (senior program committee) and 2019<\/li>\n\n\n\n<li>Joint Conference on Artificial Intelligence (IJCAI),&nbsp;2016<\/li>\n\n\n\n<li>International Conference on Language Resources and Evaluation LREC 2020 and 2021<\/li>\n\n\n\n<li>Affective Computing and Intelligent Interaction Conference (ACII)&nbsp; 2012, 2011, 2015, 2017 and 2024<\/li>\n\n\n\n<li>Intelligent Technologies for Interactive Entertainment (INTETAIN) &#8211; 2014<\/li>\n\n\n\n<li>MMSym 2014 (2nd European and 5th Nordic Symposium on Multimodal Communication)<\/li>\n\n\n\n<li>Interfaces and Human Computer Interaction (IHCI) &#8211; 2010<\/li>\n<\/ul>\n\n\n\n<p><strong><em>International workshops<\/em><\/strong><\/p>\n\n\n\n<ul class=\"wp-block-list\">\n<li>Workshop SEAIxI-2019: International Workshop on Social and Emotion AI for Industry<\/li>\n\n\n\n<li>EmotionAware &#8211; Workshop on emotion awareness for pervasive computing with mobile and wearable devices, IEEE International Conference on Pervasive Computing and Communications (PerCom), 2017<\/li>\n\n\n\n<li>ESSEM (Emotion and Sentiment in Social and Expressive Media), un workshop ACII &nbsp;(Affective Computing and Intelligent Interaction Conference) 2017<\/li>\n\n\n\n<li>Digital Games for Empowerment and Inclusion (IDGEI) &#8211; 2014<\/li>\n\n\n\n<li>Multimodal Social Signals of conflict and negotiation in humans, animals, and machines &#8211; 2013<\/li>\n\n\n\n<li>CaSA &#8211; Computers as Social Agents (Intelligent Virtual Agent Conference) &#8211; 2013<\/li>\n\n\n\n<li>IEEE Affective Computational Intelligence (WACI) at IEEE SSCI &#8211; 2013<\/li>\n\n\n\n<li>Empathic Computing (IWEC) &#8211; 2012<\/li>\n\n\n\n<li>Emotional and Empathic Agents (AAMAS Conference) &#8211; 2009 et 2012<\/li>\n\n\n\n<li>Non-verbal communication (International Conference on Computational Linguistics &#8211; COLING) &#8211; 2010<\/li>\n\n\n\n<li>Social and Emotional Intelligence in Learning Environment (Intelligent Tutoring Systems Conference &#8211; ITS) &#8211; 2004<\/li>\n<\/ul>\n\n\n\n<p><strong>National <em>conferences and workshops<\/em><\/strong><\/p>\n\n\n\n<p><\/p>\n\n\n\n<ul class=\"wp-block-list\">\n<li>Conf\u00e9rence nationale sur le Traitement Automatique du Langage Naturel (TALN) 2022 &nbsp;(Meta-relectrice).<\/li>\n\n\n\n<li>Conf\u00e9rence nationale sur le Traitement Automatique du Langage Naturel (TALN) 2021 &nbsp;(responsable de domaine, <em>Area chair<\/em>).<\/li>\n\n\n\n<li>Conf\u00e9rence en Recherche d&#8217;Information et Applications (CORIA), 2019<\/li>\n\n\n\n<li>RJCIA 2017 (15\u00e8mes Rencontres des Jeunes Chercheurs en Intelligence Artificielle)<\/li>\n\n\n\n<li>Conf\u00e9rence francophone sur l&#8217;Interaction Homme-Machine (IHM) &#8211; nov. 2013<\/li>\n\n\n\n<li>Conf\u00e9rence III-Intercomp\u00e9hension de l&#8217;intrasp\u00e9cifique \u00e0 l&#8217;intersp\u00e9cifique \u2013 oct. 2013&nbsp;<\/li>\n\n\n\n<li>Conf\u00e9rence nationale sur les Mod\u00e8les Formels de l&#8217;Interaction (MFI) 2013<\/li>\n\n\n\n<li>Workshop interdisciplinaire \u00abDr\u00f4les d&#8217;objets\u00bb 2021, 2023<\/li>\n\n\n\n<li>Workshop francophone \u00ab&nbsp;Affect, Compagnon Artificiel, Interaction (WACAI)&nbsp;\u00bb 2012, 2016, &nbsp;2017, 2018, 2020 et 2021<\/li>\n<\/ul>\n\n\n\n<h3 class=\"wp-block-heading\" id=\"journal\">Journal reviewer<\/h3>\n\n\n\n<ul class=\"wp-block-list\">\n<li>Computer Animation and Virtual Worlds<\/li>\n\n\n\n<li> Autonomous Robot (AURO)<\/li>\n\n\n\n<li>IEEE&#8217;s Transactions on Affective Computing<\/li>\n\n\n\n<li>Autonomous Agents and Multi-Agent System (JAAMAS)<\/li>\n\n\n\n<li>Journal of Artificial Intelligence Research (JAIR),<\/li>\n\n\n\n<li>International Journal of Human-Computer Studies (IJHCS),<\/li>\n\n\n\n<li>IEEE Computer Graphics and Applications<\/li>\n\n\n\n<li>ACM Transactions on Internet Technology (TOIT)<\/li>\n\n\n\n<li>Frontiers in Psychology, section human-Media Interaction (<em>review editor<\/em>)<\/li>\n<\/ul>\n\n\n\n<h3 class=\"wp-block-heading\" id=\"PhD\">PhD Jurys<\/h3>\n\n\n\n<p><\/p>\n\n\n\n<ul class=\"wp-block-list\">\n<li><em>Co-speech gesture synthesis: towards a controllable and interpretable model using a graph deterministic approach<\/em>, en Informatique de Louis Sebastien Abel, Universit\u00e9 de Lorraine, Examinatrice<\/li>\n<\/ul>\n\n\n\n<p><\/p>\n\n\n\n<ul class=\"wp-block-list\">\n<li><em>Gestion de l\u2019attention multi-parties pour un agent conversationnel incarn\u00e9<\/em>. de L\u00e9a Haefflinger, Univ. Grenoble-Alpes, Examinatrice. <\/li>\n<\/ul>\n\n\n\n<p><\/p>\n\n\n\n<ul class=\"wp-block-list\">\n<li><em>Analyse, reconnaissance et synth\u00e8se des mouvements expressifs<\/em>, Th\u00e8se en Informatique de Medhi-Antoine Mafhoudi, Universit\u00e9 C. Bernard Lyon 1, Rapportrice<\/li>\n<\/ul>\n\n\n\n<p><\/p>\n\n\n\n<ul class=\"wp-block-list\">\n<li><em>\u00ab&nbsp;Qui&nbsp;\u00bb a dit \u00ab&nbsp;quoi&nbsp;\u00bb&nbsp;: effets des \u00e9motions et de l\u2019autoproduction en dialogue<\/em>. Th\u00e8se en Psychologie de Cl\u00e9o Bangoura, Universit\u00e9 de Poitiers, Dec. 2023, Examinatrice<\/li>\n<\/ul>\n\n\n\n<p><\/p>\n\n\n\n<ul class=\"wp-block-list\">\n<li><em>GRAB-HAI: Generating reciprocally adaptive behavior for human-agent interaction<\/em> &#8211; Th\u00e8se en Informatique de Jieyeon Woo, Sorbonne Universit\u00e9, ISIR, Dec 2023, Rapportrice<\/li>\n<\/ul>\n\n\n\n<p><\/p>\n\n\n\n<ul class=\"wp-block-list\">\n<li><em>The role of socio-conversational strategies in task-oriented dialogues in the case of peer-tutoring interactions: A focus on off-task talk and hedges<\/em> &#8211; Th\u00e8se en Informatique de Alafate Abulimiti, ENS\/PSL, Dec 2023, Rapportrice<\/li>\n<\/ul>\n\n\n\n<p><\/p>\n\n\n\n<ul class=\"wp-block-list\">\n<li><em>Multimodal and multiparty interactions in mixed communities<\/em> &#8211; Th\u00e8se en Informatique de Sandratra Rasendrasoa, Universit\u00e9 de Rouen, Septembre 2023, Examinatrice<\/li>\n<\/ul>\n\n\n\n<p><\/p>\n\n\n\n<ul class=\"wp-block-list\">\n<li><em>Audience Simulation and Perception in Virtual Reality<\/em> &#8211; Th\u00e8se en Informatique de Yann Glemarec, ENIB, Juillet 2023, Rapportrice<br><br><\/li>\n\n\n\n<li><em>Using Data Science to unravel the emotional body experience<\/em> &#8211; Th\u00e8se en Sciences Cognitives de Victor Brossard, SCAlab, Universit\u00e9 de Lille, D\u00e9cembre 2022, Rapportrice<br><br><\/li>\n\n\n\n<li><em>Un premier pas vers la caract\u00e9risation de l\u2019information v\u00e9hicul\u00e9e par les voix act\u00e9es<\/em> &#8211; Th\u00e8se en Informatique de Mathias Quillot, Laboratoire d&#8217;Informatique d&#8217;Avignon, 2022 &#8211; Examinatrice<\/li>\n<\/ul>\n\n\n\n<ul class=\"wp-block-list\">\n<li><em>Conception d\u2019une Patiente Virtuelle Alzheimer Interactive et Expressive : Mod\u00e9lisation de Biais d\u2019Evaluation pour la G\u00e9n\u00e9ration de Comportements Non-verbaux<\/em> &#8211; Th\u00e8se en Informatique de Amine Benamara, Universit\u00e9 Paris Saclay, juillet 2022 &#8211;  Rapportrice <br><\/li>\n<\/ul>\n\n\n\n<ul class=\"wp-block-list\">\n<li><em>Dimensions m\u00e9morielles de l&#8217;interaction \u00e9crite humain-machine: une approche cognitive par les mod\u00e8les mn\u00e9moniques pour la d\u00e9tection et la correction des incoh\u00e9rences du syst\u00e8me dans les dialogues orient\u00e9s-t\u00e2che<\/em> &#8211; Th\u00e8se en Informatique de L\u00e9on Paul Schaub, Universit\u00e9 Paris Saclay, Mars 2022, Examinatrice<br><br><\/li>\n\n\n\n<li><em>Personalising Empathic Agent Dialogue to the User<\/em> &#8211; Hedieh Ranjbartabar, PhD in Computer Science, <strong>Macquarie University- Australia<\/strong>, April 2021 &#8211; Rapportrice <br><br><\/li>\n\n\n\n<li><em>R\u00e9alisme d\u2019un personnage virtuel exprimant de la douleur. Effet d\u2019un param\u00e8tre subtil mais pas anodin : les oscillations posturales<\/em> &#8211; Thomas Treal, Th\u00e8se en Sciences du sport, de la motricit\u00e9 et du mouvement humain (SSMMH) &#8211; Universit\u00e9 Paris-Saclay &#8211; D\u00e9cembre 2021<br><br><\/li>\n\n\n\n<li><em>Synth\u00e8se audiovisuelle de la parole expressive : mod\u00e9lisation des \u00e9motions par apprentissage profond<\/em> (Universit\u00e9 de Lorraine) &#8211; Th\u00e8se en Informatique de Sara Dahmani &#8211; Nov. 2020 &#8211; <em>Rapportrice<\/em><br><br><\/li>\n\n\n\n<li><em>Conception d\u2019agents virtuels expressifs favorisant l\u2019induction d\u2019empathie chez l\u2019utilisateur<\/em> (LAMPA, SimForHealth) &#8211; Th\u00e8se en Informatique de Anne-Sophie Milcent &#8211; Nov. 2020 &#8211; <em>Rapportrice<\/em><br><br><\/li>\n\n\n\n<li><em>Vers des agents conversationnels capables de r\u00e9guler leurs \u00e9motions : un mod\u00e8le informatique des tendances \u00e0 l\u2019action<\/em> (LIMSI, Davi) &#8211; Th\u00e8se en Informatique de Alya Yacoubi &#8211; Nov. 2019 &#8211; <em>Rapportrice<\/em><br><br><\/li>\n\n\n\n<li><em>Agentivit\u00e9 conjointe lors des Interactions Humain-Machine: comment concevoir des agents plus coop\u00e9ratifs?<\/em> (Institut Nicod, CNRS-EHESS-ENS, Onera) &#8211; Th\u00e8se en Sciences Cognitives de A\u00efsha SAHA\u00cf &#8211; Juillet 2019 &#8211; <em>Rapportrice<\/em><br><br><\/li>\n\n\n\n<li><em>Vers des agents cognitifs, affectifs et sociaux dans la simulation<\/em> (LITIS) &#8211; Th\u00e8se en Informatique de Mathieu BOURGAIS &#8211; Novembre 2018 &#8211; <em>Examinatrice<\/em> <br><br><\/li>\n\n\n\n<li><em>Multimodal analysis and recognition of social signals: application to social stance generation in virtual agents <\/em>(ISIR-LTCI) &#8211; Th\u00e8se en Informatique de Thomas Janssoone \u2013 Janvier 2018 &#8211; <em>Examinatrice<\/em>  <br><br><\/li>\n\n\n\n<li><em>Reconnaissance automatique d&#8217;\u00e9motions \u00e0 partir de signaux physiologiques<\/em> &#8211; Th\u00e8se en Informatique de Wenlu YANG \u2013 Janvier 2018  &#8211; <em>Examinatrice<\/em>  <br><br><\/li>\n\n\n\n<li><em>Reconnaissance automatique des l&#8217;\u00e9motion \u00e0 partir de signaux EEG <\/em>&#8211; Th\u00e8se en Informatique de Anne-Claire Conneau &#8211; Juin 2016 &#8211; T\u00e9l\u00e9com ParisTech  &#8211; <em>Examinatrice<\/em>  <\/li>\n<\/ul>\n\n\n\n<h3 class=\"wp-block-heading\" id=\"selection\">Selection committees for associate professor positions (Ma\u00eetre.sse.s de Conf\u00e9rences)<\/h3>\n\n\n\n<p>  <em>In French<\/em> <\/p>\n\n\n\n<ul class=\"wp-block-list\">\n<li><em>2023<\/em>\n<ul class=\"wp-block-list\">\n<li>Poste de MCF \u00e0 l&#8217;IUT &#8211; Universit\u00e9 de Lyon 1 (membre externe)<\/li>\n<\/ul>\n<\/li>\n\n\n\n<li><em>2020<\/em>\n<ul class=\"wp-block-list\">\n<li>Poste de MCF au GREYC &#8211; Universit\u00e9 de Caen-Normandie (membre externe)<\/li>\n\n\n\n<li>Poste de MCF au LIS &#8211; Aix Marseille Universit\u00e9 (membre interne &#8211; vice-pr\u00e9sidente)<\/li>\n<\/ul>\n<\/li>\n\n\n\n<li><em>2019&nbsp;<\/em>\n<ul class=\"wp-block-list\">\n<li>Poste de MCF au LIS &#8211; Aix-Marseille Universit\u00e9 (membre interne)<\/li>\n<\/ul>\n<\/li>\n\n\n\n<li><em>2018&nbsp;<\/em>\n<ul class=\"wp-block-list\">\n<li>Poste de MCF \u00e0 l&#8217;ESPE &#8211; Aix-Marseille Universit\u00e9 (membre interne)<\/li>\n<\/ul>\n<\/li>\n\n\n\n<li><em>2016<\/em>\n<ul class=\"wp-block-list\">\n<li>Poste de MCF \u00e0 la FEG- Aix-Marseille Universit\u00e9 (membre interne)<\/li>\n\n\n\n<li>Poste de MCF \u00e0 l&#8217;Universit\u00e9 de Grenoble&nbsp; (membre externe)<\/li>\n<\/ul>\n<\/li>\n<\/ul>\n","protected":false},"excerpt":{"rendered":"<p>Research projects \u223e Program committees \u223e Journals \u223e PhD \u223e Selection committees Review of International and National Research Projects Program committees International conferences International workshops National conferences and workshops Journal reviewer PhD Jurys Selection committees for associate professor positions (Ma\u00eetre.sse.s de Conf\u00e9rences) In French<\/p>\n","protected":false},"author":2,"featured_media":0,"parent":0,"menu_order":0,"comment_status":"closed","ping_status":"closed","template":"","meta":{"footnotes":""},"class_list":["post-99","page","type-page","status-publish","hentry"],"_links":{"self":[{"href":"https:\/\/pageperso.lis-lab.fr\/magalie.ochs\/index.php\/wp-json\/wp\/v2\/pages\/99","targetHints":{"allow":["GET"]}}],"collection":[{"href":"https:\/\/pageperso.lis-lab.fr\/magalie.ochs\/index.php\/wp-json\/wp\/v2\/pages"}],"about":[{"href":"https:\/\/pageperso.lis-lab.fr\/magalie.ochs\/index.php\/wp-json\/wp\/v2\/types\/page"}],"author":[{"embeddable":true,"href":"https:\/\/pageperso.lis-lab.fr\/magalie.ochs\/index.php\/wp-json\/wp\/v2\/users\/2"}],"replies":[{"embeddable":true,"href":"https:\/\/pageperso.lis-lab.fr\/magalie.ochs\/index.php\/wp-json\/wp\/v2\/comments?post=99"}],"version-history":[{"count":53,"href":"https:\/\/pageperso.lis-lab.fr\/magalie.ochs\/index.php\/wp-json\/wp\/v2\/pages\/99\/revisions"}],"predecessor-version":[{"id":554,"href":"https:\/\/pageperso.lis-lab.fr\/magalie.ochs\/index.php\/wp-json\/wp\/v2\/pages\/99\/revisions\/554"}],"wp:attachment":[{"href":"https:\/\/pageperso.lis-lab.fr\/magalie.ochs\/index.php\/wp-json\/wp\/v2\/media?parent=99"}],"curies":[{"name":"wp","href":"https:\/\/api.w.org\/{rel}","templated":true}]}}