{"id":39,"date":"2021-12-14T10:08:06","date_gmt":"2021-12-14T10:08:06","guid":{"rendered":"https:\/\/pageperso.lis-lab.fr\/magalie.ochs\/wordpress\/?page_id=39"},"modified":"2025-02-21T13:56:44","modified_gmt":"2025-02-21T13:56:44","slug":"press","status":"publish","type":"page","link":"https:\/\/pageperso.lis-lab.fr\/magalie.ochs\/index.php\/press\/","title":{"rendered":"Science popularization"},"content":{"rendered":"\n<p><em>In French <\/em><\/p>\n\n\n\n<p><a href=\"#conf\">Conf\u00e9rences grand public<\/a>  <span style=\"color:#0071a1\" class=\"has-inline-color\">\u223e<\/span>  <a href=\"#promo\">Promotion des femmes en Sciences<\/a>  <span style=\"color:#0071a1\" class=\"has-inline-color\">\u223e<\/span>  <a href=\"#presse\">Presse<\/a><\/p>\n\n\n\n<h2 class=\"wp-block-heading\" id=\"conf\">Conf\u00e9rences et s\u00e9minaires grand public <\/h2>\n\n\n\n<ul class=\"wp-block-list\">\n<li><strong>Salon AIM (Artificial Intelligence Marseille)<\/strong> 2024 : Conf\u00e9rence invit\u00e9e <em>&#8220;L&#8217;Intelligence Artificielle pour combattre les in\u00e9galit\u00e9s femmes-hommes&#8221;<\/em>, 2024 <\/li>\n\n\n\n<li>Participation \u00e0 la <strong>F\u00eate de la Science \u00e0 Marseille<\/strong> : D\u00e9montrastion d&#8217;outils de formation aux comp\u00e9tences sociales avec la VR, oct. 2024. <\/li>\n\n\n\n<li>Participation au Forum <strong>Sistemic pour susciter des vocations f\u00e9minines dans la tech<\/strong> &#8211; Participation \u00e0 un table ronde sur les femmes &amp; la recherche dans la tech, mai 2024<\/li>\n\n\n\n<li><strong>Les \u00e9chapp\u00e9es inattendues du CNRS<\/strong> &#8211; Conf\u00e9rence grand public &#8211;<em> Coder et mod\u00e9liser le vivant pour humaniser les machines<\/em> &#8211; Marseille &#8211; Dec. 2023<\/li>\n\n\n\n<li>Participation au <strong>film documentaire<\/strong> \u00ab Au c\u0153ur de l&#8217;annonce \u00bb soutenu par la FEMIS (\u00c9cole nationale sup\u00e9rieure des m\u00e9tiers de l&#8217;image et du son) dans le cadre de nos travaux pour le d\u00e9veloppement d&#8217;un outil de r\u00e9alit\u00e9 virtuelle pour former les m\u00e9decins \u00e0 l&#8217;annonce d&#8217;\u00e9v\u00e8nements ind\u00e9sirables graves &#8211; Projection au cin\u00e9ma l&#8217;Artplexe \u00e0 Marseille &#8211; Diffusion <img loading=\"lazy\" decoding=\"async\" width=\"139\" height=\"27\" class=\"wp-image-474\" style=\"width: 139px;\" src=\"https:\/\/pageperso.lis-lab.fr\/magalie.ochs\/wp-content\/uploads\/2023\/10\/docu.png\" alt=\"\"><\/li>\n\n\n\n<li>Table ronde <strong>&#8220;Faim de Sciences&#8221;<\/strong> d&#8217;Aix Marseille Universit\u00e9 rediffus\u00e9e sur l&#8217;ensemble des campus \u00e0 destination de tous les \u00e9tudiant.e.s : &#8220;<em>De l&#8217;humain r\u00e9par\u00e9 \u00e0 l&#8217;humain augment\u00e9<\/em>&#8220;, Mars 2023<\/li>\n\n\n\n<li>Conf\u00e9rence grand public \u00e0 l&#8217;aquarium de Nancy dans le cadre de la conf\u00e9rence Dr\u00f4le d&#8217;Objet : &#8220;<strong>Donner corps \u00e0 l&#8217;Intelligence Artificielle : O\u00f9 en sommes-nous ? Qu&#8217;en pensez-vous ? <\/strong>&#8221; &#8211; Mai 2023<\/li>\n\n\n\n<li>Conf\u00e9rence grand public \u00e0 la biblioth\u00e8que de l&#8217;Alcazar dans le cadre du cycle de conf\u00e9rences IA@Marseille : &#8220;<strong>Peut-on avoir des robots empathiques ?<\/strong>&#8221; &#8211; mars 2023<\/li>\n\n\n\n<li>Participation \u00e0 la <strong>table ronde \u00e0 la biblioth\u00e8que de l&#8217;Alcazar &#8220;Hedy Lamarr de l&#8217;extase au wifi&#8221;<\/strong> &#8211; dans le cadre du mois du documentaire &#8211; nov. 2022<\/li>\n\n\n\n<li><strong>Conf\u00e9rence \u00e9tudiante<\/strong> (L2) &#8211; Math- Info \u00e0 Aix Marseille Universit\u00e9 : <strong>&#8220;D\u00e9couverte de la recherche&#8221;<\/strong> &#8211; L&#8217;intelligence Artificielle Socio-\u00e9motionnelle&#8221;<\/li>\n\n\n\n<li>Participation \u00e0 la <strong>Nuit europ\u00e9enne des chercheur.se.s <\/strong>2022, Marseille: &#8220;<em>Rencontre avec un robot humano\u00efde devin<\/em>&#8220;<\/li>\n\n\n\n<li>Conf\u00e9rence aux \u00ab <strong>Treize minutes de Marseille<\/strong> \u00bb (conf\u00e9rences de vulgarisation scientifique au format TED) : <em><a href=\"https:\/\/vimeo.com\/395463686\">Machines humaines<\/a><\/em>, D\u00e9cembre 2019 (800 personnes)<\/li>\n\n\n\n<li>Conf\u00e9rence dans le cadre du camps \u00ab Les cigales \u00bb : un camp math\u00e9matique pour des <strong>lyc\u00e9ennes<\/strong> : <em>Et si on programmait des \u00e9motions dans un ordinateur&nbsp;? <\/em>&nbsp;\u2013 2019<\/li>\n\n\n\n<li>Conf\u00e9rence au <strong>lyc\u00e9e<\/strong> Bosco (Marseille) : <em>Doit-on avoir peur des robots qui ont des \u00e9motions ?<\/em> &#8211;&nbsp; Janvier 2020<\/li>\n\n\n\n<li>Intervention dans les <strong>\u00e9coles maternelles<\/strong> (2 classes) avec un robot humano\u00efde pour sensibiliser les enfants \u00e0 ces technologies (Marseille) : <em>Mon robot et ses \u00e9motions, \u00e0 quoi ressemble son cerveau ?<\/em> &#8211; d\u00e9cembre 2019<\/li>\n\n\n\n<li>T\u00e9moignage dans un <strong>cycle de conf\u00e9rences grand-public<\/strong> &#8211; T\u00e9moignage publi\u00e9 dans &#8220;La Lettre d&#8217;AMU Aix-Marseille Universit\u00e9&#8221; n\u00b0 40, Avril 2016<\/li>\n\n\n\n<li><strong>Festival Sid\u00e9ration<\/strong> 2016 (festival artistique autour de performances et cr\u00e9ations inspir\u00e9es de l\u2019aventure spatiale) au CNES (Centre National d&#8217;Etudes Spatiales) : Entretien autour de &#8220;un oc\u00e9an d&#8217;affects chez les robots&#8221;<\/li>\n\n\n\n<li><strong>Conf\u00e9rence grand public \u00e0 la biblioth\u00e8que l&#8217;Alcazar<\/strong> \u00e0 Marseille dans le cadre des cycles de conf\u00e9rences &#8220;les Rencontres de l&#8217;universit\u00e9&#8221;; conf\u00e9rence intitul\u00e9e &#8220;Vers des ordinateurs dot\u00e9s d&#8217;une intelligence sociale et \u00e9motionnelle&#8221; &#8211; Janvier 2016<\/li>\n\n\n\n<li>Entretien avec David Christoffel &#8220;Conversation avec une programmatrice de robots conversationnels&#8221; publi\u00e9 dans Passage d&#8217;Encre<strong>, Revue d&#8217;art et de litt\u00e9rature et de cr\u00e9ation<\/strong>, juin 2010<\/li>\n\n\n\n<li><strong>Ateliers de d\u00e9couverte et cr\u00e9ation de jeux vid\u00e9o<\/strong> dans le coll\u00e8ge Jean Renoir \u00e0 Bondy (classe de 3\u00e8me &#8211; 16h d&#8217;intervention) &#8211; Projet de la Fondation 93, 2009-2010.<\/li>\n\n\n\n<li>D\u00e9monstration de l&#8217;agent conversationnel Greta, Atelier du futur: A l&#8217;\u00e8re des cyborgs, Conf\u00e9rence internationale de l&#8217;association HANDS ON! Europe, <strong>Association des Mus\u00e9es<\/strong> destin\u00e9s \u00e0 la jeunesse, Cit\u00e9 des Sciences et de l&#8217;Industrie, Paris, nov. 2009.<\/li>\n\n\n\n<li>Les e-magiciens &#8211; les rencontres europ\u00e9ennes de la <strong>jeune cr\u00e9ation num\u00e9rique<\/strong>, pr\u00e9sentation des travaux de recherche de l&#8217;\u00e9quipe de recherche TechnoCom (Technologies et Communication) du laboratoire LINC, Valenciennes, nov. 2006.<\/li>\n<\/ul>\n\n\n\n<h2 class=\"wp-block-heading\" id=\"promo\">Promotion des femmes en Sciences <\/h2>\n\n\n\n<blockquote class=\"wp-block-quote is-layout-flow wp-block-quote-is-layout-flow\">\n<p><font color=\"red\"><strong> Prix &#8220;Minerva Informatics Equality Award&#8221; 2023<\/strong><\/font> <font color=\"red\"><strong>d&#8217;Informatics Europe <\/strong><\/font><\/p>\n<cite>Le <a href=\"https:\/\/parite.lis-lab.fr\/\">comit\u00e9 parit\u00e9 et lutte contre les discriminations du LIS<\/a> a remport\u00e9 en 2023 le &#8220;Minerva Informatics Equality Award&#8221;, organis\u00e9 par Informatics Europe et sponsoris\u00e9 par Google. Ce prix r\u00e9compense les initiatives europ\u00e9ennes exceptionnelles et les meilleures pratiques qui encouragent et soutiennent les carri\u00e8res des femmes dans la recherche et l&#8217;enseignement en informatique.<\/cite><\/blockquote>\n\n\n<div class=\"wp-block-image is-style-rounded\">\n<figure class=\"aligncenter size-full is-resized\"><img loading=\"lazy\" decoding=\"async\" width=\"853\" height=\"480\" src=\"https:\/\/pageperso.lis-lab.fr\/magalie.ochs\/wp-content\/uploads\/2023\/12\/MIEA2023.png\" alt=\"\" class=\"wp-image-491\" style=\"width:357px;height:auto\" srcset=\"https:\/\/pageperso.lis-lab.fr\/magalie.ochs\/wp-content\/uploads\/2023\/12\/MIEA2023.png 853w, https:\/\/pageperso.lis-lab.fr\/magalie.ochs\/wp-content\/uploads\/2023\/12\/MIEA2023-300x169.png 300w, https:\/\/pageperso.lis-lab.fr\/magalie.ochs\/wp-content\/uploads\/2023\/12\/MIEA2023-768x432.png 768w\" sizes=\"auto, (max-width: 853px) 100vw, 853px\" \/><\/figure>\n<\/div>\n\n\n<p><\/p>\n\n\n\n<ul class=\"wp-block-list\">\n<li><strong><a href=\"https:\/\/www.ins2i.cnrs.fr\/fr\/cnrsinfo\/femmes-en-numerique-les-portraits-bd-de-lins2i\">Portait sous forme de <\/a><\/strong><a href=\"https:\/\/www.ins2i.cnrs.fr\/fr\/les-decodeuses-du-numerique\"><strong>BD<\/strong> <\/a>de mon parcours en tant que femme enseignante-chercheuse publi\u00e9 dans le livre &#8220;Les d\u00e9codeuses du num\u00e9rique&#8221;, projet d\u00e9velopp\u00e9 par la cellule \u00e9galit\u00e9-parit\u00e9 de l\u2019INS2I pour promouvoir l\u2019image des femmes dans le domaine de l\u2019informatique<\/li>\n<\/ul>\n\n\n<div class=\"wp-block-image\">\n<figure class=\"aligncenter size-full is-resized\"><img loading=\"lazy\" decoding=\"async\" width=\"440\" height=\"619\" src=\"https:\/\/pageperso.lis-lab.fr\/magalie.ochs\/wp-content\/uploads\/2022\/01\/bdDecodeuse.jpg\" alt=\"\" class=\"wp-image-180\" style=\"width:167px;height:235px\" srcset=\"https:\/\/pageperso.lis-lab.fr\/magalie.ochs\/wp-content\/uploads\/2022\/01\/bdDecodeuse.jpg 440w, https:\/\/pageperso.lis-lab.fr\/magalie.ochs\/wp-content\/uploads\/2022\/01\/bdDecodeuse-213x300.jpg 213w\" sizes=\"auto, (max-width: 440px) 100vw, 440px\" \/><\/figure>\n<\/div>\n\n\n<p><em>La BD &#8220;Les d\u00e9codeuses du num\u00e9rique&#8221; : 5000 t\u00e9l\u00e9chargements de la BD en ligne, 1700 ventes, distribu\u00e9e dans 3000 lyc\u00e9es et 1\/5 coll\u00e8ge en a fait la demande papier. <\/em><\/p>\n\n\n\n<blockquote class=\"wp-block-quote is-layout-flow wp-block-quote-is-layout-flow\">\n<p><font color=\"red\"><strong> Prix de la m\u00e9diation scientifique du CNRS 2022 pour le collectif des d\u00e9codeuses du num\u00e9rique  <\/strong><\/font><\/p>\n<\/blockquote>\n\n\n\n<p>Interview <em>\u00ab Ma vie en BD \u2013 Ressenti d\u2019une d\u00e9codeuse \u00bb <\/em>suite \u00e0 la BD \u00ab Les d\u00e9codeuses du num\u00e9rique \u00bb<\/p>\n\n\n<div class=\"wp-block-image is-style-rounded\">\n<figure class=\"aligncenter size-full is-resized\"><a href=\"https:\/\/www.youtube.com\/watch?v=1Ct6fYUW8KU\"><img loading=\"lazy\" decoding=\"async\" width=\"889\" height=\"546\" src=\"https:\/\/pageperso.lis-lab.fr\/magalie.ochs\/wp-content\/uploads\/2022\/12\/interviewImage.jpg\" alt=\"\" class=\"wp-image-362\" style=\"width:247px;height:151px\" srcset=\"https:\/\/pageperso.lis-lab.fr\/magalie.ochs\/wp-content\/uploads\/2022\/12\/interviewImage.jpg 889w, https:\/\/pageperso.lis-lab.fr\/magalie.ochs\/wp-content\/uploads\/2022\/12\/interviewImage-300x184.jpg 300w, https:\/\/pageperso.lis-lab.fr\/magalie.ochs\/wp-content\/uploads\/2022\/12\/interviewImage-768x472.jpg 768w\" sizes=\"auto, (max-width: 889px) 100vw, 889px\" \/><\/a><\/figure>\n<\/div>\n\n\n<ul class=\"wp-block-list\">\n<li>Participation \u00e0 la journ\u00e9e <em><a href=\"https:\/\/www.ins2i.cnrs.fr\/fr\/cnrsinfo\/la-decouverte-des-metiers-des-sciences-informatiques-avec-les-decodeuses-du-numerique\">&#8220;\u00c0 la d\u00e9couverte des m\u00e9tiers des sciences informatiques avec les d\u00e9codeuses du num\u00e9rique&#8221;<\/a><\/em> organis\u00e9e par le CNRS \u00e0 la rencontre de 550 \u00e9l\u00e8ves venant de 15 \u00e9tablissements parisiens pour d\u00e9couvrir et \u00e9changer sur les sciences informatiques.<\/li>\n<\/ul>\n\n\n<div class=\"wp-block-image\">\n<figure class=\"aligncenter size-full is-resized\"><a href=\"https:\/\/www.youtube.com\/watch?v=XI1u9UPd21o\"><img loading=\"lazy\" decoding=\"async\" width=\"1445\" height=\"815\" src=\"https:\/\/pageperso.lis-lab.fr\/magalie.ochs\/wp-content\/uploads\/2025\/02\/techCarriere-1.png\" alt=\"\" class=\"wp-image-568\" style=\"width:550px;height:auto\"\/><\/a><\/figure>\n<\/div>\n\n\n<ul class=\"wp-block-list\">\n<li>Participation au projet la \u00ab <a href=\"https:\/\/www.provence-corse.cnrs.fr\/fr\/cnrsinfo\/la-science-taille-xx-elles-edition-marseillaise\"><strong>Science taille XX elles<\/strong> <\/a>\u00bb d\u00e9velopp\u00e9 par l\u2019association femmes et sciences \u2013 Marseille, 2024 <\/li>\n<\/ul>\n\n\n<div class=\"wp-block-image is-style-rounded\">\n<figure class=\"aligncenter size-full is-resized\"><a href=\"https:\/\/www.provence-corse.cnrs.fr\/fr\/cnrsinfo\/la-science-taille-xx-elles-edition-marseillaise\"><img loading=\"lazy\" decoding=\"async\" width=\"290\" height=\"290\" src=\"https:\/\/pageperso.lis-lab.fr\/magalie.ochs\/wp-content\/uploads\/2024\/03\/XXelles_portraits.jpg\" alt=\"\" class=\"wp-image-514\" style=\"width:296px;height:auto\" srcset=\"https:\/\/pageperso.lis-lab.fr\/magalie.ochs\/wp-content\/uploads\/2024\/03\/XXelles_portraits.jpg 290w, https:\/\/pageperso.lis-lab.fr\/magalie.ochs\/wp-content\/uploads\/2024\/03\/XXelles_portraits-150x150.jpg 150w\" sizes=\"auto, (max-width: 290px) 100vw, 290px\" \/><\/a><\/figure>\n<\/div>\n\n\n<ul class=\"wp-block-list\">\n<li>Portait &#8220;<strong><a href=\"https:\/\/www.instituts-carnot.eu\/fr\/actualite\/femmes-de-science-issues-du-carnot-star-mises-%C3%A0-lhonneur\">Femmes de Sciences<\/a><\/strong>&#8221; organis\u00e9 par l&#8217;Institut Carnot STAR&#8221; &#8211; 2019<\/li>\n<\/ul>\n\n\n<div class=\"wp-block-image\">\n<figure class=\"aligncenter size-full is-resized\"><img loading=\"lazy\" decoding=\"async\" width=\"570\" height=\"342\" src=\"https:\/\/pageperso.lis-lab.fr\/magalie.ochs\/wp-content\/uploads\/2022\/01\/Capture.jpg\" alt=\"\" class=\"wp-image-179\" style=\"width:361px;height:auto\" srcset=\"https:\/\/pageperso.lis-lab.fr\/magalie.ochs\/wp-content\/uploads\/2022\/01\/Capture.jpg 570w, https:\/\/pageperso.lis-lab.fr\/magalie.ochs\/wp-content\/uploads\/2022\/01\/Capture-300x180.jpg 300w\" sizes=\"auto, (max-width: 570px) 100vw, 570px\" \/><\/figure>\n<\/div>\n\n\n<p><\/p>\n\n\n\n<ul class=\"wp-block-list\">\n<li><strong>Intervention dans les coll\u00e8ges<\/strong> pour inciter les<em> jeunes filles \u00e0 rejoindre les fili\u00e8res scientifiques<\/em> (e.g. Coll\u00e8ge Marie Marie Laurencin, Marseille, Lyc\u00e9e des Rempart, Marseille, Journ\u00e9e Filles&amp;Sciences 2024 regroupant des coll\u00e9giennes et lyc\u00e9ennes de Marseille et des environs)<\/li>\n<\/ul>\n\n\n\n<h2 class=\"wp-block-heading\" id=\"presse\">Articles\/interview dans la presse\/m\u00e9dia grand public <\/h2>\n\n\n\n<ul class=\"wp-block-list\">\n<li><strong>Journal &#8220;So Good&#8221;<\/strong> : Article <em>&#8220;Bien dans ses Bots&#8221;<\/em> &#8211; Interview d&#8217;expert.e.s &#8211; Decembre 2024 <\/li>\n\n\n\n<li><strong>France 3<\/strong> : Interview pour la journ\u00e9e internationale des droits des femmes &#8211; Mars 2024<\/li>\n\n\n\n<li><strong>Brut.<\/strong> : Interview sur le sujet &#8220;Femmes et Sciences&#8221; &#8211; F\u00e9vrier 2022<\/li>\n\n\n\n<li><strong>ActuIA &#8211; La magazine de l&#8217;Intelligence Artificielle<\/strong> &#8220;<em>Parole d&#8217;expert : la dimension sociale et \u00e9motionnelle des IA<\/em>&#8220;, sept. 2021. <\/li>\n\n\n\n<li>La <strong>lettre d&#8217;AMU<\/strong> (Aix Marseille Universit\u00e9), Article de vulgarisation sur des travaux de recherche que nous avons men\u00e9s avec le LPL et l&#8217;INT : &#8220;<a href=\"https:\/\/www.univ-amu.fr\/system\/files\/2019-10\/DIRCOM-lettre_AMU_75_%283%29.pdf\">Discuter avec un robot pour \u00e9tudier les bases c\u00e9r\u00e9brales de la cognition sociale<\/a>&#8220;, Sept. 2019.<\/li>\n\n\n\n<li><strong>Les echos<\/strong>, 2019 \u00ab <a href=\"https:\/\/www.lesechos.fr\/tech-medias\/intelligence-artificielle\/discuter-avec-un-robot-est-moins-plaisant-quavec-un-humain-999653\">Discuter avec un robot est moins plaisant qu&#8217;avec un humain<\/a> \u00bb<\/li>\n\n\n\n<li><strong>CLARIN YouTube channel<\/strong> : <a href=\"https:\/\/www.youtube.com\/watch?v=ptUzLapUV0A\">interview<\/a> \u2013 sept. 2018<\/li>\n\n\n\n<li><strong>Le point<\/strong> : \u00ab <a href=\"http:\/\/www2.lpl-aix.fr\/~acorformed\/press\/170608-lePoint-EdAix-scan.pdf\">ACORFORMed r\u00e9concilie l&#8217;homme et la machine<\/a> \u00bb &#8211; Juin 2017<\/li>\n\n\n\n<li><strong>HOSPIMEDIA<\/strong> (l&#8217;actualit\u00e9 des territoires de sant\u00e9) : &#8220;<a href=\"https:\/\/www.hospimedia.fr\/actualite\/dossiers\/20200522-qualite-savoir-annoncer-une-maladie-grave-est-un\">Savoir annoncer une maladie grave est un enjeu permanent dans la formation des m\u00e9decins <\/a>&#8220;- Mai 2020<\/li>\n\n\n\n<li><strong>Le figaro Sant\u00e9<\/strong> : \u00ab<a href=\"https:\/\/sante.lefigaro.fr\/article\/la-realite-virtuelle-pour-aider-les-medecins-a-mieux-communiquer-avec-leurs-patients\/\"> La r\u00e9alit\u00e9 virtuelle pour aider les m\u00e9decins \u00e0 mieux communiquer avec leurs patients<\/a> \u00bb &#8211; Mai 2017<\/li>\n\n\n\n<li><strong>25 images\/SHS<\/strong> : \u00ab Humain-Machine \u00bb &#8211; Mai 2017<\/li>\n<\/ul>\n","protected":false},"excerpt":{"rendered":"<p>In French Conf\u00e9rences grand public \u223e Promotion des femmes en Sciences \u223e Presse Conf\u00e9rences et s\u00e9minaires grand public Promotion des femmes en Sciences Prix &#8220;Minerva Informatics Equality Award&#8221; 2023 d&#8217;Informatics Europe Le comit\u00e9 parit\u00e9 et lutte contre les discriminations du LIS a remport\u00e9 en 2023 le &#8220;Minerva Informatics Equality Award&#8221;, [&hellip;]<\/p>\n","protected":false},"author":2,"featured_media":0,"parent":0,"menu_order":0,"comment_status":"closed","ping_status":"closed","template":"","meta":{"footnotes":""},"class_list":["post-39","page","type-page","status-publish","hentry"],"_links":{"self":[{"href":"https:\/\/pageperso.lis-lab.fr\/magalie.ochs\/index.php\/wp-json\/wp\/v2\/pages\/39","targetHints":{"allow":["GET"]}}],"collection":[{"href":"https:\/\/pageperso.lis-lab.fr\/magalie.ochs\/index.php\/wp-json\/wp\/v2\/pages"}],"about":[{"href":"https:\/\/pageperso.lis-lab.fr\/magalie.ochs\/index.php\/wp-json\/wp\/v2\/types\/page"}],"author":[{"embeddable":true,"href":"https:\/\/pageperso.lis-lab.fr\/magalie.ochs\/index.php\/wp-json\/wp\/v2\/users\/2"}],"replies":[{"embeddable":true,"href":"https:\/\/pageperso.lis-lab.fr\/magalie.ochs\/index.php\/wp-json\/wp\/v2\/comments?post=39"}],"version-history":[{"count":39,"href":"https:\/\/pageperso.lis-lab.fr\/magalie.ochs\/index.php\/wp-json\/wp\/v2\/pages\/39\/revisions"}],"predecessor-version":[{"id":591,"href":"https:\/\/pageperso.lis-lab.fr\/magalie.ochs\/index.php\/wp-json\/wp\/v2\/pages\/39\/revisions\/591"}],"wp:attachment":[{"href":"https:\/\/pageperso.lis-lab.fr\/magalie.ochs\/index.php\/wp-json\/wp\/v2\/media?parent=39"}],"curies":[{"name":"wp","href":"https:\/\/api.w.org\/{rel}","templated":true}]}}