{"id":38,"date":"2021-12-14T10:08:06","date_gmt":"2021-12-14T10:08:06","guid":{"rendered":"https:\/\/pageperso.lis-lab.fr\/magalie.ochs\/wordpress\/?page_id=38"},"modified":"2024-11-26T15:44:50","modified_gmt":"2024-11-26T15:44:50","slug":"organizational-and-editorial-activities","status":"publish","type":"page","link":"https:\/\/pageperso.lis-lab.fr\/magalie.ochs\/index.php\/organizational-and-editorial-activities\/","title":{"rendered":"Activities for the research community"},"content":{"rendered":"\n<p><a href=\"#steering\">Steering committees<\/a>  <span style=\"color:#0071a1\" class=\"has-inline-color\">\u223e<\/span>  <a href=\"#gender\">Gender Equality<\/a>  <span style=\"color:#0071a1\" class=\"has-inline-color\">\u223e<\/span>  <a href=\"#group\">Research group<\/a>  <span style=\"color:#0071a1\" class=\"has-inline-color\">\u223e<\/span>  <a href=\"#events\">Scientific Events<\/a> <\/p>\n\n\n\n<h3 class=\"wp-block-heading\" id=\"steering\">Steering committees<\/h3>\n\n\n\n<p><em>In French <\/em><\/p>\n\n\n\n<ul class=\"wp-block-list\">\n<li><strong>Membre du conseil de Laboratoire<\/strong> d&#8217;Informatique et des Syst\u00e8mes (LIS)<br><br><\/li>\n\n\n\n<li><strong>Membre du comit\u00e9 de direction de l\u2019Institut Convergence ILCB&nbsp;<\/strong>(Institute of Language, Communication and the Brain)<br><br><\/li>\n\n\n\n<li><strong>Membre du comit\u00e9 de direction du coll\u00e8ge Syst\u00e8mes Multi-Agents et Agents Autonomes (SMAA) de l\u2019AFIA (Association Fran\u00e7aise pour l\u2019Intelligence Artificielle)<\/strong><br><br><\/li>\n\n\n\n<li><strong><em>Jusqu&#8217;\u00e0 sept 2021 :<\/em><\/strong><em> <\/em>Co-responsable du p\u00f4le Science des donn\u00e9es du Laboratoire d\u2019Informatique et des Syst\u00e8mes<strong>&nbsp;: <\/strong>le p\u00f4le Science des donn\u00e9es regroupent 6 \u00e9quipes de recherche (une cinquantaine de chercheurs) travaillant autour des probl\u00e9matiques informatiques centr\u00e9es donn\u00e9es. <br><br><\/li>\n<\/ul>\n\n\n\n<h3 class=\"wp-block-heading\" id=\"gender\">Promotion of  gender equality <\/h3>\n\n\n\n<p> <em>In French <\/em> <\/p>\n\n\n\n<ul class=\"wp-block-list\">\n<li><strong>Charg\u00e9e de Mission d&#8217;Aix Marseille Universit\u00e9 <\/strong>: <a href=\"https:\/\/www.univ-amu.fr\/fr\/public\/egalite-femmes-hommes-lutte-contre-les-discriminations\">Egalit\u00e9 femmes-hommes et lutte contre les discriminations<\/a><br><br><\/li>\n\n\n\n<li><strong>R\u00e9f\u00e9rente parit\u00e9<\/strong> au Laboratoire d&#8217;informatique et des Syst\u00e8mes <strong>pour l\u2019<a href=\"https:\/\/www.ins2i.cnrs.fr\/fr\/parite-egalite-femmes-hommes\">INS2I<\/a><\/strong><br><br><\/li>\n\n\n\n<li><strong>Responsable du comit\u00e9 de parit\u00e9 et lutte contre les discriminations<\/strong> (10 personnes) du Laboratoire d&#8217;informatique et des Syst\u00e8mes : r\u00f4le d&#8217;observatoire et de recommandations pour une parit\u00e9 femmes-hommes au sein du laboratoire : <a href=\"https:\/\/parite.lis-lab.fr\/\">Site de la commission<\/a><br><\/li>\n<\/ul>\n\n\n\n<h3 class=\"wp-block-heading\" id=\"group\">National research group &#8220;Affects, Compagnons Artificiels et Interactions&#8221;<\/h3>\n\n\n\n<p><em>In French<\/em> <\/p>\n\n\n\n<p>Co-direction (avec Chlo\u00e9 Clavel, T\u00e9l\u00e9com Paris) du groupe de recherche francophone ACAI regroupant la communaut\u00e9 de recherche autour des syst\u00e8mes interactifs humano\u00efdes \u2013 <strong>14 \u00e9quipes de recherche \u2013 12 laboratoires<\/strong> (depuis 2018)<\/p>\n\n\n\n<p><br><\/p>\n\n\n\n<h3 class=\"wp-block-heading\" id=\"events\">Organization of scientific events <\/h3>\n\n\n\n<ul class=\"wp-block-list\">\n<li><strong>2024<\/strong>: <em>Organization <\/em>of the <strong>first workshop on Discrimination<\/strong> at the International Conference on Intelligent Virtual Agent (IVA) &#8211; Workshop &#8220;<a href=\"https:\/\/react.lis-lab.fr\/\">REACT : <strong>viRtual agEnts Against disCriminaTion<\/strong><\/a>&#8220;, ACM International Conference on Intelligent Virtual Agents, Glasgow, 2024<\/li>\n\n\n\n<li><strong>2022<\/strong>: <em>Tutorial Co-Chair<\/em> &#8211; AAMAS &#8211; International Conference on Autonomous Agents and Multiagent Systems<\/li>\n\n\n\n<li><strong>2022<\/strong>: <em>Co-organization of the summer school <\/em>on Natural Langage Processing : ETAL, l&#8217;\u00e9cole d&#8217;\u00e9t\u00e9 du TAL.<\/li>\n\n\n\n<li><strong>2018&nbsp;and 2019 : <\/strong>Co-organization of <a href=\"https:\/\/www.ilcb.fr\/education\/summer-school\/\">summer school of the Institute for Language, Communication and the Brain<\/a> (ILCB)<\/li>\n\n\n\n<li><strong>2018<\/strong> : <em>Organization of the <u>workshop<\/u> <\/em>&#8220;Affect, Compagnon Artificiel, Interaction<em>&#8221; (WACAI) \u2013 70 participants<\/em><\/li>\n\n\n\n<li><strong>2018 <\/strong><em>: Co-organisation d\u2019un <u>atelier<\/u> aux Journ\u00e9es d\u2019Etude et de la Parole (JEP) <\/em>sur les interactions sociales avec les agents artificiels, 2018<\/li>\n\n\n\n<li><strong>2018 :<\/strong><em> Program chair <\/em>for the workshop SemDial (Workshop series on the Semantics and Pagmatics of Dialogue, 2018&nbsp;<\/li>\n\n\n\n<li><strong>2018 <\/strong><em>: Co-organisation de la Journ\u00e9e d&#8217;\u00e9tude M\u00e9thodes pour la recherche autour de la communication multimodale &#8220;art\u00e9fact\u00e9e&#8221;, LPL, 2018<\/em><\/li>\n\n\n\n<li><strong>2017<\/strong> : <em>Co-organization of the international workshop<\/em>  ICMI: &#8220;Investigating Social Interactions with Artificial Agents&#8221;, 13 novembre 2017, ICMI Conference, Nov. 2017, Glasgow, United Kingdom<\/li>\n\n\n\n<li><strong>2016 : <\/strong><em>Co-organization <em>of the international workshop<\/em> <\/em> GREATS : Workshop Graphical and Robotic Embodied Agent for Therapeutic System &#8211; Intelligent Virtual Agent International Conference &#8211; sept. 2016 &#8211; Los Angeles<\/li>\n\n\n\n<li><strong>2015 : <\/strong><em>Area Chair<\/em> for technologies and applications aera in the context of the IEEE conference on Automatic Face and Gesture Recognition<\/li>\n\n\n\n<li><strong>2014&nbsp;: <\/strong><em>Co-pr\u00e9sidente<\/em> du workshop &#8220;Affect, Compagnon Artificiel, Interaction<em>&#8221; (WACAI)<\/em><\/li>\n\n\n\n<li><strong>2014<\/strong>&nbsp;: Organization of the <em>doctorial consortium<\/em> of the international Intelligent Virtual Agent (IVA) in Boston<\/li>\n\n\n\n<li><strong>2013 :<\/strong> Organization of the event <em>GALA (Gathering of Animated Lifelike Agents)<\/em> of the international conference IVA (Intelligent Virtual Agent) 2013 : &#8220;an annual festival to showcase the latest Animated Lifelike Agents created by university students, academic or industrial research groups&#8221;<\/li>\n\n\n\n<li><strong>2013<\/strong> : Organization of the special session <em>&#8220;Social Stances Analysis&#8221; du workshop international WIAMIS<\/em> (Workshop on Images and Audio Analysis for Multimedia Interactive Systems)<\/li>\n\n\n\n<li><strong>2012 :<\/strong> Organization of the <em>Workshop SocialCom 2012<\/em> : <em>Exploring Stances in Interactions: Conceptual and Practical Issues in Social Signal Processing Research, <\/em>IEEE, International Conference on Social Computing, Amsterdam<\/li>\n\n\n\n<li><strong>2009&nbsp;:<\/strong> Organisation de la<em> journ\u00e9e du groupe de travail<\/em> ACA (Agent Conversationnel Anim\u00e9) <em>Agents Virtuels Interactifs et Sciences Cognitives <\/em>\u00e0 Paris<\/li>\n<\/ul>\n","protected":false},"excerpt":{"rendered":"<p>Steering committees \u223e Gender Equality \u223e Research group \u223e Scientific Events Steering committees In French Promotion of gender equality In French National research group &#8220;Affects, Compagnons Artificiels et Interactions&#8221; In French Co-direction (avec Chlo\u00e9 Clavel, T\u00e9l\u00e9com Paris) du groupe de recherche francophone ACAI regroupant la communaut\u00e9 de recherche autour des [&hellip;]<\/p>\n","protected":false},"author":2,"featured_media":0,"parent":0,"menu_order":0,"comment_status":"closed","ping_status":"closed","template":"","meta":{"footnotes":""},"class_list":["post-38","page","type-page","status-publish","hentry"],"_links":{"self":[{"href":"https:\/\/pageperso.lis-lab.fr\/magalie.ochs\/index.php\/wp-json\/wp\/v2\/pages\/38","targetHints":{"allow":["GET"]}}],"collection":[{"href":"https:\/\/pageperso.lis-lab.fr\/magalie.ochs\/index.php\/wp-json\/wp\/v2\/pages"}],"about":[{"href":"https:\/\/pageperso.lis-lab.fr\/magalie.ochs\/index.php\/wp-json\/wp\/v2\/types\/page"}],"author":[{"embeddable":true,"href":"https:\/\/pageperso.lis-lab.fr\/magalie.ochs\/index.php\/wp-json\/wp\/v2\/users\/2"}],"replies":[{"embeddable":true,"href":"https:\/\/pageperso.lis-lab.fr\/magalie.ochs\/index.php\/wp-json\/wp\/v2\/comments?post=38"}],"version-history":[{"count":22,"href":"https:\/\/pageperso.lis-lab.fr\/magalie.ochs\/index.php\/wp-json\/wp\/v2\/pages\/38\/revisions"}],"predecessor-version":[{"id":550,"href":"https:\/\/pageperso.lis-lab.fr\/magalie.ochs\/index.php\/wp-json\/wp\/v2\/pages\/38\/revisions\/550"}],"wp:attachment":[{"href":"https:\/\/pageperso.lis-lab.fr\/magalie.ochs\/index.php\/wp-json\/wp\/v2\/media?parent=38"}],"curies":[{"name":"wp","href":"https:\/\/api.w.org\/{rel}","templated":true}]}}