{"id":37,"date":"2021-12-14T10:08:06","date_gmt":"2021-12-14T10:08:06","guid":{"rendered":"https:\/\/pageperso.lis-lab.fr\/magalie.ochs\/wordpress\/?page_id=37"},"modified":"2025-02-21T13:12:46","modified_gmt":"2025-02-21T13:12:46","slug":"master-and-ph-d-students","status":"publish","type":"page","link":"https:\/\/pageperso.lis-lab.fr\/magalie.ochs\/index.php\/master-and-ph-d-students\/","title":{"rendered":"Scientific supervisions"},"content":{"rendered":"\n<h2 class=\"wp-block-heading\">Current supervisions<\/h2>\n\n\n\n<h4 class=\"wp-block-heading\">PhD<\/h4>\n\n\n\n<ul class=\"wp-block-list\">\n<li>Alice Delbosc, <strong>PhD<\/strong> in Computer Science (since january 2023)\u00a0&#8211; <em>co-supervision with St\u00e9phane Ayache, (LIS), Brian Ravenet (LISN) and Nicolas Sabouret (LISN)<\/em> &#8211; <em>Training in conflict management in the workplace through simulation with animated conversational agents<\/em>&#8211; <em>PhD funded by<\/em> the ANRT (CIFRE with the <a href=\"https:\/\/davi.ai\/\">DAVI <\/a>company)<br><\/li>\n<\/ul>\n\n\n<div class=\"wp-block-image\">\n<figure class=\"aligncenter size-full is-resized\"><img loading=\"lazy\" decoding=\"async\" width=\"337\" height=\"181\" src=\"https:\/\/pageperso.lis-lab.fr\/magalie.ochs\/wp-content\/uploads\/2025\/02\/alice.jpg\" alt=\"\" class=\"wp-image-574\" style=\"width:207px;height:auto\"\/><\/figure>\n<\/div>\n\n\n<ul class=\"wp-block-list\">\n<li>Marion Ristorcelli, <strong>PhD<\/strong> in Computer Science (since nov. 2022)&nbsp; &#8211; <em>co-supervision with Remy Casanova, (ISM, CRVM)<\/em> &#8211; Virtual behavioral skills Training for public Speaking- <em>PhD funded by<\/em> the national ANR project <a href=\"https:\/\/revitalise.lis-lab.fr\/\">REVITALISE<\/a><\/li>\n<\/ul>\n\n\n<div class=\"wp-block-image is-style-rounded\">\n<figure class=\"aligncenter size-full is-resized\"><img loading=\"lazy\" decoding=\"async\" width=\"420\" height=\"186\" src=\"https:\/\/pageperso.lis-lab.fr\/magalie.ochs\/wp-content\/uploads\/2022\/12\/salleVR.png\" alt=\"\" class=\"wp-image-375\" style=\"width:269px;height:119px\" srcset=\"https:\/\/pageperso.lis-lab.fr\/magalie.ochs\/wp-content\/uploads\/2022\/12\/salleVR.png 420w, https:\/\/pageperso.lis-lab.fr\/magalie.ochs\/wp-content\/uploads\/2022\/12\/salleVR-300x133.png 300w\" sizes=\"auto, (max-width: 420px) 100vw, 420px\" \/><\/figure>\n<\/div>\n\n\n<ul class=\"wp-block-list\">\n<li>Michelle Elisabeth, <strong>PhD<\/strong> in Computer Science (since january 2025) &#8211;<strong> <\/strong><em>A Generic and Model-Agnostic Evaluation Framework for Task-Oriented Dialogue<\/em> &#8211; <em>PhD funded by<\/em> the ANRT (CIFRE with the <a href=\"https:\/\/davi.ai\/\">Orange <\/a>company)<\/li>\n<\/ul>\n\n\n\n<h2 class=\"wp-block-heading\">Previous supervisions<\/h2>\n\n\n\n<h4 class=\"wp-block-heading\">PhD and Post-doc <\/h4>\n\n\n\n<ul class=\"wp-block-list\">\n<li>Marjorie Armando,\u00a0 <strong>PhD <\/strong> in Computer Science (Oct. 2020 &#8211; June 2024)\u00a0 &#8211; <em>co-supervision with Isabelle Regner<\/em> &#8211; <em>ANTI-STEREOTYPE: Am\u00e9liorer les performaNces de l\u2019enfanT apprenant \u00e0 travers un compagnon vIrtuel d\u2019Apprentissage \u00e9cartant la menace du STEREOTYPE. &#8211; PhD funded by a grant from the national project <a href=\"https:\/\/www.univ-amu.fr\/fr\/public\/pia3-projet-ampiric\" target=\"_blank\" rel=\"noreferrer noopener\">AMPIRIC<\/a><\/em><\/li>\n<\/ul>\n\n\n<div class=\"wp-block-image is-style-rounded\">\n<figure class=\"aligncenter size-full is-resized\"><img loading=\"lazy\" decoding=\"async\" width=\"950\" height=\"578\" src=\"https:\/\/pageperso.lis-lab.fr\/magalie.ochs\/wp-content\/uploads\/2022\/12\/fille_ex-1.png\" alt=\"\" class=\"wp-image-379\" style=\"width:249px;height:152px\" srcset=\"https:\/\/pageperso.lis-lab.fr\/magalie.ochs\/wp-content\/uploads\/2022\/12\/fille_ex-1.png 950w, https:\/\/pageperso.lis-lab.fr\/magalie.ochs\/wp-content\/uploads\/2022\/12\/fille_ex-1-300x183.png 300w, https:\/\/pageperso.lis-lab.fr\/magalie.ochs\/wp-content\/uploads\/2022\/12\/fille_ex-1-768x467.png 768w\" sizes=\"auto, (max-width: 950px) 100vw, 950px\" \/><\/figure>\n<\/div>\n\n\n<ul class=\"wp-block-list\">\n<li>Auriane Boudin, <strong><strong>PhD <\/strong><\/strong> in Linguistic (sept. 2021 &#8211; nov. 2024) &#8211; <em><em>co-supervision with<\/em> Roxane Bertrand, Philippe Blache, and Stepahen Rauzy, Les feedbacks en interaction : un mod\u00e8le naturel et son adaptation computationnelle pour une interaction humain\/machine &#8211; PhD funded by an <a href=\"https:\/\/www.ilcb.fr\/research\/phd-projects\/\" data-type=\"URL\" data-id=\"https:\/\/www.ilcb.fr\/research\/phd-projects\/\" target=\"_blank\" rel=\"noreferrer noopener\">ILCB <\/a>grant. <\/em><\/li>\n<\/ul>\n\n\n<div class=\"wp-block-image is-style-rounded\">\n<figure class=\"aligncenter size-large is-resized\"><img loading=\"lazy\" decoding=\"async\" width=\"1024\" height=\"551\" src=\"https:\/\/pageperso.lis-lab.fr\/magalie.ochs\/wp-content\/uploads\/2022\/12\/GAZE-1024x551.png\" alt=\"\" class=\"wp-image-383\" style=\"width:291px;height:156px\" srcset=\"https:\/\/pageperso.lis-lab.fr\/magalie.ochs\/wp-content\/uploads\/2022\/12\/GAZE-1024x551.png 1024w, https:\/\/pageperso.lis-lab.fr\/magalie.ochs\/wp-content\/uploads\/2022\/12\/GAZE-300x162.png 300w, https:\/\/pageperso.lis-lab.fr\/magalie.ochs\/wp-content\/uploads\/2022\/12\/GAZE-768x413.png 768w, https:\/\/pageperso.lis-lab.fr\/magalie.ochs\/wp-content\/uploads\/2022\/12\/GAZE-1536x827.png 1536w, https:\/\/pageperso.lis-lab.fr\/magalie.ochs\/wp-content\/uploads\/2022\/12\/GAZE.png 1902w\" sizes=\"auto, (max-width: 1024px) 100vw, 1024px\" \/><\/figure>\n<\/div>\n\n\n<ul class=\"wp-block-list\">\n<li>Carol Figueroa,\u00a0 <strong><strong>PhD <\/strong><\/strong> in Computer Science (January 2021 &#8211; Dec. 2024)\u00a0 &#8211; <em><em>co-supervision with<\/em> Gabriel Skantze (<a href=\"https:\/\/furhat.io\/\" target=\"_blank\" rel=\"noreferrer noopener\">Furhat <\/a>Company)<\/em> <em>Gender and vocal alignment in speakers and robots &#8211; PhD of the ITN European project (Innovative Training Network)<\/em> <u><a href=\"https:\/\/www.cobra-network.eu\/\" target=\"_blank\" rel=\"noreferrer noopener\">COBRA<\/a><\/u><\/li>\n<\/ul>\n\n\n<div class=\"wp-block-image is-style-rounded\">\n<figure class=\"aligncenter size-full is-resized\"><img loading=\"lazy\" decoding=\"async\" width=\"674\" height=\"400\" src=\"https:\/\/pageperso.lis-lab.fr\/magalie.ochs\/wp-content\/uploads\/2022\/12\/rechercheCarole-1.jpg\" alt=\"\" class=\"wp-image-380\" style=\"width:262px;height:155px\" srcset=\"https:\/\/pageperso.lis-lab.fr\/magalie.ochs\/wp-content\/uploads\/2022\/12\/rechercheCarole-1.jpg 674w, https:\/\/pageperso.lis-lab.fr\/magalie.ochs\/wp-content\/uploads\/2022\/12\/rechercheCarole-1-300x178.jpg 300w\" sizes=\"auto, (max-width: 674px) 100vw, 674px\" \/><\/figure>\n<\/div>\n\n\n<ul class=\"wp-block-list\">\n<li>Afef Cherni,<strong> Post-doc<\/strong> in Computer Science (2021-2022) &#8211; <em><em>co-supervision with<\/em> Roxane Bertrand &#8211; Machine Learning of the multimodal cues of persuasion &#8211; Post-doc funded on the ANR project <a href=\"https:\/\/www.irit.fr\/CoPains\/\" target=\"_blank\" rel=\"noreferrer noopener\">COPAINS<\/a><\/em><br><br><\/li>\n\n\n\n<li>Hmamouche youssef, <strong>Post-doc<\/strong> in Computer Science (2 years &#8211; 2019-2021) &#8211; <em><em>co-supervision with<\/em><\/em> Laurent Pr\u00e9vot &#8211; <em>Computational model of conversational behaviors integrating behavioral and physiological<\/em> <em>data from human-human and human-machine interactions<\/em>, <em>Post-doc funded on the national  interdisciplinary project<\/em> A*MIDEX (projet d\u2019initiative d\u2019excellence Aix-Marseille Universit\u00e9)<\/li>\n<\/ul>\n\n\n\n<ul class=\"wp-block-list\">\n<li>Gael Guibon, <strong>P<strong><strong>hD <\/strong><\/strong><\/strong> in Computer Science (2016-2019)&nbsp; &#8211; <em><em><em>co-supervision with<\/em><\/em> Patrice&nbsp; Bellot<\/em> <em>Recommandation automatique, temps r\u00e9el et adaptative d\u2019emojis &#8211; PhD funded by ANRT (th\u00e8se CIFRE) with the company Cal\u00e9a &#8211; Defended thesis:  March&nbsp; 2019<\/em><br><br><\/li>\n\n\n\n<li>Bruno Penteado,<strong> <strong>P<strong><strong>hD <\/strong><\/strong><\/strong><\/strong> in Computer Science<strong> &#8211;<\/strong> University of S\u00e3o Paulo &#8211; <em>Mod\u00e8le de prediction automatique de feedbacks d&#8217;agent virtuel<\/em><br><em><br><\/em><\/li>\n\n\n\n<li>Florian Pecune, <strong><strong><strong>P<strong><strong>hD <\/strong><\/strong><\/strong><\/strong> <\/strong>in Computer Science (2012-2016) &#8211; <em><em><em><em>co-supervision with<\/em><\/em><\/em>Catherine Pelachaud<\/em>, <em>Mod\u00e9lisation de la prise de d\u00e9cision des compagnons artificiels dans diff\u00e9rents contextes d&#8217;interaction sociale &#8211; <\/em>Projet ANR <a rel=\"noreferrer noopener\" href=\"http:\/\/moca.imag.fr\/\" target=\"_blank\">MOCA<\/a> <em>&#8211;<em> Defended thesis: <\/em>29 September&nbsp;2016<\/em>&nbsp;<br><br><\/li>\n\n\n\n<li>Brian Ravenet, <strong><strong><strong><strong>P<strong><strong>hD <\/strong><\/strong><\/strong><\/strong> <\/strong><\/strong>in Computer Science (2012-2015)&nbsp;&nbsp; &#8211; <em><em><em><em>co-supervision with<\/em><\/em><\/em> Catherine Pelachaud<\/em>&nbsp; &#8211; <em>Mod\u00e9lisation des relations sociales d&#8217;un agent autonome dans les environnements virtuels<\/em>&nbsp; &#8211; European Project <a rel=\"noreferrer noopener\" href=\"http:\/\/www.reveriefp7.eu\/project\/\" target=\"_blank\">REVERIE<\/a>&nbsp;&nbsp;&#8211; <em><em>Defended thesis:<\/em> 7 December 2015<\/em><br><br><\/li>\n\n\n\n<li>Mathieu Chollet, <strong><strong><strong><strong><strong>P<strong><strong>hD <\/strong><\/strong><\/strong><\/strong><\/strong><\/strong><\/strong> in Computer Science (2011-2015)<em> &#8211; <em><em><em>co-supervision with<\/em><\/em><\/em><\/em> <em>Catherine Pelachaud &#8211; Mod\u00e9lisation de strat\u00e9gies socio-\u00e9motionnelles \u00e0 travers le comportement non-verbal d&#8217;un personnage virtuel: le cas du recruteur virtuel<\/em>&nbsp; &#8211; European Project  <a rel=\"noreferrer noopener\" href=\"http:\/\/tardis.lip6.fr\/\" target=\"_blank\">TARDIS<\/a>&nbsp;&#8211; <em><em><em>Defended thesis:<\/em><\/em> 21 April 2015<\/em><\/li>\n<\/ul>\n\n\n\n<h4 class=\"wp-block-heading\">Master <\/h4>\n\n\n\n<ul class=\"wp-block-list\">\n<li>Alice Delbosc, Master 2 in Computer Science (Master IAAA), 2022 Aix-Marseille Universit\u00e9  &#8211; co-supervision with  St\u00e9phane Ayache, <em>Automatic genration of social behaviors with GANs<\/em><br><\/li>\n\n\n\n<li>Emma Gallego, Master 2 in Ergonomy (Master Facteurs humains et ing\u00e9nierie des&nbsp;syst\u00e8mes d&#8217;information) 2022 Aix-Marseille Universit\u00e9 &#8211; <em>Evaluation of the impact of virtual audience&#8217;s social attitudes on public speaking <\/em><br><\/li>\n\n\n\n<li>Aurianne Boudin, <strong>Master 2 <\/strong>in Cognitive Science<strong> <\/strong>  (Master Masco), 2021,  Aix-Marseille Universit\u00e9  &#8211; co-supervision with   Roxane Bertrand  &#8211; <em>De la d\u00e9tection des signaux sociaux des m\u00e9decins \u00e0 un mod\u00e8le computationnel des feedbacks pour un patient artificiel<\/em><br><br><\/li>\n\n\n\n<li>Sabrine Oucherif, <strong><strong>Master 2<\/strong><\/strong> in Computer Science<strong> <\/strong>&#8211; 2021 &#8211;  co-supervision with Jean-Marie Pergandi (IR CNRS CRVM) <em>D\u00e9veloppement et Int\u00e9gration d&#8217;un mod\u00e8le computationnel de comportements socio-\u00e9motionnels dans une plateforme de r\u00e9alit\u00e9 virtuelle pour l&#8217;apprentissage de la prise de parole en public<\/em><br><br><\/li>\n\n\n\n<li> Lorenn Contini, <strong>Master 2 <\/strong>in Sociology<strong> <\/strong><em>\u00ab Recherche action \u00bb&nbsp;: Analyse qualitative et quantitative des freins \u00e0 la parit\u00e9 au Laboratoire d&#8217;Informatique et de Syst\u00e8mes (LIS)<\/em><\/li>\n<\/ul>\n\n\n\n<ul class=\"wp-block-list\">\n<li>J\u00e9remie Boursquet, <strong>Master 2<\/strong> in Computer Science (Master IAAA), 2019, <em>Prediction automatique du sentiment de pr\u00e9sence et co-pr\u00e9sence en r\u00e9alit\u00e9 virtuelle <\/em>&#8211; <em><em><em><em>co-supervision with<\/em><\/em><\/em><\/em> Philippe Blache <br><br><\/li>\n\n\n\n<li>Sameer Jain, <strong><strong>Master 2<\/strong><\/strong> in Computer Science &#8211;  2018 &#8211; <em><em><em><em>co-supervision with<\/em><\/em><\/em><\/em> Philippe Blache &#8211;  <em>Prediction automatique du sentiment de presence et co-presence pour la formation des m\u00e9decins en r\u00e9alit\u00e9 virtuelle<\/em><br><em><br><\/em><\/li>\n\n\n\n<li>Cris Kevin Porhet, <strong><strong><strong>Master 2<\/strong><\/strong> <\/strong>in Computer Science &#8211; 2017 &#8211; <em><em><em><em><em>co-supervision with<\/em><\/em><\/em><\/em> <\/em>Roxanne Bertrand , Phillippe Blache and Gr\u00e9goire de Montcheuil&nbsp;<em>De la fouille de donn\u00e9es d\u2019interaction m\u00e9decin-patient \u00e0 un mod\u00e8le computationnel des feedbacks pour un patient virtuel<\/em><br><br><\/li>\n\n\n\n<li>Florian Verneuil,&nbsp;<strong>Master 1 <\/strong>in Ergonomy (Master Facteurs humains et ing\u00e9nierie des&nbsp;syst\u00e8mes d&#8217;information)&nbsp; &#8211; 2017- <em>Comparaison des comportements et de la perception des individus dans une interaction avec un patient virtuel avec diff\u00e9rents dispositifs immersifs<\/em><br><br><\/li>\n\n\n\n<li>Nathan Lieberman, <strong><strong><strong><strong>Master 2<\/strong><\/strong><\/strong><\/strong> in Computer Science<strong> <\/strong>&#8211; 2016 &#8211; <em><em><em><em><em><em>co-supervision with<\/em><\/em><\/em><\/em> <\/em><a rel=\"noreferrer noopener\" href=\"http:\/\/www.int.univ-amu.fr\/_CHAMINADE-Thierry_?lang=fr\" target=\"_blank\">Thierry Chaminade<\/a> (Institut de Neuroscience de la Timone)<\/em> <em>Analyse automatique des signaux socio-emotionnels dans les interactions humain-machine<\/em><br><br><\/li>\n\n\n\n<li>&nbsp;Florian Pecune, <strong><strong><strong><strong><strong>Master 2<\/strong><\/strong> <\/strong><\/strong><\/strong>in Cognitive Science (&#8220;Ing\u00e9nierie et Cognition&#8221;), Universit\u00e9 Paris 8-  2012 &#8211; <em><em><em><em><em><em>co-supervision with<\/em><\/em><\/em><\/em> <\/em> Catherine Pelachaud, &nbsp; Am\u00e9lioration du mod\u00e8le computationnel d&#8217;\u00e9motions FATIMA : mod\u00e9lisation d&#8217;attitudes sociales et des effets des \u00e9motions sur les actions<\/em><br><br><\/li>\n\n\n\n<li>Roman Miletitch, <strong><strong><strong><strong><strong>Master 2<\/strong><\/strong> <\/strong><\/strong><\/strong>in Computer Science &#8211;  Universit\u00e9 Paris 6 -2010 <em>&#8211; <em><em><em><em><em>co-supervision with<\/em><\/em><\/em><\/em> <\/em> Nicolas Sabouret <\/em> <em>Susciter l&#8217;\u00e9motion dans la narration automatique<\/em><\/li>\n<\/ul>\n","protected":false},"excerpt":{"rendered":"<p>Current supervisions PhD Previous supervisions PhD and Post-doc Master<\/p>\n","protected":false},"author":2,"featured_media":0,"parent":0,"menu_order":0,"comment_status":"closed","ping_status":"closed","template":"","meta":{"footnotes":""},"class_list":["post-37","page","type-page","status-publish","hentry"],"_links":{"self":[{"href":"https:\/\/pageperso.lis-lab.fr\/magalie.ochs\/index.php\/wp-json\/wp\/v2\/pages\/37","targetHints":{"allow":["GET"]}}],"collection":[{"href":"https:\/\/pageperso.lis-lab.fr\/magalie.ochs\/index.php\/wp-json\/wp\/v2\/pages"}],"about":[{"href":"https:\/\/pageperso.lis-lab.fr\/magalie.ochs\/index.php\/wp-json\/wp\/v2\/types\/page"}],"author":[{"embeddable":true,"href":"https:\/\/pageperso.lis-lab.fr\/magalie.ochs\/index.php\/wp-json\/wp\/v2\/users\/2"}],"replies":[{"embeddable":true,"href":"https:\/\/pageperso.lis-lab.fr\/magalie.ochs\/index.php\/wp-json\/wp\/v2\/comments?post=37"}],"version-history":[{"count":32,"href":"https:\/\/pageperso.lis-lab.fr\/magalie.ochs\/index.php\/wp-json\/wp\/v2\/pages\/37\/revisions"}],"predecessor-version":[{"id":575,"href":"https:\/\/pageperso.lis-lab.fr\/magalie.ochs\/index.php\/wp-json\/wp\/v2\/pages\/37\/revisions\/575"}],"wp:attachment":[{"href":"https:\/\/pageperso.lis-lab.fr\/magalie.ochs\/index.php\/wp-json\/wp\/v2\/media?parent=37"}],"curies":[{"name":"wp","href":"https:\/\/api.w.org\/{rel}","templated":true}]}}