{"id":32,"date":"2018-07-09T18:16:46","date_gmt":"2018-07-09T18:16:46","guid":{"rendered":"https:\/\/pageperso.lis-lab.fr\/cecile.capponi\/?page_id=32"},"modified":"2022-09-28T11:26:05","modified_gmt":"2022-09-28T11:26:05","slug":"enseignements","status":"publish","type":"page","link":"https:\/\/pageperso.lis-lab.fr\/cecile.capponi\/?page_id=32","title":{"rendered":"Enseignements"},"content":{"rendered":"<h3>Master Informatique 2020-2024<\/h3>\n<p>Depuis sept. 2020, je suis responsable du <a href=\"https:\/\/sciences.univ-amu.fr\/fr\/formation\/masters\/master-informatique\" target=\"_blank\" rel=\"noopener\">Master Informatique<\/a> de l&#8217;Universit\u00e9 Aix-Marseille. Je suis aussi responsable de la cr\u00e9ation du Master d&#8217;Informatique &#8220;nouvelle maquette&#8221; qui ouvrira en septembre 2024.<\/p>\n<h3>Enseignements 2022-2023<\/h3>\n<p>Vous cherchez un stage ? Ecrivez-moi en me pr\u00e9cisant vos motivations et votre CV.<\/p>\n<p>Les supports de cours, TD et TP des enseignements pour lesquels je suis charg\u00e9e de cours (italique) sont disponibles sur la plate-forme Ametice, r\u00e9serv\u00e9s aux \u00e9tudiants inscrits.<\/p>\n<h5>Licence Portail Marie Curie<\/h5>\n<ul>\n<li>Programmation Python<\/li>\n<\/ul>\n<h5>Licence d&#8217;Informatique<\/h5>\n<ul>\n<li><em>Introduction \u00e0 l&#8217;apprentissage automatique<\/em> (L3, option, Saint-Charles). C&#8217;est une option mutualis\u00e9e avec la licence math-info<\/li>\n<\/ul>\n<h5>Master d&#8217;Informatique<\/h5>\n<ul>\n<li><em>Introduction aux sciences des donn\u00e9es<\/em> (M1, Luminy)<\/li>\n<\/ul>\n<ul>\n<li><em>Introduction \u00e0 l&#8217;Apprentissage Automatique<\/em> (M1, Luminy, option; pr\u00e9requis: ISD ci-dessus).<\/li>\n<\/ul>\n<h5>Master de Math\u00e9matiques<\/h5>\n<ul>\n<li><em>Bases de donn\u00e9es relationnelles<\/em><\/li>\n<\/ul>\n","protected":false},"excerpt":{"rendered":"<p>Master Informatique 2020-2024 Depuis sept. 2020, je suis responsable du Master Informatique de l&#8217;Universit\u00e9 Aix-Marseille. Je suis aussi responsable de la cr\u00e9ation du Master d&#8217;Informatique &#8220;nouvelle maquette&#8221; qui ouvrira en septembre 2024. Enseignements 2022-2023 Vous cherchez un stage ? Ecrivez-moi en me pr\u00e9cisant vos motivations et votre CV. Les supports de cours, TD et TP &hellip; <a href=\"https:\/\/pageperso.lis-lab.fr\/cecile.capponi\/?page_id=32\" class=\"more-link\">Continue reading<span class=\"screen-reader-text\"> &#8220;Enseignements&#8221;<\/span><\/a><\/p>\n","protected":false},"author":1,"featured_media":0,"parent":0,"menu_order":0,"comment_status":"closed","ping_status":"closed","template":"","meta":{"footnotes":""},"class_list":["post-32","page","type-page","status-publish","hentry"],"_links":{"self":[{"href":"https:\/\/pageperso.lis-lab.fr\/cecile.capponi\/index.php?rest_route=\/wp\/v2\/pages\/32","targetHints":{"allow":["GET"]}}],"collection":[{"href":"https:\/\/pageperso.lis-lab.fr\/cecile.capponi\/index.php?rest_route=\/wp\/v2\/pages"}],"about":[{"href":"https:\/\/pageperso.lis-lab.fr\/cecile.capponi\/index.php?rest_route=\/wp\/v2\/types\/page"}],"author":[{"embeddable":true,"href":"https:\/\/pageperso.lis-lab.fr\/cecile.capponi\/index.php?rest_route=\/wp\/v2\/users\/1"}],"replies":[{"embeddable":true,"href":"https:\/\/pageperso.lis-lab.fr\/cecile.capponi\/index.php?rest_route=%2Fwp%2Fv2%2Fcomments&post=32"}],"version-history":[{"count":55,"href":"https:\/\/pageperso.lis-lab.fr\/cecile.capponi\/index.php?rest_route=\/wp\/v2\/pages\/32\/revisions"}],"predecessor-version":[{"id":273,"href":"https:\/\/pageperso.lis-lab.fr\/cecile.capponi\/index.php?rest_route=\/wp\/v2\/pages\/32\/revisions\/273"}],"wp:attachment":[{"href":"https:\/\/pageperso.lis-lab.fr\/cecile.capponi\/index.php?rest_route=%2Fwp%2Fv2%2Fmedia&parent=32"}],"curies":[{"name":"wp","href":"https:\/\/api.w.org\/{rel}","templated":true}]}}