{"id":982,"date":"2021-12-15T00:23:30","date_gmt":"2021-12-14T23:23:30","guid":{"rendered":"https:\/\/pageperso.lis-lab.fr\/bernard.espinasse\/nouveausite\/?page_id=982"},"modified":"2022-01-09T23:23:25","modified_gmt":"2022-01-09T22:23:25","slug":"these-marcio-spinosa","status":"publish","type":"page","link":"https:\/\/pageperso.lis-lab.fr\/bernard.espinasse\/index.php\/these-marcio-spinosa\/","title":{"rendered":"These Marcio Spinosa"},"content":{"rendered":"<p><strong><img loading=\"lazy\" decoding=\"async\" class=\"size-full wp-image-443 alignleft\" src=\"https:\/\/pageperso.lis-lab.fr\/bernard.espinasse\/wp-content\/uploads\/2021\/12\/Marcio-these.png\" alt=\"\" width=\"125\" height=\"128\" \/><span style=\"font-size: 14pt;\">Luis Marcio Spinosa<\/span><\/strong><span style=\"font-size: 14pt;\">, \u00ab Contribution \u00e0 la mod\u00e9lisation d&rsquo;entreprises manufacturi\u00e8res distribu\u00e9es fond\u00e9e sur une approche multi-agents \u00bb.<\/span><\/p>\n<p><span style=\"font-size: 14pt;\"><a href=\"https:\/\/pageperso.lis-lab.fr\/bernard.espinasse\/nouveausite\/wp-content\/uploads\/2021\/12\/these-marcio-spinosa\" target=\"_blank\" rel=\"noopener\">Manuscrit<\/a><\/span><\/p>\n<p><span style=\"font-size: 14pt;\"><strong>R\u00e9sum\u00e9<\/strong><\/span><\/p>\n<p><span style=\"font-size: 14pt;\" xml:lang=\"fr\">Les travaux de recherche d\u00e9velopp\u00e9s dans cette th\u00e8se s&rsquo;inscrivent dans un contexte d&rsquo;activites relevant a la fois de l&rsquo;intelligence artificielle et de la productique, que d&rsquo;aucuns appellent productique distribu\u00e9e et intelligente. Ils contribuent a l\u2019\u00e9mergence de nouveaux concepts, tant sur le plan d\u00e9finitoire que sur le plan op\u00e9ratoire, permettant de mieux appr\u00e9hender la mod\u00e9lisation des syst\u00e8mes de production et, par cons\u00e9quence, de mieux maitriser la productique distribu\u00e9e et intelligente. Nous avons introduit un nouveau concept: EMD (entreprise manufacturi\u00e8re distribu\u00e9e). L&rsquo;EMD d\u00e9finie, a partir d&rsquo;un point de vue cognitif, un mod\u00e8le conceptuel permettant de caract\u00e9riser deux points importants de la productique distribu\u00e9e et intelligente: (i) la r\u00e9partition a la fois de comp\u00e9tences et des capacit\u00e9s d\u00e9cisionnelles de l&rsquo;entreprise conduisant a la caract\u00e9risation d&rsquo;unit\u00e9s autonomes et (ii) le d\u00e9veloppement de strat\u00e9gies de coop\u00e9ration entre ces unit\u00e9s. Pour la mise en \u0153uvre de l&rsquo;EMD nous avons d\u00e9fini un nouveau paradigme de modelisation nomme AOP3S (agent oriented programming paradigm for production systems). AOP3S est oriente connaissance ; il utilise certaines notions de l&rsquo;architecture CIMOSA (computer integrated manufacturing open system architecture) ; et enfin, il adopte les syst\u00e8mes multi-agents comme m\u00e9thodes et outils de mod\u00e9lisation. AOP3S dispose d&rsquo;un langage de repr\u00e9sentation de connaissances oriente-objet permettant de construire des mod\u00e8les op\u00e9ratoires a partir du mod\u00e8le conceptuel de l&rsquo;EMD. L&rsquo;utilisation de ce langage a des fins de simulation est dict\u00e9e par une d\u00e9marche m\u00e9thodologique<\/span><\/p>\n<p><span style=\"font-size: 14pt;\"><strong><em>Abstract<\/em><\/strong><\/span><\/p>\n<p><span style=\"font-size: 14pt;\"><em>The research work developed in this thesis is part of a context of activities related to both artificial intelligence and production engineering, which some people call distributed and intelligent production engineering. They contribute to the emergence of new concepts, both at the definitional and operational levels, allowing a better understanding of the modelling of production systems and, consequently, a better mastery of distributed and intelligent automation. We have introduced a new concept: EMD (distributed manufacturing enterprise). The EMD defines, from a cognitive point of view, a conceptual model allowing to characterize two important points of the distributed and intelligent production: (i) the distribution of both competences and decisional capacities of the firm leading to the characterization of autonomous units and (ii) the development of cooperation strategies between these units. For the implementation of EMD we have defined a new modelling paradigm called AOP3S (agent oriented programming paradigm for production systems). AOP3S is knowledge oriented; it uses some notions of CIMOSA (computer integrated manufacturing open system architecture); and finally, it adopts multi-agent systems as modelling methods and tools. AOP3S has an object-oriented knowledge representation language for building operational models from the EMD conceptual model. The use of this language for simulation purposes is dictated by a methodological approach<\/em><\/span><\/p>\n<p>&nbsp;<\/p>\n","protected":false},"excerpt":{"rendered":"<p>Luis Marcio Spinosa, \u00ab Contribution \u00e0 la mod\u00e9lisation d&rsquo;entreprises manufacturi\u00e8res distribu\u00e9es fond\u00e9e sur une approche multi-agents \u00bb. Manuscrit R\u00e9sum\u00e9 Les travaux de recherche d\u00e9velopp\u00e9s dans cette th\u00e8se s&rsquo;inscrivent dans un contexte d&rsquo;activites relevant a la fois de l&rsquo;intelligence artificielle et de la productique, que d&rsquo;aucuns appellent productique distribu\u00e9e et intelligente. Ils contribuent a l\u2019\u00e9mergence de &hellip; <\/p>\n<p class=\"link-more\"><a href=\"https:\/\/pageperso.lis-lab.fr\/bernard.espinasse\/index.php\/these-marcio-spinosa\/\" class=\"more-link\">Continuer la lecture <span class=\"screen-reader-text\"> \u00ab\u00a0These Marcio Spinosa\u00a0\u00bb<\/span><\/a><\/p>\n","protected":false},"author":2,"featured_media":0,"parent":0,"menu_order":0,"comment_status":"closed","ping_status":"closed","template":"","meta":{"_crdt_document":"","footnotes":""},"class_list":["post-982","page","type-page","status-publish","hentry","entry"],"_links":{"self":[{"href":"https:\/\/pageperso.lis-lab.fr\/bernard.espinasse\/index.php\/wp-json\/wp\/v2\/pages\/982","targetHints":{"allow":["GET"]}}],"collection":[{"href":"https:\/\/pageperso.lis-lab.fr\/bernard.espinasse\/index.php\/wp-json\/wp\/v2\/pages"}],"about":[{"href":"https:\/\/pageperso.lis-lab.fr\/bernard.espinasse\/index.php\/wp-json\/wp\/v2\/types\/page"}],"author":[{"embeddable":true,"href":"https:\/\/pageperso.lis-lab.fr\/bernard.espinasse\/index.php\/wp-json\/wp\/v2\/users\/2"}],"replies":[{"embeddable":true,"href":"https:\/\/pageperso.lis-lab.fr\/bernard.espinasse\/index.php\/wp-json\/wp\/v2\/comments?post=982"}],"version-history":[{"count":9,"href":"https:\/\/pageperso.lis-lab.fr\/bernard.espinasse\/index.php\/wp-json\/wp\/v2\/pages\/982\/revisions"}],"predecessor-version":[{"id":1193,"href":"https:\/\/pageperso.lis-lab.fr\/bernard.espinasse\/index.php\/wp-json\/wp\/v2\/pages\/982\/revisions\/1193"}],"wp:attachment":[{"href":"https:\/\/pageperso.lis-lab.fr\/bernard.espinasse\/index.php\/wp-json\/wp\/v2\/media?parent=982"}],"curies":[{"name":"wp","href":"https:\/\/api.w.org\/{rel}","templated":true}]}}