{"id":975,"date":"2021-12-15T00:11:11","date_gmt":"2021-12-14T23:11:11","guid":{"rendered":"https:\/\/pageperso.lis-lab.fr\/bernard.espinasse\/nouveausite\/?page_id=975"},"modified":"2022-01-10T08:03:43","modified_gmt":"2022-01-10T07:03:43","slug":"these-louis-cloutier","status":"publish","type":"page","link":"https:\/\/pageperso.lis-lab.fr\/bernard.espinasse\/index.php\/these-louis-cloutier\/","title":{"rendered":"These Louis Cloutier"},"content":{"rendered":"<p><strong><img loading=\"lazy\" decoding=\"async\" class=\" wp-image-1087 alignleft\" src=\"https:\/\/pageperso.lis-lab.fr\/bernard.espinasse\/wp-content\/uploads\/2021\/12\/Louis-these.jpg\" alt=\"\" width=\"144\" height=\"156\" \/> <span style=\"font-size: 14pt;\">Louis Cloutier<\/span><\/strong><span style=\"font-size: 14pt;\">, \u00ab Contribution \u00e0 coordination de l\u2019entreprise manufacturi\u00e8re distribu\u00e9e par une approche multi-agents inspir\u00e9e de la th\u00e9orie des contrats \u00bb. Soutenu en 1999.<\/span><\/p>\n<p>&nbsp;<\/p>\n<p><span style=\"font-size: 14pt;\"><a href=\"https:\/\/pageperso.lis-lab.fr\/bernard.espinasse\/nouveausite\/wp-content\/uploads\/2021\/12\/These-L.Cloutier-1999.pdf\" target=\"_blank\" rel=\"noopener\">Manuscrit.<\/a><\/span><\/p>\n<p><span style=\"font-size: 14pt;\"><strong>R\u00e9sum\u00e9<\/strong><\/span><\/p>\n<p><span style=\"font-size: 14pt;\">Le nouveau contexte \u00e9conomique de march\u00e9 global pousse les entreprises manufacturi\u00e8res \u00e0 revoir leur mode de fonctionnement et leur structure en misant sur la d\u00e9centralisation des responsabilit\u00e9s et des pouvoirs d\u00e9cisionnels et en tirant profit des avantages qu&rsquo;offrent les technologies de l&rsquo;information. Dans cette perspective, de nouvelles structures d&rsquo;entreprises ont \u00e9t\u00e9 propos\u00e9es dont notamment l&rsquo;entreprise r\u00e9seau. Notre appr\u00e9hendons dans cette th\u00e8se la probl\u00e9matique de la coordination des activit\u00e9s de l&rsquo;entreprise manufacturi\u00e8re r\u00e9seau par l&rsquo;\u00e9change d&rsquo;informations \u00e9lectroniques. Nous avons retenu une approche inspir\u00e9e de deux courants de recherche principaux: la th\u00e9orie des contrats relevant des sciences \u00e9conomiques et les syst\u00e8mes multi-agents issus de l&rsquo;intelligence artificielle distribu\u00e9e. Nous avons adopt\u00e9 une approche scientifiques en trois \u00e9tapes. Nous proposons d&rsquo;abord un cadre de coordination pour l&rsquo;entreprise manufacturi\u00e8re r\u00e9seau appel\u00e9 CAT (Convention, Accord et Transaction). Ce cadre de coordination, qui fait entre autres intervenir les notions de protocole de conversation et de r\u00e8gle de contingence, est ensuite mis en \u0153uvre dans une architecture d\u00e9lib\u00e9rative d&rsquo;agent appel\u00e9 ACTEL (Agent de Coordination de Transactions \u00c9Lectroniques) dont nous sp\u00e9cifions le fonctionnement. ACTEL a \u00e9t\u00e9 d\u00e9velopp\u00e9 en JAVA et utilise le syst\u00e8me \u00e0 base de r\u00e8gles JESS. Pour la communication entre agents, nous avons retenu le standard ACL propos\u00e9 par la FIPA (Foundation for Intelligent Physical Agents). En dernier lieu, un exemple visant \u00e0 valider CAT et ACTEL est d\u00e9velopp\u00e9. Cette exp\u00e9rimentation nous permet en outre de mettre en \u00e9vidence les avantages et limites des concepts propos\u00e9s et d&rsquo;identifier un ensemble de perspectives de travail.<\/span><br \/>\n<span style=\"font-size: 14pt;\"><em><strong>Abstract<\/strong><\/em><\/span><br \/>\n<span style=\"font-size: 14pt;\"><em>The new economic and global market context has led manufacturing enterprises to transform their structures and way they operate. They now focus on the decentralization of responsibilities and decision power and on the extensive use of new information technologies. In this perspective, new enterprise structures such as the network enterprise are proposed. In this thesis, our problematic concerns the coordination of activities in the network manufacturing enterprise through electronic information exchange. We have adopted an approach inspired of two main research areas: the contract theory of economic science and multi-agent systems studied in distributed artificial intelligence. Our scientific approach is composed of three main steps. First, we propose a coordination framework named CAT (Convention, Agreement and Transaction) for the network manufacturing enterprise. This coordination framework includes, among others, the notions of conversation protocol and contingency rule. This framework is implemented into a deliberative agent architecture named ACTEL. This agent architecture is developed in JAVA and uses the JESS rule-based system. For agent communication we have adopted the ACL standard proposed by the FIPA (Foundation for Intelligent Physical Agents). Finally, a real example is presented and used to validate CAT and ACTEL. This experiment has led us to bring to the fore advantages and limitations of the proposed concepts and to identify a set of work perspectives.<\/em><\/span><\/p>\n<p><img loading=\"lazy\" decoding=\"async\" class=\" wp-image-1079 aligncenter\" src=\"https:\/\/pageperso.lis-lab.fr\/bernard.espinasse\/wp-content\/uploads\/2021\/12\/Soutenance-Louis-Clouitier-300x187.jpeg\" alt=\"\" width=\"467\" height=\"290\" srcset=\"https:\/\/pageperso.lis-lab.fr\/bernard.espinasse\/wp-content\/uploads\/2021\/12\/Soutenance-Louis-Clouitier-300x187.jpeg 300w, https:\/\/pageperso.lis-lab.fr\/bernard.espinasse\/wp-content\/uploads\/2021\/12\/Soutenance-Louis-Clouitier.jpeg 471w\" sizes=\"auto, (max-width: 467px) 100vw, 467px\" \/><\/p>\n<p>&nbsp;<\/p>\n","protected":false},"excerpt":{"rendered":"<p>Louis Cloutier, \u00ab Contribution \u00e0 coordination de l\u2019entreprise manufacturi\u00e8re distribu\u00e9e par une approche multi-agents inspir\u00e9e de la th\u00e9orie des contrats \u00bb. Soutenu en 1999. &nbsp; Manuscrit. R\u00e9sum\u00e9 Le nouveau contexte \u00e9conomique de march\u00e9 global pousse les entreprises manufacturi\u00e8res \u00e0 revoir leur mode de fonctionnement et leur structure en misant sur la d\u00e9centralisation des responsabilit\u00e9s et &hellip; <\/p>\n<p class=\"link-more\"><a href=\"https:\/\/pageperso.lis-lab.fr\/bernard.espinasse\/index.php\/these-louis-cloutier\/\" class=\"more-link\">Continuer la lecture <span class=\"screen-reader-text\"> \u00ab\u00a0These Louis Cloutier\u00a0\u00bb<\/span><\/a><\/p>\n","protected":false},"author":2,"featured_media":0,"parent":0,"menu_order":0,"comment_status":"closed","ping_status":"closed","template":"","meta":{"_crdt_document":"","footnotes":""},"class_list":["post-975","page","type-page","status-publish","hentry","entry"],"_links":{"self":[{"href":"https:\/\/pageperso.lis-lab.fr\/bernard.espinasse\/index.php\/wp-json\/wp\/v2\/pages\/975","targetHints":{"allow":["GET"]}}],"collection":[{"href":"https:\/\/pageperso.lis-lab.fr\/bernard.espinasse\/index.php\/wp-json\/wp\/v2\/pages"}],"about":[{"href":"https:\/\/pageperso.lis-lab.fr\/bernard.espinasse\/index.php\/wp-json\/wp\/v2\/types\/page"}],"author":[{"embeddable":true,"href":"https:\/\/pageperso.lis-lab.fr\/bernard.espinasse\/index.php\/wp-json\/wp\/v2\/users\/2"}],"replies":[{"embeddable":true,"href":"https:\/\/pageperso.lis-lab.fr\/bernard.espinasse\/index.php\/wp-json\/wp\/v2\/comments?post=975"}],"version-history":[{"count":11,"href":"https:\/\/pageperso.lis-lab.fr\/bernard.espinasse\/index.php\/wp-json\/wp\/v2\/pages\/975\/revisions"}],"predecessor-version":[{"id":1200,"href":"https:\/\/pageperso.lis-lab.fr\/bernard.espinasse\/index.php\/wp-json\/wp\/v2\/pages\/975\/revisions\/1200"}],"wp:attachment":[{"href":"https:\/\/pageperso.lis-lab.fr\/bernard.espinasse\/index.php\/wp-json\/wp\/v2\/media?parent=975"}],"curies":[{"name":"wp","href":"https:\/\/api.w.org\/{rel}","templated":true}]}}