{"id":70,"date":"2021-12-09T08:30:14","date_gmt":"2021-12-09T07:30:14","guid":{"rendered":"https:\/\/pageperso.lis-lab.fr\/bernard.espinasse\/nouveausite\/?page_id=70"},"modified":"2022-04-28T12:05:15","modified_gmt":"2022-04-28T10:05:15","slug":"cv","status":"publish","type":"page","link":"https:\/\/pageperso.lis-lab.fr\/bernard.espinasse\/index.php\/cv\/","title":{"rendered":"Curriculum Vitae"},"content":{"rendered":"\r\n<p class=\"wp-block-paragraph\"><span style=\"font-size: 12pt;\"><strong>CV in PDF (English) :<\/strong><\/span><\/p>\r\n<ul>\r\n<li><span style=\"font-size: 12pt;\"><a href=\"https:\/\/pageperso.lis-lab.fr\/bernard.espinasse\/wp-content\/uploads\/2022\/04\/CV_BE_Engl-short-since-2012-avril2022.pdf\">Short (8 pages &#8211; since 2012)<\/a><\/span><\/li>\r\n<li><span style=\"font-size: 14pt;\"><a href=\"https:\/\/pageperso.lis-lab.fr\/bernard.espinasse\/wp-content\/uploads\/2022\/04\/CV_BE_Engl-complete-avril2022.pdf\"><span style=\"font-size: 12pt;\">Complete (14 pages)<\/span><\/a><\/span><\/li>\r\n<\/ul>\r\n<p><span style=\"font-size: 12pt;\"><strong>CV en PDF (Fran\u00e7ais) :<\/strong><\/span><\/p>\r\n<ul>\r\n<li><span style=\"font-size: 12pt;\"><a href=\"https:\/\/pageperso.lis-lab.fr\/bernard.espinasse\/wp-content\/uploads\/2022\/04\/CV_BE_Franc\u0327ais-court-depuis-2012-avril2022.pdf\">Court (8 pages &#8211; depuis 2012)<\/a><\/span><\/li>\r\n<li><a href=\"https:\/\/pageperso.lis-lab.fr\/bernard.espinasse\/wp-content\/uploads\/2022\/04\/CV_BE_Franc\u0327ais-complet-avril2022.pdf\"><span style=\"font-size: 12pt;\">Complet (15 pages)<\/span><\/a><\/li>\r\n<\/ul>\r\n<p class=\"has-large-font-size\"><span style=\"font-size: 14pt;\"><strong>Formation \/ <em>Academics<\/em><\/strong><\/span><\/p>\r\n<p><span style=\"font-size: 14pt;\">\r\n\r\n<\/span><\/p>\r\n<ul class=\"wp-block-list\">\r\n<li><span style=\"font-size: 14pt;\">1995\u00a0\u00a0\u00a0 Habilitation \u00e0 Diriger des Recherches en Sciences (HDR) en Informatique &#8211; Accreditation to Supervise Research, Aix-Marseille Universit\u00e9 (AMU). Dissertation: \u00ab\u00a0Contribution \u00e0 l&rsquo;ing\u00e9nierie des syst\u00e8mes d&rsquo;information intelligents, distribu\u00e9s et coop\u00e9ratifs\u00a0\u00bb. Soutenue le 29 mai 1995. Jury : J-C. Bertrand, E. Chouraqui, J. Kouloumdjian (rapporteur), D. Pascot, J-Ch. Pomerol (rapporteur), M. Singh.<\/span><\/li>\r\n<li><span style=\"font-size: 14pt;\">198l\u00a0\u00a0\u00a0 Doctorat en Syst\u00e8mes d\u2019Information &#8211; PhD Thesis, Aix-Marseille Universit\u00e9 (AMU). Direction : J-L. Le Moigne. Dissertation: \u00ab\u00a0Autonomie et intelligence organisationnelle, \u00e9l\u00e9ments th\u00e9oriques et applications \u00e0 la conception de syst\u00e8mes d&rsquo;information intelligents\u00a0\u00bb. Th\u00e8se effectu\u00e9e en tant qu&rsquo;allocataire de recherche C.N.R.S. au GRASCE URA CNRS N\u00b0935. Soutenue le 15 juillet 1981. Mention tr\u00e8s honorable avec f\u00e9licitations du jury. Jury : J-L. Le Moigne, C. Jameux, J-L. Maloin, B. Munier, H. Tardieu, R. Tremoli\u00e8res.<\/span><\/li>\r\n<li><span style=\"font-size: 14pt;\">1979\u00a0\u00a0\u00a0 D.E.A. &#8211; Research Master &#8211;\u00a0 Analyse de Syst\u00e8mes et Calcul Economique, AMU.<\/span><\/li>\r\n<li><span style=\"font-size: 14pt;\">1978\u00a0\u00a0\u00a0 D.E.S.S. CAAE (Certificat d&rsquo;Aptitude \u00e0 l&rsquo;Administration des Entreprises &#8211; <em>MBA<\/em>),\u00a0I.A.E. d&rsquo;Aix-en-Provence, AMU.<\/span><\/li>\r\n<li><span style=\"font-size: 14pt;\">1977\u00a0\u00a0\u00a0 Dipl\u00f4me d&rsquo;Ing\u00e9nieur (<em>Diploma of Engineer<\/em>)\u00a0&#8211;\u00a0 l&rsquo;Ecole Nationale Sup\u00e9rieure d&rsquo;Arts et M\u00e9tiers de Paris (ENSAM).<\/span><\/li>\r\n<\/ul>\r\n<p><span style=\"font-size: 14pt;\">\r\n\r\n<\/span><\/p>\r\n<p class=\"has-large-font-size wp-block-paragraph\"><span style=\"font-size: 14pt;\"><strong>Carri\u00e8re \/ <\/strong><strong><em>Positions<\/em><\/strong><\/span><\/p>\r\n<p><span style=\"font-size: 14pt;\">\r\n\r\n<\/span><\/p>\r\n<ul class=\"wp-block-list\">\r\n<li><span style=\"font-size: 14pt;\">96 &#8211; \u2026\u00a0 Professeur des Universit\u00e9s (Classe Exceptionnelle 2 &#8211; CNU 27), &#8211; <em>Full Professor<\/em> &#8211; Aix-Marseille Universit\u00e9 (AMU) en informatique &#8211; in computer sciences, Ecole Polytechnique Universitaire de Marseille (Polytech-Marseille).<\/span><\/li>\r\n<li><span style=\"font-size: 14pt;\">93 &#8211; \u2026\u00a0 Recherche\/<em>Research<\/em>: LIS (Laboratoire Informatique et Syst\u00e8mes -UMR CNRS N\u00b07020), AMU &amp; Universit\u00e9 de Toulon, responsable de 1998 \u00e0 2008 de l\u2019\u00e9quipe INCOD (Information et Connaissance Distribu\u00e9es) et de 2009 \u00e0 2013 de l&rsquo;\u00e9quipe OASIS (Ontologies, Agents &amp; Services oriented Information Systems).<\/span><\/li>\r\n<li><span style=\"font-size: 14pt;\">87-96\u00a0\u00a0 Ma\u00eetre de Conf\u00e9rences\u00a0&#8211; <em>Assistant Professor<\/em> &#8211; AMU, Facult\u00e9 d&rsquo;Economie Appliqu\u00e9e, MIAGE\u00a0 (Ma\u00eetrise en Informatique Appliqu\u00e9e \u00e0 la Gestion).<\/span><\/li>\r\n<li><span style=\"font-size: 14pt;\">87-93\u00a0 \u00a0Recherche\/<em>Research<\/em>: GRASCE (URA CNRS N\u00b0935), AMU.<\/span><\/li>\r\n<li><span style=\"font-size: 14pt;\">88-95\u00a0\u00a0 Directeur scientifique de l&rsquo;Institut Syst\u00e9mia &#8211; <em>Scientific Director<\/em>, Institut de recherche et d\u00e9veloppement et formation professionnelle sp\u00e9cialis\u00e9e en informatique avanc\u00e9e. Responsable d&rsquo;un Mast\u00e8re Sp\u00e9cialis\u00e9 en Syst\u00e8mes d&rsquo;Information et Intelligence Artificielle et de projets de R&amp;D dont un projet europ\u00e9en Brite-Euram.<\/span><\/li>\r\n<li><span style=\"font-size: 14pt;\">86-87\u00a0\u00a0 Responsable scientifique &#8211; <em>Scientific Responsable<\/em>, au d\u00e9partement formation et recherche de l&rsquo;IIRIAM (Institut International de Robotique et d&rsquo;Intelligence Artificielle de Marseille).<\/span><\/li>\r\n<li><span style=\"font-size: 14pt;\">83-87\u00a0\u00a0 Professeur Associ\u00e9 &#8211; <em>Assistant Professor<\/em> &#8211; \u00e0 l\u2019Universit\u00e9 Laval (Qu\u00e9bec \u2013 Canada) \u00e0 la Facult\u00e9 des Sciences de l&rsquo;Administration (FSA), D\u00e9partement Syst\u00e8mes d&rsquo;Information Organisationnels.<\/span><\/li>\r\n<li><span style=\"font-size: 14pt;\">81-83\u00a0\u00a0\u00a0 Chef de projet informatique &#8211; <em>Project manager<\/em> Soci\u00e9t\u00e9 COMEX (Marseille).<\/span><\/li>\r\n<\/ul>\r\n","protected":false},"excerpt":{"rendered":"<p>CV in PDF (English) : Short (8 pages &#8211; since 2012) Complete (14 pages) CV en PDF (Fran\u00e7ais) : Court (8 pages &#8211; depuis 2012) Complet (15 pages) Formation \/ Academics 1995\u00a0\u00a0\u00a0 Habilitation \u00e0 Diriger des Recherches en Sciences (HDR) en Informatique &#8211; Accreditation to Supervise Research, Aix-Marseille Universit\u00e9 (AMU). Dissertation: \u00ab\u00a0Contribution \u00e0 l&rsquo;ing\u00e9nierie des &hellip; <\/p>\n<p class=\"link-more\"><a href=\"https:\/\/pageperso.lis-lab.fr\/bernard.espinasse\/index.php\/cv\/\" class=\"more-link\">Continuer la lecture <span class=\"screen-reader-text\"> \u00ab\u00a0Curriculum Vitae\u00a0\u00bb<\/span><\/a><\/p>\n","protected":false},"author":2,"featured_media":0,"parent":0,"menu_order":0,"comment_status":"closed","ping_status":"closed","template":"","meta":{"_crdt_document":"","footnotes":""},"class_list":["post-70","page","type-page","status-publish","hentry","entry"],"_links":{"self":[{"href":"https:\/\/pageperso.lis-lab.fr\/bernard.espinasse\/index.php\/wp-json\/wp\/v2\/pages\/70","targetHints":{"allow":["GET"]}}],"collection":[{"href":"https:\/\/pageperso.lis-lab.fr\/bernard.espinasse\/index.php\/wp-json\/wp\/v2\/pages"}],"about":[{"href":"https:\/\/pageperso.lis-lab.fr\/bernard.espinasse\/index.php\/wp-json\/wp\/v2\/types\/page"}],"author":[{"embeddable":true,"href":"https:\/\/pageperso.lis-lab.fr\/bernard.espinasse\/index.php\/wp-json\/wp\/v2\/users\/2"}],"replies":[{"embeddable":true,"href":"https:\/\/pageperso.lis-lab.fr\/bernard.espinasse\/index.php\/wp-json\/wp\/v2\/comments?post=70"}],"version-history":[{"count":23,"href":"https:\/\/pageperso.lis-lab.fr\/bernard.espinasse\/index.php\/wp-json\/wp\/v2\/pages\/70\/revisions"}],"predecessor-version":[{"id":1611,"href":"https:\/\/pageperso.lis-lab.fr\/bernard.espinasse\/index.php\/wp-json\/wp\/v2\/pages\/70\/revisions\/1611"}],"wp:attachment":[{"href":"https:\/\/pageperso.lis-lab.fr\/bernard.espinasse\/index.php\/wp-json\/wp\/v2\/media?parent=70"}],"curies":[{"name":"wp","href":"https:\/\/api.w.org\/{rel}","templated":true}]}}