{"id":565,"date":"2021-12-12T08:23:36","date_gmt":"2021-12-12T07:23:36","guid":{"rendered":"https:\/\/pageperso.lis-lab.fr\/bernard.espinasse\/nouveausite\/?page_id=565"},"modified":"2021-12-15T22:28:32","modified_gmt":"2021-12-15T21:28:32","slug":"en-bref-in-short","status":"publish","type":"page","link":"https:\/\/pageperso.lis-lab.fr\/bernard.espinasse\/index.php\/en-bref-in-short\/","title":{"rendered":"En bref\/In short"},"content":{"rendered":"<p><span style=\"font-size: 14pt;\"><big><big>En bref<\/big><big> &#8230;<\/big><\/big><\/span><\/p>\n<ul>\n<li><span style=\"font-size: 14pt;\"><big>Fonctions <\/big>:<\/span>\n<ul>\n<li><span style=\"font-size: 14pt;\">Depuis 1996: Professeur des Universit\u00e9s en informatique (Classe Exceptionnelle 2 CNU) \u00e0 Aix-Marseille Universit\u00e9 (AMU), en poste \u00e0 l&rsquo;Ecole Polytechnique Universitaire de Marseille (Polytech-Marseille), France.<\/span><\/li>\n<li><span style=\"font-size: 14pt;\">1987-1996: Ma\u00eetre de Conf\u00e9rences, MIAGE de la Facult\u00e9 d&rsquo;Economie Appliqu\u00e9e, Aix-Marseille Universit\u00e9.<\/span><\/li>\n<li><span style=\"font-size: 14pt;\">1983-1987: Professeur Adjoint (Assistant Professor) \u00e0 l&rsquo;Universit\u00e9 Laval, Quebec, Canada.<\/span><\/li>\n<li><span style=\"font-size: 14pt;\">1981-1983: Chef de projet, soci\u00e9t\u00e9 COMEX, Marseille, France.<\/span><\/li>\n<\/ul>\n<\/li>\n<li><span style=\"font-size: 14pt;\"><big>Enseignements <\/big>: la plupart de mes enseignements sont faits \u00e0 l&rsquo;Ecole Polytechnique Universitaire de Marseille (EPUM-Polytech Marseille) dans les d\u00e9partements G\u00e9nie Industriel et Informatique. Ils concernent principalement les bases de donn\u00e9es, les syst\u00e8mes d&rsquo;information, le g\u00e9nie logiciel, l&rsquo;intelligence artificielle, les syst\u00e8mes multi-agents, les ontologies et le web s\u00e9mantique.<\/span><\/li>\n<li><span style=\"font-size: 14pt;\"><big>Recherche<\/big> :\u00a0 Je suis chercheur au LIS UMR CNRS 7020 (Laboratoire d&rsquo;informatique et Syst\u00e8mes) dans le P\u00f4le \u00ab\u00a0Sciences des donn\u00e9es\u00a0\u00bb. J&rsquo;ai \u00e9t\u00e9 responsable d&rsquo;\u00e9quipes pendant une quinzaine d&rsquo;ann\u00e9es. Mes int\u00e9r\u00eats de recherche actuels sont la recherche et l&rsquo;extraction d&rsquo;information \u00e0 base d&rsquo;apprentissage et d&rsquo;ontologies, le Web s\u00e9mantique, ainsi que l&rsquo;aide \u00e0 la d\u00e9cision avec modelisation et simulation \u00e0 base d&rsquo;agents, les jeux s\u00e9rieux.<\/span><\/li>\n<li><span style=\"font-size: 14pt;\"><big>Formation:<\/big> Ing\u00e9nieur de l&rsquo;Ecole Nationale Sup\u00e9rieur des Arts et M\u00e9tiers (1977 &#8211; Paris); Diplom\u00e9 CAAE de l&rsquo;Institut d&rsquo;Administration des Entreprises (IAE) d&rsquo;Aix-enProvence (1978); Doctorat en Syst\u00e8mes d&rsquo;information, Aix-Marseille Universit\u00e9 (1981- Dir. Jean-Louis LeMoigne); Habilitation \u00e0 Diriger des Recherches, Aix-Marseille Universit\u00e9 (1995).<\/span><\/li>\n<\/ul>\n<p><span style=\"font-size: 14pt;\"><big><big><\/big><em><big> In short &#8230;<\/big><\/em><\/big><\/span><\/p>\n<ul>\n<li><span style=\"font-size: 14pt;\"><em><big>Positions<\/big>:<\/em><\/span>\n<ul>\n<li><span style=\"font-size: 14pt;\"><em>Since 1996: Full Professor in Computer Science (Exceptional Class) at the Aix-Marseille University (AMU), Ecole Polytechnique Universitaire de Marseille (EPUM-Polytech Marseille).<\/em><\/span><\/li>\n<li><span style=\"font-size: 14pt;\"><em>1987-1996: Assistant professor at the Aix-Marseille University, in the MIAGE program of the Economic Sciences Faculty.<\/em><\/span><\/li>\n<li><span style=\"font-size: 14pt;\"><em>1983-1987: Associate Professor at the Laval University, Quebec, Canada.<\/em><\/span><\/li>\n<li><span style=\"font-size: 14pt;\"><em>1981-1983: Project manager, COMEX Company, Marseille, France.<\/em><\/span><\/li>\n<\/ul>\n<\/li>\n<li><span style=\"font-size: 14pt;\"><em><big>Teaching<\/big>: Ecole Polytechnique Universitaire de Marseille (EPUM-Polytech Marseille). My teaching mainly concerns\u00a0 Database Technology, Information Systems, Ontologies and semantic Web .<\/em><\/span><\/li>\n<li><span style=\"font-size: 14pt;\"><em><big>Research<\/big>: permanent member of the LIS UMR CNRS 7020 (Laboratoire d&rsquo;informatique et Syst\u00e8mes), research laboratory, in the P\u00f4le \u00ab\u00a0Data Science\u00a0\u00bb. I have been head of research teams for fifteen years. My current research topics mainly concern information retrieval and extration on the web, based on machine learning and ontologies, decision support system using agent based modelling and simulation, serious games.<\/em><\/span><\/li>\n<li><span style=\"font-size: 14pt;\"><em><big>Academic<\/big>: Engineer from the Ecole Nationale Sup\u00e9rieure des Arts et M\u00e9tiers (1977 &#8211; Paris); Diploma from the Institut d&rsquo;Administration des Entreprises (MBA) of Aix-en-Provence (1978); Doctorat in Information Systems, Aix-Marseille Universit\u00e9 (1981- Superv. Jean-Louis LeMoigne); Abilitation to Supervise Researches (Habilitation \u00e0 Diriger des Recherches), Aix-Marseille Universit\u00e9 (1995).<\/em><\/span><\/li>\n<\/ul>\n","protected":false},"excerpt":{"rendered":"<p>En bref &#8230; Fonctions : Depuis 1996: Professeur des Universit\u00e9s en informatique (Classe Exceptionnelle 2 CNU) \u00e0 Aix-Marseille Universit\u00e9 (AMU), en poste \u00e0 l&rsquo;Ecole Polytechnique Universitaire de Marseille (Polytech-Marseille), France. 1987-1996: Ma\u00eetre de Conf\u00e9rences, MIAGE de la Facult\u00e9 d&rsquo;Economie Appliqu\u00e9e, Aix-Marseille Universit\u00e9. 1983-1987: Professeur Adjoint (Assistant Professor) \u00e0 l&rsquo;Universit\u00e9 Laval, Quebec, Canada. 1981-1983: Chef de &hellip; <\/p>\n<p class=\"link-more\"><a href=\"https:\/\/pageperso.lis-lab.fr\/bernard.espinasse\/index.php\/en-bref-in-short\/\" class=\"more-link\">Continuer la lecture <span class=\"screen-reader-text\"> \u00ab\u00a0En bref\/In short\u00a0\u00bb<\/span><\/a><\/p>\n","protected":false},"author":2,"featured_media":0,"parent":0,"menu_order":0,"comment_status":"closed","ping_status":"closed","template":"","meta":{"_crdt_document":"","footnotes":""},"class_list":["post-565","page","type-page","status-publish","hentry","entry"],"_links":{"self":[{"href":"https:\/\/pageperso.lis-lab.fr\/bernard.espinasse\/index.php\/wp-json\/wp\/v2\/pages\/565","targetHints":{"allow":["GET"]}}],"collection":[{"href":"https:\/\/pageperso.lis-lab.fr\/bernard.espinasse\/index.php\/wp-json\/wp\/v2\/pages"}],"about":[{"href":"https:\/\/pageperso.lis-lab.fr\/bernard.espinasse\/index.php\/wp-json\/wp\/v2\/types\/page"}],"author":[{"embeddable":true,"href":"https:\/\/pageperso.lis-lab.fr\/bernard.espinasse\/index.php\/wp-json\/wp\/v2\/users\/2"}],"replies":[{"embeddable":true,"href":"https:\/\/pageperso.lis-lab.fr\/bernard.espinasse\/index.php\/wp-json\/wp\/v2\/comments?post=565"}],"version-history":[{"count":5,"href":"https:\/\/pageperso.lis-lab.fr\/bernard.espinasse\/index.php\/wp-json\/wp\/v2\/pages\/565\/revisions"}],"predecessor-version":[{"id":1111,"href":"https:\/\/pageperso.lis-lab.fr\/bernard.espinasse\/index.php\/wp-json\/wp\/v2\/pages\/565\/revisions\/1111"}],"wp:attachment":[{"href":"https:\/\/pageperso.lis-lab.fr\/bernard.espinasse\/index.php\/wp-json\/wp\/v2\/media?parent=565"}],"curies":[{"name":"wp","href":"https:\/\/api.w.org\/{rel}","templated":true}]}}