{"id":517,"date":"2021-12-10T12:17:12","date_gmt":"2021-12-10T11:17:12","guid":{"rendered":"https:\/\/pageperso.lis-lab.fr\/bernard.espinasse\/nouveausite\/?page_id=517"},"modified":"2022-03-15T09:24:35","modified_gmt":"2022-03-15T08:24:35","slug":"expertises","status":"publish","type":"page","link":"https:\/\/pageperso.lis-lab.fr\/bernard.espinasse\/index.php\/expertises\/","title":{"rendered":"Expertises &#038; divers"},"content":{"rendered":"<p><span style=\"font-size: 14pt;\"><big><big>Expertis<\/big><\/big><big><big>es<\/big><\/big><\/span><\/p>\n<ul>\n<li><span style=\"font-size: 14pt;\">Expert aupr\u00e8s de l&rsquo;AERES puis de l&rsquo;HCERES pour l&rsquo;\u00e9valuation de plusieurs laboratoires de recherche fran\u00e7ais.<\/span><\/li>\n<li><span style=\"font-size: 14pt;\">Expert aupr\u00e8s du MITAC, Montr\u00e9al, Canada.<\/span><\/li>\n<li><span style=\"font-size: 14pt;\">Expert CRSNG, Canada.<\/span><\/li>\n<li><span style=\"font-size: 14pt;\">Expert aupr\u00e8s de COFECUB, pour l&rsquo;\u00e9valuation de projet de recherche Franco-Br\u00e9siliens.<\/span><\/li>\n<li><span style=\"font-size: 14pt;\">Expert aupr\u00e8s du INRAE (Ex CEMAGREF) pour l\u2019\u00e9valuation de projets de recherche en syst\u00e8mes d\u2019aide \u00e0 la d\u00e9cision.<\/span><\/li>\n<li><span style=\"font-size: 14pt;\">Expert aupr\u00e8s du FCAR (Fonds pour la Formation de Chercheurs et l&rsquo;Aide \u00e0 la Recherche) du Canada.<\/span><\/li>\n<li><span style=\"font-size: 14pt;\">Expert pour l&rsquo;\u00e9laboration de prime d&rsquo;excellence scientifique (PES) ou d&rsquo;\u00e9valuation de projets de recherche subventionn\u00e9s dans plusieurs universit\u00e9s fran\u00e7aises.<\/span><\/li>\n<li><span style=\"font-size: 14pt;\">Expertise de projets ANR dans diff\u00e9rents programmes.<\/span><\/li>\n<li><span style=\"font-size: 14pt;\">Membre de nombreux comit\u00e9s de s\u00e9lection de Ma\u00eetre de Conf\u00e9rences et de Professeurs d&rsquo;Universit\u00e9 de divers universit\u00e9s Fran\u00e7aises.<\/span><\/li>\n<li>&#8230;<\/li>\n<\/ul>\n<p><big><big>Invitations<\/big><\/big><\/p>\n<ul>\n<li><span style=\"font-size: 14pt;\">Invit\u00e9 par l&rsquo;Universit\u00e9 de Montr\u00e9al, De\u0301partement DIRO, Montr\u00e9al (Canada), Sept. 2017 (Invitation du Pr. G. Lapalme).<\/span><\/li>\n<li><span style=\"font-size: 14pt;\">Invit\u00e9 par l&rsquo;Universit\u00e9 de Porto, LIAAD Lab., Nov. 2017 (Invitation du Pr. P. Brazdil et J. Cordeiro).<\/span><\/li>\n<li><span style=\"font-size: 14pt;\">Invit\u00e9 par l&rsquo;Universit\u00e9 F\u00e9d\u00e9rale du Pernambuco (UFPE), Centro de Inform\u00e1tica, et par l&rsquo;Universit\u00e9 F\u00e9d\u00e9rale Rural of Pernambuco (UFRPE), Recife Brazil (une semaine \u00e9t\u00e9 2007 et printemps 2008) et un mois au printemps 2019).<\/span><\/li>\n<li><span style=\"font-size: 14pt;\">Invit\u00e9 par l&rsquo;Universit\u00e9 Laval, Qu\u00e9bec (Canada) au laboratoire CENTOR lab. (CENtre de recherche sur la Technologie et l&rsquo;Organisation R\u00e9seau for one week in 2000 et en 2004 (Invitation des Pr. Chaib Draa et Pr. S. D\u2019Amours).<\/span><\/li>\n<li><span style=\"font-size: 14pt;\">&#8230;<\/span><\/li>\n<\/ul>\n<p><span style=\"font-size: 14pt;\"><big><big>Divers\/Misc.<\/big><\/big><\/span><\/p>\n<ul>\n<li><span style=\"font-size: 14pt;\">Nomm\u00e9 Professeur associ\u00e9 au d\u00e9partement d\u2019Informatique de l\u2019Universit\u00e9 Laval (Qu\u00e9bec-Canada), pour les p\u00e9riodes 2001-2004, puis 2004-2008, nomination permettant la direction de th\u00e8ses de l\u2019Universit\u00e9 Laval (co-direction des th\u00e8ses de O. Labarthe et T. Moyaux).<\/span><\/li>\n<li><span style=\"font-size: 14pt;\">Membre ex\u00e9cutif de l&rsquo;association INFORSID, association rassemblant les chercheurs en informatique des organisations et syst\u00e8mes d&rsquo;information et dont l&rsquo;objet est de promouvoir les recherches effectu\u00e9es dans ces domaines (jusqu&rsquo;en 2009).<\/span><\/li>\n<li><span style=\"font-size: 14pt;\">Membre \u00e9lu du CNU 27\u00b0 section (informatique), coll\u00e8ge des Professeurs (2000-2003).<\/span><\/li>\n<li><span style=\"font-size: 14pt;\">Membre nomm\u00e9 de la CSE 27\u00b0 section de l&rsquo;Univ. de Toulon et du Var (depuis 1997).<\/span><\/li>\n<li><span style=\"font-size: 14pt;\">Membre nomm\u00e9 de la CSE Math\u00e9matiques et Informatique de l&rsquo;Univ. Jean Moulin \u2013 Lyon 3 (2004-2007).<\/span><\/li>\n<li><span style=\"font-size: 14pt;\">Membre nomm\u00e9 de la CSE 27\u00b0 section de l&rsquo;Univ. d&rsquo;Aix-Marseille 1 (depuis 2001).<\/span><\/li>\n<li><span style=\"font-size: 14pt;\">Membre \u00e9lu de la CSE Automatique et Informatique\u00a0 (27\u00b0 et 61\u00b0 sections) l&rsquo;Univ. d&rsquo;Aix-Marseille 3 (depuis 1996).<\/span><\/li>\n<li>&#8230;<\/li>\n<\/ul>\n<ul>\n<li style=\"list-style-type: none;\"><\/li>\n<\/ul>\n<p><big>\u00a0<\/big><\/p>\n","protected":false},"excerpt":{"rendered":"<p>Expertises Expert aupr\u00e8s de l&rsquo;AERES puis de l&rsquo;HCERES pour l&rsquo;\u00e9valuation de plusieurs laboratoires de recherche fran\u00e7ais. Expert aupr\u00e8s du MITAC, Montr\u00e9al, Canada. Expert CRSNG, Canada. Expert aupr\u00e8s de COFECUB, pour l&rsquo;\u00e9valuation de projet de recherche Franco-Br\u00e9siliens. Expert aupr\u00e8s du INRAE (Ex CEMAGREF) pour l\u2019\u00e9valuation de projets de recherche en syst\u00e8mes d\u2019aide \u00e0 la d\u00e9cision. Expert &hellip; <\/p>\n<p class=\"link-more\"><a href=\"https:\/\/pageperso.lis-lab.fr\/bernard.espinasse\/index.php\/expertises\/\" class=\"more-link\">Continuer la lecture <span class=\"screen-reader-text\"> \u00ab\u00a0Expertises &#038; divers\u00a0\u00bb<\/span><\/a><\/p>\n","protected":false},"author":2,"featured_media":0,"parent":0,"menu_order":0,"comment_status":"closed","ping_status":"closed","template":"","meta":{"_crdt_document":"","footnotes":""},"class_list":["post-517","page","type-page","status-publish","hentry","entry"],"_links":{"self":[{"href":"https:\/\/pageperso.lis-lab.fr\/bernard.espinasse\/index.php\/wp-json\/wp\/v2\/pages\/517","targetHints":{"allow":["GET"]}}],"collection":[{"href":"https:\/\/pageperso.lis-lab.fr\/bernard.espinasse\/index.php\/wp-json\/wp\/v2\/pages"}],"about":[{"href":"https:\/\/pageperso.lis-lab.fr\/bernard.espinasse\/index.php\/wp-json\/wp\/v2\/types\/page"}],"author":[{"embeddable":true,"href":"https:\/\/pageperso.lis-lab.fr\/bernard.espinasse\/index.php\/wp-json\/wp\/v2\/users\/2"}],"replies":[{"embeddable":true,"href":"https:\/\/pageperso.lis-lab.fr\/bernard.espinasse\/index.php\/wp-json\/wp\/v2\/comments?post=517"}],"version-history":[{"count":9,"href":"https:\/\/pageperso.lis-lab.fr\/bernard.espinasse\/index.php\/wp-json\/wp\/v2\/pages\/517\/revisions"}],"predecessor-version":[{"id":1581,"href":"https:\/\/pageperso.lis-lab.fr\/bernard.espinasse\/index.php\/wp-json\/wp\/v2\/pages\/517\/revisions\/1581"}],"wp:attachment":[{"href":"https:\/\/pageperso.lis-lab.fr\/bernard.espinasse\/index.php\/wp-json\/wp\/v2\/media?parent=517"}],"curies":[{"name":"wp","href":"https:\/\/api.w.org\/{rel}","templated":true}]}}