{"id":508,"date":"2021-12-10T12:03:20","date_gmt":"2021-12-10T11:03:20","guid":{"rendered":"https:\/\/pageperso.lis-lab.fr\/bernard.espinasse\/nouveausite\/?page_id=508"},"modified":"2021-12-20T07:40:43","modified_gmt":"2021-12-20T06:40:43","slug":"aide-a-la-decision-decision-support","status":"publish","type":"page","link":"https:\/\/pageperso.lis-lab.fr\/bernard.espinasse\/index.php\/aide-a-la-decision-decision-support\/","title":{"rendered":"Aide \u00e0 la d\u00e9cision \/ Decision Support"},"content":{"rendered":"<p><span style=\"font-size: 14pt;\">Sur cet axe nos travaux portent sur la conception de syst\u00e8mes d\u2019aide \u00e0 la d\u00e9cision par mod\u00e9lisation (multi-mod\u00e9lisation) et simulation orient\u00e9es agents, et par entrep\u00f4ts de donn\u00e9es avec usage d&rsquo;ontologies. Nos principales contributions concernent d\u2019une part les processus d\u2019\u00e9laboration et d\u2019int\u00e9gration de ces mod\u00e8les dans ce contexte de multi-mod\u00e9lisation, et d\u2019autre part la mise en \u0153uvre de ces mod\u00e8les dans des architectures logicielles permettant d\u2019ex\u00e9cuter et d\u2019int\u00e9grer des simulations distribu\u00e9es, avec ou non usage d&rsquo;ontologies.<\/span><br \/>\n<span style=\"font-size: 14pt;\">Ces travaux se sont tout d\u2019abord d\u00e9velopp\u00e9s dans le cadre de la th\u00e8se de <strong>A. Oulhaci<\/strong> (2014) sur la simulation participative \u00e0 base d\u2019agents dans la r\u00e9solution de probl\u00e8mes collectifs conflictuels et la formation d\u2019intervenants \u00e0 la gestion de crise (Jeux s\u00e9rieux \u2013 Serious games). Nous nous nous sommes ensuite int\u00e9ress\u00e9s \u00e0 l\u2019\u00e9valuation et \u00e0 l\u2019adaptation d\u2019un environnement de jeux s\u00e9rieux avec la th\u00e8se de <strong>I. Daoudi<\/strong> (2020).<\/span><br \/>\n<span style=\"font-size: 14pt;\">Parall\u00e8lement \u00e0 ces travaux, avec la th\u00e8se de <strong>L. El Sarraj<\/strong> (2014), nous nous sommes int\u00e9ress\u00e9s \u00e0 l\u2019aide \u00e0 l\u2019utilisation d\u2019un entrep\u00f4t de donn\u00e9es de sant\u00e9 par utilisation d\u2019ontologies li\u00e9es aux donn\u00e9es de l\u2019entrep\u00f4ts et \u00e0 des ressources d\u2019exploitation existantes, dans le cadre d\u2019une recherche men\u00e9e avec l\u2019Assistance Publique des H\u00f4pitaux de Marseille.<\/span><\/p>\n<p><em>In this area, our work focuses on the design of decision support systems using agent-based modelling (multi-modelling) and simulation, and data warehouses with the use of ontologies. Our main contributions concern on the one hand the processes of elaboration and integration of these models in this multi-modelling context, and on the other hand the implementation of these models in software architectures allowing to execute and integrate distributed simulations, with or without the use of ontologies.<\/em><br \/>\n<em>This work was first developed in the framework of the thesis of <strong>A. Oulhaci&rsquo;s<\/strong> thesis (2014) on participatory agent-based simulation in conflict resolution and crisis management training (Serious games). We then turned our attention to the evaluation and adaptation of a serious game environment with the thesis of <strong>I. Daoudi<\/strong> (2020).<\/em><br \/>\n<em>In parallel to this work, with the thesis of <strong>L. El Sarraj<\/strong> (2014), we were interested in helping the use of a health data warehouse by using ontologies linked to the data in the warehouse and to existing exploitation resources, as part of a research project conducted with the Assistance Publique des H\u00f4pitaux de Marseille.<\/em><\/p>\n","protected":false},"excerpt":{"rendered":"<p>Sur cet axe nos travaux portent sur la conception de syst\u00e8mes d\u2019aide \u00e0 la d\u00e9cision par mod\u00e9lisation (multi-mod\u00e9lisation) et simulation orient\u00e9es agents, et par entrep\u00f4ts de donn\u00e9es avec usage d&rsquo;ontologies. Nos principales contributions concernent d\u2019une part les processus d\u2019\u00e9laboration et d\u2019int\u00e9gration de ces mod\u00e8les dans ce contexte de multi-mod\u00e9lisation, et d\u2019autre part la mise en &hellip; <\/p>\n<p class=\"link-more\"><a href=\"https:\/\/pageperso.lis-lab.fr\/bernard.espinasse\/index.php\/aide-a-la-decision-decision-support\/\" class=\"more-link\">Continuer la lecture <span class=\"screen-reader-text\"> \u00ab\u00a0Aide \u00e0 la d\u00e9cision \/ Decision Support\u00a0\u00bb<\/span><\/a><\/p>\n","protected":false},"author":2,"featured_media":0,"parent":0,"menu_order":0,"comment_status":"closed","ping_status":"closed","template":"","meta":{"_crdt_document":"","footnotes":""},"class_list":["post-508","page","type-page","status-publish","hentry","entry"],"_links":{"self":[{"href":"https:\/\/pageperso.lis-lab.fr\/bernard.espinasse\/index.php\/wp-json\/wp\/v2\/pages\/508","targetHints":{"allow":["GET"]}}],"collection":[{"href":"https:\/\/pageperso.lis-lab.fr\/bernard.espinasse\/index.php\/wp-json\/wp\/v2\/pages"}],"about":[{"href":"https:\/\/pageperso.lis-lab.fr\/bernard.espinasse\/index.php\/wp-json\/wp\/v2\/types\/page"}],"author":[{"embeddable":true,"href":"https:\/\/pageperso.lis-lab.fr\/bernard.espinasse\/index.php\/wp-json\/wp\/v2\/users\/2"}],"replies":[{"embeddable":true,"href":"https:\/\/pageperso.lis-lab.fr\/bernard.espinasse\/index.php\/wp-json\/wp\/v2\/comments?post=508"}],"version-history":[{"count":5,"href":"https:\/\/pageperso.lis-lab.fr\/bernard.espinasse\/index.php\/wp-json\/wp\/v2\/pages\/508\/revisions"}],"predecessor-version":[{"id":1145,"href":"https:\/\/pageperso.lis-lab.fr\/bernard.espinasse\/index.php\/wp-json\/wp\/v2\/pages\/508\/revisions\/1145"}],"wp:attachment":[{"href":"https:\/\/pageperso.lis-lab.fr\/bernard.espinasse\/index.php\/wp-json\/wp\/v2\/media?parent=508"}],"curies":[{"name":"wp","href":"https:\/\/api.w.org\/{rel}","templated":true}]}}