{"id":488,"date":"2021-12-10T11:31:04","date_gmt":"2021-12-10T10:31:04","guid":{"rendered":"https:\/\/pageperso.lis-lab.fr\/bernard.espinasse\/nouveausite\/?page_id=488"},"modified":"2022-01-09T23:30:37","modified_gmt":"2022-01-09T22:30:37","slug":"these-karam-mustapha","status":"publish","type":"page","link":"https:\/\/pageperso.lis-lab.fr\/bernard.espinasse\/index.php\/these-karam-mustapha\/","title":{"rendered":"These Karam Mustapha"},"content":{"rendered":"<p><strong><img loading=\"lazy\" decoding=\"async\" class=\" wp-image-1060 alignleft\" src=\"https:\/\/pageperso.lis-lab.fr\/bernard.espinasse\/wp-content\/uploads\/2021\/12\/Karam-these-300x300.png\" alt=\"\" width=\"125\" height=\"142\" \/><span style=\"font-size: 14pt;\">Karam Mustapha,<\/span><\/strong><span style=\"font-size: 14pt;\"> \u00ab\u00a0Une architecture logicielle pour la mod\u00e9lisation et la simulation \u00e0 base d\u2019agents de cha\u00eenes logistiques\u00a0\u00bb (soutenue en 2011).<\/span><\/p>\n<p><span style=\"font-size: 14pt;\"><a href=\"https:\/\/pageperso.lis-lab.fr\/bernard.espinasse\/nouveausite\/wp-content\/uploads\/2021\/12\/These-K.Mustapha-2011.pdf\" target=\"_blank\" rel=\"noopener\">Manuscrit<\/a><\/span><\/p>\n<p><span style=\"font-size: 14pt;\"><strong>R\u00e9sum\u00e9<\/strong><\/span><\/p>\n<p><span style=\"font-size: 14pt;\" xml:lang=\"fr\">Dans la recherche de performance de cha\u00eenes logistiques, la mod\u00e9lisation et la simulation de ces cha\u00eenes prenant en compte des aspects organisationnels s\u2018av\u00e8rent n\u00e9cessaire. Dans cette perspective, nous proposons tout d\u2018abord un nouveau cadre m\u00e9thodologique de mod\u00e9lisation et simulation orient\u00e9 agents de cha\u00eenes logistiques, prenant en compte explicitement les aspects organisationnels, tant structurels que dynamiques, ainsi que des observables et indicateurs dans la mod\u00e9lisation de ces cha\u00eenes. Ce cadre m\u00e9thodologique est structur\u00e9 selon deux niveaux d&rsquo;abstraction principale qui sont : un niveau conceptuel et un niveau op\u00e9rationnel. Pour chacun de ces niveaux nous avons diff\u00e9rents mod\u00e8les qui sont propos\u00e9s et d\u00e9crit en d\u00e9tail. Ensuite, afin de simuler les mod\u00e8les de simulation de ces chaines logistiques obtenus par ce cadre m\u00e9thodologique, nous proposons une architecture logicielle multi-paradigmes sp\u00e9cifique. Cette architecture qui supporte l\u2018int\u00e9gration de diff\u00e9rentes plates-formes de simulation, est bas\u00e9e sur un m\u00e9diateur, constituant un syst\u00e8me multi-agents, et assurant l\u2018interaction entre les simulateurs. Les agents de ce m\u00e9diateur sont charg\u00e9s de collecter les informations permettant de produire les observables, maintenir la structure organisationnelle lorsque des entit\u00e9s organisationnelles (groupes) sont distribu\u00e9s sur diff\u00e9rents simulateurs, l\u2018interop\u00e9rabilit\u00e9 entre ces simulateurs, et enfin garantir la validit\u00e9 de la simulation d\u2018un point de vue temporel. Enfin, la mise en \u0153uvre du cadre m\u00e9thodologique et de l\u2018architecture logicielle propos\u00e9s sont illustr\u00e9es sur un cas industriel r\u00e9aliste de cha\u00eene logistique. La pr\u00e9sentation des phases de conception est d\u00e9taill\u00e9e ainsi que la sp\u00e9cification et l\u2018impl\u00e9mentation du cas industriel au sein de l\u2018environnement de mod\u00e9lisation et de simulation propos\u00e9.<\/span><\/p>\n<p><span style=\"font-size: 14pt;\"><strong><em>Abstract<\/em><\/strong><\/span><\/p>\n<p><span style=\"font-size: 14pt;\"><em><span xml:lang=\"en\">In the search for performance of supply chains, modeling and simulation of these chains, taking into account the organizational aspects are needed. In this perspective, firstly we propose a new methodology for modeling and simulation of supply chains oriented agents, taking into account explicitly the organizational aspects, both structural and dynamic as well as observable indicators in the modeling of these chains. This methodological framework is structured along two main levels of abstraction, conceptual and operational levels. For each level we have models that are proposed and described in details. Then, to simulate the simulation models of supply chains obtained by this methodological framework, we propose a multi-paradigm software architecture specific. This architecture supports the integration of different platforms simulation is based on a mediator, providing a multi-agent system, and ensuring the interaction between the simulators. The agents of this mediator is responsible for collecting required information to produce observables and maintaining the organizational structure while the organizational entities (groups) are distributed over different simulators and interoperability between these simulators, and finally ensuring the validity of the simulation for a temporal point of view. Finally, the implementation of the methodological framework and the proposed software architecture are shown in a realistic industrial case supply chain. The presentation of the design phase is detailed and the specification and implementation of industrial case in environmental modeling and simulation proposed.<\/span><\/em><\/span><\/p>\n<p style=\"text-align: center;\"><img loading=\"lazy\" decoding=\"async\" class=\"alignnone  wp-image-1078\" src=\"https:\/\/pageperso.lis-lab.fr\/bernard.espinasse\/wp-content\/uploads\/2021\/12\/Soutenance-Karam-Mustaphe-300x200.jpeg\" alt=\"\" width=\"402\" height=\"291\" \/><\/p>\n","protected":false},"excerpt":{"rendered":"<p>Karam Mustapha, \u00ab\u00a0Une architecture logicielle pour la mod\u00e9lisation et la simulation \u00e0 base d\u2019agents de cha\u00eenes logistiques\u00a0\u00bb (soutenue en 2011). Manuscrit R\u00e9sum\u00e9 Dans la recherche de performance de cha\u00eenes logistiques, la mod\u00e9lisation et la simulation de ces cha\u00eenes prenant en compte des aspects organisationnels s\u2018av\u00e8rent n\u00e9cessaire. Dans cette perspective, nous proposons tout d\u2018abord un nouveau &hellip; <\/p>\n<p class=\"link-more\"><a href=\"https:\/\/pageperso.lis-lab.fr\/bernard.espinasse\/index.php\/these-karam-mustapha\/\" class=\"more-link\">Continuer la lecture <span class=\"screen-reader-text\"> \u00ab\u00a0These Karam Mustapha\u00a0\u00bb<\/span><\/a><\/p>\n","protected":false},"author":2,"featured_media":0,"parent":0,"menu_order":0,"comment_status":"closed","ping_status":"closed","template":"","meta":{"_crdt_document":"","footnotes":""},"class_list":["post-488","page","type-page","status-publish","hentry","entry"],"_links":{"self":[{"href":"https:\/\/pageperso.lis-lab.fr\/bernard.espinasse\/index.php\/wp-json\/wp\/v2\/pages\/488","targetHints":{"allow":["GET"]}}],"collection":[{"href":"https:\/\/pageperso.lis-lab.fr\/bernard.espinasse\/index.php\/wp-json\/wp\/v2\/pages"}],"about":[{"href":"https:\/\/pageperso.lis-lab.fr\/bernard.espinasse\/index.php\/wp-json\/wp\/v2\/types\/page"}],"author":[{"embeddable":true,"href":"https:\/\/pageperso.lis-lab.fr\/bernard.espinasse\/index.php\/wp-json\/wp\/v2\/users\/2"}],"replies":[{"embeddable":true,"href":"https:\/\/pageperso.lis-lab.fr\/bernard.espinasse\/index.php\/wp-json\/wp\/v2\/comments?post=488"}],"version-history":[{"count":11,"href":"https:\/\/pageperso.lis-lab.fr\/bernard.espinasse\/index.php\/wp-json\/wp\/v2\/pages\/488\/revisions"}],"predecessor-version":[{"id":1201,"href":"https:\/\/pageperso.lis-lab.fr\/bernard.espinasse\/index.php\/wp-json\/wp\/v2\/pages\/488\/revisions\/1201"}],"wp:attachment":[{"href":"https:\/\/pageperso.lis-lab.fr\/bernard.espinasse\/index.php\/wp-json\/wp\/v2\/media?parent=488"}],"curies":[{"name":"wp","href":"https:\/\/api.w.org\/{rel}","templated":true}]}}