{"id":484,"date":"2021-12-10T11:29:50","date_gmt":"2021-12-10T10:29:50","guid":{"rendered":"https:\/\/pageperso.lis-lab.fr\/bernard.espinasse\/nouveausite\/?page_id=484"},"modified":"2022-01-09T23:19:08","modified_gmt":"2022-01-09T22:19:08","slug":"these-julien-serment","status":"publish","type":"page","link":"https:\/\/pageperso.lis-lab.fr\/bernard.espinasse\/index.php\/these-julien-serment\/","title":{"rendered":"These Julien Serment"},"content":{"rendered":"<p><strong><img loading=\"lazy\" decoding=\"async\" class=\" wp-image-438 alignleft\" src=\"https:\/\/pageperso.lis-lab.fr\/bernard.espinasse\/wp-content\/uploads\/2021\/12\/Julien-these.png\" alt=\"\" width=\"125\" height=\"122\" \/> <\/strong><\/p>\n<p><span style=\"font-size: 14pt;\"><strong>Julien Serment<\/strong>, \u00ab\u00a0Une infrastructure d\u2019int\u00e9gration multi-agents pour le d\u00e9veloppement de syst\u00e8mes d\u2019aide a la d\u00e9cision environnementale : application \u00e0 la gestion hydraulique de la Camargue\u00a0\u00bb (soutenue en 2007).<\/span><\/p>\n<p><span style=\"font-size: 14pt;\"><a href=\"https:\/\/pageperso.lis-lab.fr\/bernard.espinasse\/nouveausite\/wp-content\/uploads\/2021\/12\/These-J.Serment-2007.pdf\" target=\"_blank\" rel=\"noopener\">Manuscrit.<\/a><\/span><\/p>\n<p><span style=\"font-size: 14pt;\"><strong>R\u00e9sum\u00e9<\/strong><\/span><\/p>\n<p><span style=\"font-size: 14pt;\">Les travaux de cette th\u00e8se portent sur les Syst\u00e8mes d&rsquo;Aide \u00e0 la D\u00e9cision Environnementale (SADE) orient\u00e9s simulation pour la gestion d\u2019\u00e9cosyst\u00e8mes anthropis\u00e9s, et visent \u00e0 faciliter leur \u00e9laboration. Nous pr\u00e9conisons pour cela une approche par int\u00e9gration de syst\u00e8mes logiciels h\u00e9t\u00e9rog\u00e8nes et proposons une infrastructure g\u00e9n\u00e9rique d\u2019int\u00e9gration orient\u00e9e agent, nomm\u00e9e IMAGIN, supportant une interop\u00e9rabilit\u00e9 par invocation de service, ainsi qu\u2019une interop\u00e9rabilit\u00e9 par partage de donn\u00e9es. L\u2019impl\u00e9mentation d\u2019IMAGIN et sa mise en oeuvre dans le d\u00e9veloppement d\u2019un SADE sp\u00e9cifique pour la gestion hydraulique de la Camargue illustrent ses m\u00e9canismes g\u00e9n\u00e9riques d\u2019int\u00e9gration et d\u2019interop\u00e9rabilit\u00e9.<\/span><\/p>\n<p><span style=\"font-size: 14pt;\"><strong><em>Abstract<\/em><\/strong><\/span><\/p>\n<p><span style=\"font-size: 14pt;\"><em>The purpose of this research is to facilitate the development of Environmental Decision Support Systems (EDSS) based on simulation for human-influenced ecocystem management. We advise a heterogeneous software integration approach and propose a generic agent based integration infrastructure, called IMAGIN, allows an interoperability by service invocation, and an interoperability by data sharing. IMAGIN has been implemented and his dynamic and generic mechanisms has been valided by the development of a specific EDSS for the hydraulic management of Camargue.<\/em><\/span><\/p>\n<p>&nbsp;<\/p>\n","protected":false},"excerpt":{"rendered":"<p>Julien Serment, \u00ab\u00a0Une infrastructure d\u2019int\u00e9gration multi-agents pour le d\u00e9veloppement de syst\u00e8mes d\u2019aide a la d\u00e9cision environnementale : application \u00e0 la gestion hydraulique de la Camargue\u00a0\u00bb (soutenue en 2007). Manuscrit. R\u00e9sum\u00e9 Les travaux de cette th\u00e8se portent sur les Syst\u00e8mes d&rsquo;Aide \u00e0 la D\u00e9cision Environnementale (SADE) orient\u00e9s simulation pour la gestion d\u2019\u00e9cosyst\u00e8mes anthropis\u00e9s, et visent \u00e0 &hellip; <\/p>\n<p class=\"link-more\"><a href=\"https:\/\/pageperso.lis-lab.fr\/bernard.espinasse\/index.php\/these-julien-serment\/\" class=\"more-link\">Continuer la lecture <span class=\"screen-reader-text\"> \u00ab\u00a0These Julien Serment\u00a0\u00bb<\/span><\/a><\/p>\n","protected":false},"author":2,"featured_media":0,"parent":0,"menu_order":0,"comment_status":"closed","ping_status":"closed","template":"","meta":{"_crdt_document":"","footnotes":""},"class_list":["post-484","page","type-page","status-publish","hentry","entry"],"_links":{"self":[{"href":"https:\/\/pageperso.lis-lab.fr\/bernard.espinasse\/index.php\/wp-json\/wp\/v2\/pages\/484","targetHints":{"allow":["GET"]}}],"collection":[{"href":"https:\/\/pageperso.lis-lab.fr\/bernard.espinasse\/index.php\/wp-json\/wp\/v2\/pages"}],"about":[{"href":"https:\/\/pageperso.lis-lab.fr\/bernard.espinasse\/index.php\/wp-json\/wp\/v2\/types\/page"}],"author":[{"embeddable":true,"href":"https:\/\/pageperso.lis-lab.fr\/bernard.espinasse\/index.php\/wp-json\/wp\/v2\/users\/2"}],"replies":[{"embeddable":true,"href":"https:\/\/pageperso.lis-lab.fr\/bernard.espinasse\/index.php\/wp-json\/wp\/v2\/comments?post=484"}],"version-history":[{"count":9,"href":"https:\/\/pageperso.lis-lab.fr\/bernard.espinasse\/index.php\/wp-json\/wp\/v2\/pages\/484\/revisions"}],"predecessor-version":[{"id":1188,"href":"https:\/\/pageperso.lis-lab.fr\/bernard.espinasse\/index.php\/wp-json\/wp\/v2\/pages\/484\/revisions\/1188"}],"wp:attachment":[{"href":"https:\/\/pageperso.lis-lab.fr\/bernard.espinasse\/index.php\/wp-json\/wp\/v2\/media?parent=484"}],"curies":[{"name":"wp","href":"https:\/\/api.w.org\/{rel}","templated":true}]}}