{"id":480,"date":"2021-12-10T11:28:19","date_gmt":"2021-12-10T10:28:19","guid":{"rendered":"https:\/\/pageperso.lis-lab.fr\/bernard.espinasse\/nouveausite\/?page_id=480"},"modified":"2022-01-09T23:16:32","modified_gmt":"2022-01-09T22:16:32","slug":"these-eric-maille","status":"publish","type":"page","link":"https:\/\/pageperso.lis-lab.fr\/bernard.espinasse\/index.php\/these-eric-maille\/","title":{"rendered":"These Eric Maille"},"content":{"rendered":"<p><strong><img loading=\"lazy\" decoding=\"async\" class=\" wp-image-437 alignleft\" src=\"https:\/\/pageperso.lis-lab.fr\/bernard.espinasse\/wp-content\/uploads\/2021\/12\/Eric-these.jpg\" alt=\"\" width=\"130\" height=\"128\" \/><span style=\"font-size: 14pt;\">Eric Maille<\/span><\/strong><span style=\"font-size: 14pt;\">, \u00ab\u00a0Int\u00e9gration conceptuelle et op\u00e9rationnelle de mod\u00e8les spatio-dynamiques. Application \u00e0 la dynamique du risque li\u00e9 \u00e0 l\u2019incendie de for\u00eat\u00a0\u00bb (soutenue en 2008).<\/span><\/p>\n<p><span style=\"font-size: 14pt;\"><a href=\"https:\/\/pageperso.lis-lab.fr\/bernard.espinasse\/nouveausite\/wp-content\/uploads\/2021\/12\/These-E.Maille-2008.pdf\" target=\"_blank\" rel=\"noopener\">Manuscrit.<\/a><\/span><\/p>\n<p><span style=\"font-size: 14pt;\"><strong><span xml:lang=\"fr\">R\u00e9sum\u00e9<\/span><\/strong><\/span><\/p>\n<p><span style=\"font-size: 14pt;\" xml:lang=\"fr\">Les changements environnementaux induisent des risques nouveaux que les d\u00e9cideurs doivent g\u00e9rer. L\u2019objectif de cette recherche est la sp\u00e9cification de solutions d&rsquo;int\u00e9gration de mod\u00e8les spatio-dynamiques d\u00e9di\u00e9s \u00e0 la gestion des risques inh\u00e9rents \u00e0 la dynamique des syst\u00e8mes environnementaux. Nous y distinguons l\u2019int\u00e9gration th\u00e9matique et l\u2019int\u00e9gration scalaire. Il est propos\u00e9 un cadre conceptuel de sp\u00e9cification de mod\u00e8les d\u2019int\u00e9gration de mod\u00e8les th\u00e9matiques, fond\u00e9 sur les trois vues s\u00e9mantique, spatiale et temporelle de la \u00ab triade de Peuquet \u00bb. Puis une architecture d\u2019int\u00e9gration op\u00e9rationnelle \u00e0 base d\u2019intergiciels agents, d\u00e9riv\u00e9e de l\u2019High Level Architecture (HLA) est propos\u00e9e pour assurer l\u2019interop\u00e9rabilit\u00e9 des mod\u00e8les th\u00e9matiques. Cette solution est mise en oeuvre par la sp\u00e9cification d\u2019un syst\u00e8me informatique d\u2019aide \u00e0 la d\u00e9cision pour la gestion de la dynamique du risque li\u00e9 \u00e0 l\u2019incendie de for\u00eat, en relation avec les dynamiques d\u2019occupation du sol. <\/span><\/p>\n<p><span style=\"font-size: 14pt;\"><em><strong><span xml:lang=\"en\">Abstract<\/span><\/strong><\/em><\/span><\/p>\n<p><span style=\"font-size: 14pt;\" xml:lang=\"en\"><em>Environmental changes lead to new risks that decision makers should manage. The aim of this research is to specify spatio-dynamic models integration solutions in order to help decision making in environmental risk dynamic management. Thematic and scale integration are distinguished. A conceptual framework for integration models of thematic model specification is proposed, based on the three semantic, spatial and temporal views of the \u201cPeuquet triad\u201d. Then, an operational integration architecture, based on mediator software agents and stemming from the High Level Architecture (HLA) is proposed to realise thematic model interoperability. This solution is validated by specification of software designed to decision support for forest fire risk dynamic management in relation to land cover changes.<\/em> <\/span><\/p>\n<p>&nbsp;<\/p>\n","protected":false},"excerpt":{"rendered":"<p>Eric Maille, \u00ab\u00a0Int\u00e9gration conceptuelle et op\u00e9rationnelle de mod\u00e8les spatio-dynamiques. Application \u00e0 la dynamique du risque li\u00e9 \u00e0 l\u2019incendie de for\u00eat\u00a0\u00bb (soutenue en 2008). Manuscrit. R\u00e9sum\u00e9 Les changements environnementaux induisent des risques nouveaux que les d\u00e9cideurs doivent g\u00e9rer. L\u2019objectif de cette recherche est la sp\u00e9cification de solutions d&rsquo;int\u00e9gration de mod\u00e8les spatio-dynamiques d\u00e9di\u00e9s \u00e0 la gestion des &hellip; <\/p>\n<p class=\"link-more\"><a href=\"https:\/\/pageperso.lis-lab.fr\/bernard.espinasse\/index.php\/these-eric-maille\/\" class=\"more-link\">Continuer la lecture <span class=\"screen-reader-text\"> \u00ab\u00a0These Eric Maille\u00a0\u00bb<\/span><\/a><\/p>\n","protected":false},"author":2,"featured_media":0,"parent":0,"menu_order":0,"comment_status":"closed","ping_status":"closed","template":"","meta":{"_crdt_document":"","footnotes":""},"class_list":["post-480","page","type-page","status-publish","hentry","entry"],"_links":{"self":[{"href":"https:\/\/pageperso.lis-lab.fr\/bernard.espinasse\/index.php\/wp-json\/wp\/v2\/pages\/480","targetHints":{"allow":["GET"]}}],"collection":[{"href":"https:\/\/pageperso.lis-lab.fr\/bernard.espinasse\/index.php\/wp-json\/wp\/v2\/pages"}],"about":[{"href":"https:\/\/pageperso.lis-lab.fr\/bernard.espinasse\/index.php\/wp-json\/wp\/v2\/types\/page"}],"author":[{"embeddable":true,"href":"https:\/\/pageperso.lis-lab.fr\/bernard.espinasse\/index.php\/wp-json\/wp\/v2\/users\/2"}],"replies":[{"embeddable":true,"href":"https:\/\/pageperso.lis-lab.fr\/bernard.espinasse\/index.php\/wp-json\/wp\/v2\/comments?post=480"}],"version-history":[{"count":10,"href":"https:\/\/pageperso.lis-lab.fr\/bernard.espinasse\/index.php\/wp-json\/wp\/v2\/pages\/480\/revisions"}],"predecessor-version":[{"id":1184,"href":"https:\/\/pageperso.lis-lab.fr\/bernard.espinasse\/index.php\/wp-json\/wp\/v2\/pages\/480\/revisions\/1184"}],"wp:attachment":[{"href":"https:\/\/pageperso.lis-lab.fr\/bernard.espinasse\/index.php\/wp-json\/wp\/v2\/media?parent=480"}],"curies":[{"name":"wp","href":"https:\/\/api.w.org\/{rel}","templated":true}]}}