{"id":471,"date":"2021-12-10T11:18:15","date_gmt":"2021-12-10T10:18:15","guid":{"rendered":"https:\/\/pageperso.lis-lab.fr\/bernard.espinasse\/nouveausite\/?page_id=471"},"modified":"2022-01-09T23:47:52","modified_gmt":"2022-01-09T22:47:52","slug":"these-lama-el-sarraj","status":"publish","type":"page","link":"https:\/\/pageperso.lis-lab.fr\/bernard.espinasse\/index.php\/these-lama-el-sarraj\/","title":{"rendered":"These Lama El Sarraj"},"content":{"rendered":"<p><strong><img loading=\"lazy\" decoding=\"async\" class=\" wp-image-420 alignleft\" src=\"https:\/\/pageperso.lis-lab.fr\/bernard.espinasse\/wp-content\/uploads\/2021\/12\/Lama-these.png\" alt=\"\" width=\"127\" height=\"127\" \/> <span style=\"font-size: 14pt;\">Lama El Sarraj<\/span><\/strong><span style=\"font-size: 14pt;\">, \u00ab\u00a0Exploitation d\u2019un entrep\u00f4t de donn\u00e9es guid\u00e9 par les ontologies : application au management hospitalier\u00a0\u00bb (soutenue en 2014).<\/span><\/p>\n<p><span style=\"font-size: 14pt;\"><a href=\"https:\/\/pageperso.lis-lab.fr\/bernard.espinasse\/nouveausite\/wp-content\/uploads\/2021\/12\/These-L.ElSarraj-2014.pdf\" target=\"_blank\" rel=\"noopener\">Manuscrit <\/a>\u00a0\u00a0 <strong><br \/>\n<\/strong><\/span><\/p>\n<p><span style=\"font-size: 14pt;\"><strong>R\u00e9sum\u00e9<\/strong><\/span><\/p>\n<p><span style=\"font-size: 14pt;\" xml:lang=\"fr\">Cette recherche s&rsquo;inscrit dans le domaine de la personnalisation d&rsquo;Entrep\u00f4t de Donn\u00e9es (ED) et concerne l&rsquo;aide \u00e0 l&rsquo;exploitation d&rsquo;un ED. Nous int\u00e9ressons \u00e0 l&rsquo;assistance \u00e0 apporter \u00e0 un utilisateur lors d&rsquo;une analyse en ligne, dans son utilisation de ressources d&rsquo;exploitation existantes. Le domaine d&rsquo;application concern\u00e9 est la gestion hospitali\u00e8re, dans le cadre de la nouvelle gouvernance, et en se limitant au p\u00e9rim\u00e8tre du Programme de M\u00e9dicalisation des Syst\u00e8mes d&rsquo;Information (PMSI). Cette recherche a \u00e9t\u00e9 support\u00e9e par l&rsquo;Assistance Publique des H\u00f4pitaux de Marseille (APHM). L&rsquo;approche retenue pour d\u00e9velopper une telle assistance \u00e0 l&rsquo;utilisateur d&rsquo;ED est s\u00e9mantique et guid\u00e9e par l&rsquo;usage d&rsquo;ontologies. Le syst\u00e8me d&rsquo;assistance mettant en oeuvre cette approche, nomm\u00e9 Ontologies-based Personalization System (OPS), s&rsquo;appuie sur une Base de Connaissances (BC) exploit\u00e9e par un moteur de personnalisation. La BC est compos\u00e9e des trois ontologies : de domaine, de l&rsquo;ED et des ressources. Le moteur de personnalisation permet d&rsquo;une part une recherche personnalis\u00e9e de ressources d&rsquo;exploitation de l&rsquo;ED en s&rsquo;appuyant sur le profil de l&rsquo;utilisateur, et d&rsquo;autre part pour une ressource particuli\u00e8re, une recommandation de ressources compl\u00e9mentaires selon trois strat\u00e9gies possibles. Afin de valider nos propositions, un prototype du syst\u00e8me OPS a \u00e9t\u00e9 d\u00e9velopp\u00e9 avec un moteur de personnalisation a \u00e9t\u00e9 impl\u00e9ment\u00e9 en Java et exploitant une base de connaissance constitu\u00e9e des trois ontologies en OWL interconnect\u00e9es. Nous illustrons le fonctionnement de notre syst\u00e8me sur trois scenarii d&rsquo;exp\u00e9rimentation li\u00e9s au PMSI et d\u00e9finis avec des experts m\u00e9tiers de l&rsquo;APHM.<\/span><\/p>\n<p><span style=\"font-size: 14pt;\"><strong><em>Abstract<\/em><\/strong><\/span><\/p>\n<p><span style=\"font-size: 14pt;\"><em><span xml:lang=\"en\">This research is situated in the domain of Data Warehouses (DW) personalization and concerns DW assistance. Specifically, we are interested in assisting a user during an online analysis processes to use existing operational resources. The application of this research concerns hospital management, for hospitals governance, and is limited to the scope of the Program of Medicalization of Information Systems (PMSI). This research was supported by the Public Hospitals of Marseille (APHM). Our proposal is a semantic approach based on ontologies. The support system implementing this approach, called Ontology-based Personalization System (OPS), is based on a knowledge base operated by a personalization engine. The knowledge base is composed of three ontologies: a domain ontology, an ontology of the DW structure, and an ontology of resources. The personalization engine allows firstly, a personalized search of resources of the DW based on users profile, and secondly for a particular resource, an expansion of the research by recommending new resources based on the context of the resource. To recommend new resources, we have proposed three possible strategies. To validate our proposal, a prototype of the OPS system was developed, a personalization engine has been implemented in Java. This engine exploit an OWL knowledge composed of three interconnected OWL ontologies. We illustrate three experimental scenarios related to PMSI and defined with APHM domain experts.<img loading=\"lazy\" decoding=\"async\" class=\" wp-image-1080 aligncenter\" src=\"https:\/\/pageperso.lis-lab.fr\/bernard.espinasse\/wp-content\/uploads\/2021\/12\/Soutenance-Lama-ElSarraj-300x300.jpeg\" alt=\"\" width=\"410\" height=\"416\" \/><\/span><\/em><\/span><\/p>\n","protected":false},"excerpt":{"rendered":"<p>Lama El Sarraj, \u00ab\u00a0Exploitation d\u2019un entrep\u00f4t de donn\u00e9es guid\u00e9 par les ontologies : application au management hospitalier\u00a0\u00bb (soutenue en 2014). Manuscrit \u00a0\u00a0 R\u00e9sum\u00e9 Cette recherche s&rsquo;inscrit dans le domaine de la personnalisation d&rsquo;Entrep\u00f4t de Donn\u00e9es (ED) et concerne l&rsquo;aide \u00e0 l&rsquo;exploitation d&rsquo;un ED. Nous int\u00e9ressons \u00e0 l&rsquo;assistance \u00e0 apporter \u00e0 un utilisateur lors d&rsquo;une analyse &hellip; <\/p>\n<p class=\"link-more\"><a href=\"https:\/\/pageperso.lis-lab.fr\/bernard.espinasse\/index.php\/these-lama-el-sarraj\/\" class=\"more-link\">Continuer la lecture <span class=\"screen-reader-text\"> \u00ab\u00a0These Lama El Sarraj\u00a0\u00bb<\/span><\/a><\/p>\n","protected":false},"author":2,"featured_media":0,"parent":0,"menu_order":0,"comment_status":"closed","ping_status":"closed","template":"","meta":{"_crdt_document":"","footnotes":""},"class_list":["post-471","page","type-page","status-publish","hentry","entry"],"_links":{"self":[{"href":"https:\/\/pageperso.lis-lab.fr\/bernard.espinasse\/index.php\/wp-json\/wp\/v2\/pages\/471","targetHints":{"allow":["GET"]}}],"collection":[{"href":"https:\/\/pageperso.lis-lab.fr\/bernard.espinasse\/index.php\/wp-json\/wp\/v2\/pages"}],"about":[{"href":"https:\/\/pageperso.lis-lab.fr\/bernard.espinasse\/index.php\/wp-json\/wp\/v2\/types\/page"}],"author":[{"embeddable":true,"href":"https:\/\/pageperso.lis-lab.fr\/bernard.espinasse\/index.php\/wp-json\/wp\/v2\/users\/2"}],"replies":[{"embeddable":true,"href":"https:\/\/pageperso.lis-lab.fr\/bernard.espinasse\/index.php\/wp-json\/wp\/v2\/comments?post=471"}],"version-history":[{"count":11,"href":"https:\/\/pageperso.lis-lab.fr\/bernard.espinasse\/index.php\/wp-json\/wp\/v2\/pages\/471\/revisions"}],"predecessor-version":[{"id":1212,"href":"https:\/\/pageperso.lis-lab.fr\/bernard.espinasse\/index.php\/wp-json\/wp\/v2\/pages\/471\/revisions\/1212"}],"wp:attachment":[{"href":"https:\/\/pageperso.lis-lab.fr\/bernard.espinasse\/index.php\/wp-json\/wp\/v2\/media?parent=471"}],"curies":[{"name":"wp","href":"https:\/\/api.w.org\/{rel}","templated":true}]}}