{"id":455,"date":"2021-12-10T11:01:07","date_gmt":"2021-12-10T10:01:07","guid":{"rendered":"https:\/\/pageperso.lis-lab.fr\/bernard.espinasse\/nouveausite\/?page_id=455"},"modified":"2022-04-05T07:21:19","modified_gmt":"2022-04-05T05:21:19","slug":"comites-programme","status":"publish","type":"page","link":"https:\/\/pageperso.lis-lab.fr\/bernard.espinasse\/index.php\/comites-programme\/","title":{"rendered":"Comit\u00e9s programme"},"content":{"rendered":"<p><span style=\"font-size: 14pt;\"><big><big>Comit\u00e9s de programmes de conf\u00e9rences internationales\/<em>International Conferences program committees (2004-&#8230;)<\/em><\/big><\/big><\/span><\/p>\n<ul>\n<li><span style=\"font-size: 14pt;\">WI 2022, IEEE\/WIC\/ACM, International Conference on Web Intelligence, November 17-20, 2022, Niagara Falls, Canada.<br \/>\n<\/span><\/li>\n<li><span style=\"font-size: 14pt;\">WI 2021, IEEE\/WIC\/ACM, International Conference on Web Intelligence, December 14-17, 2021, Melbourne, Australia.<\/span><\/li>\n<li><span style=\"font-size: 14pt;\">WI 2020, IEEE\/WIC\/ACM, Virtual International Conference on Web Intelligence, 14-17 December 2020<\/span><\/li>\n<li><span style=\"font-size: 14pt;\">WI 2018, IEEE\/WIC\/ACM, International Conference on Web Intelligence,\u00a0 Dec 3, 2018 &#8211; Dec 6, 2018, Santiago, Chile<\/span><\/li>\n<li><span style=\"font-size: 14pt;\">WI 2017, IEEE\/WIC\/ACM, International Conference on Web Intelligence, August 23-26, 2017, Liepzig, Germany.<\/span><\/li>\n<li><span style=\"font-size: 14pt;\">WI 2016, IEEE\/WIC\/ACM, International Conference on Web Intelligence, Osnabr\u00fcck, Germany, October 13-16, 2016 in Omaha, Nebraska, USA.<\/span><\/li>\n<li><span style=\"font-size: 14pt;\">CoDIT 2016, IEEE International Conference on Control, Decision and Information Technologies, Malta, April 6-8, 2016.<\/span><\/li>\n<li><span style=\"font-size: 14pt;\">IEEE\/WIC\/ACM WI 2015, International Conference on Web Intelligence, Osnabr\u00fcck, Germany, March 4-9, 2015.<\/span><\/li>\n<li><span style=\"font-size: 14pt;\">INTELLI 2015, The Fourth International Conference on Intelligent Systems and Applications, St. Julians, Malta, October 11 &#8211; 16, 2015.<\/span><\/li>\n<li><span style=\"font-size: 14pt;\">IEEE\/WIC\/ACM WI 2014, International Conference on Web Intelligence, Warsaw, Poland, August 11-14, 2014.<\/span><\/li>\n<li><span style=\"font-size: 14pt;\">IEEE\/WIC\/ACM WI 2013, International Conference on Web Intelligence, Atlanta, GA USA, November 17-20, 2013<\/span><\/li>\n<li><span style=\"font-size: 14pt;\">IEEE\/WIC\/ACM WI 2012, International Conference on Web Intelligence, Macau, China, December 4-7, 2012.<\/span><\/li>\n<li><span style=\"font-size: 14pt;\">IEEE-RCIS 2012, 6th International Conference on Research Chalenges in Information Sciences, May 19-21, 2010, May 16-18 2012, Valencia, Spain.<\/span><\/li>\n<li><span style=\"font-size: 14pt;\">IEEE\/WIC\/ACM WI 2011, International Conference on Web Intelligence, August 22- 27, 2011, Campus Scientifique de la Doua, Lyon, France<\/span><\/li>\n<li><span style=\"font-size: 14pt;\">ADS 2011, Agent-Directed Simulation Symposium, April 4-9, 2011, Boston Marriott Long Wharf Hotel, Boston, MA, USA.<\/span><\/li>\n<li><span style=\"font-size: 14pt;\">JFO 2011, 4i\u00e8me Journ\u00e9es Francophones sur les Ontologies, 22 au 24 Juin 2011, Montr\u00e9al, Canada.<\/span><\/li>\n<li><span style=\"font-size: 14pt;\">IEEE-RCIS 2011, Five IEEE International Conference on Research Chalenges in Information Sciences, May 19-21, 2010, Gouadeloupe.<\/span><\/li>\n<li><span style=\"font-size: 14pt;\">AISSAI 2010 (Workshop de l\u2019ECAI 2010) \u2013 Artificial Intelligence for Simulation \u2013 Simulation for Artificial Intelligence, 16-20 August 2010, Lisbon, Portugal.<\/span><\/li>\n<li><span style=\"font-size: 14pt;\">IEEE-RCIS 2010, Four IEEE International Conference on Research Chalenges in Information Sciences, May 19-21, 2010, Nice, France.<\/span><\/li>\n<li><span style=\"font-size: 14pt;\">ADS 2010, Agent-directed Simulation, March 22-27, 2009, San Diego, California.<\/span><\/li>\n<li><span style=\"font-size: 14pt;\">SIMUTools 2009, International Conference on Simulation Tools and Techniques, Rome, March 2-6 2009.<\/span><\/li>\n<li><span style=\"font-size: 14pt;\">NOTERE 2009, 9e\u00a0 Conf\u00e9rence Internationale sur les NOuvelles TEchnologies de la REpartition, Montr\u00e9al, 29 juin au 3 juillet 2009.<\/span><\/li>\n<li><span style=\"font-size: 14pt;\">AAMAS 2009, 8th International Conference on Autonomous Agents and Multiagents Systems, May 10-15, 2009, Budapest, Hungary.<\/span><\/li>\n<li><span style=\"font-size: 14pt;\">ADS 2009, Agent-directed Simulation, March 22-27, 2009, San Diego, California.<\/span><\/li>\n<li><span style=\"font-size: 14pt;\">JFO2008, 2 i\u00e8me Journ\u00e9es Francophones sur les Ontologies, 1-3 d\u00e9cembre 2008, Lyon.<\/span><\/li>\n<li><span style=\"font-size: 14pt;\">IEEE-RCIS 2009, Third IEEE International Conference on Research Chalenges in Information Sciences, April 22-24, 2009, Fes, Morocco.<\/span><\/li>\n<li><span style=\"font-size: 14pt;\">SIMUTools 2009, Second International Conference on Simulation Tools and Techniques for Communications, Networks and Systems, March 2-6, 2009, Rome, Italy.<\/span><\/li>\n<li><span style=\"font-size: 14pt;\">SIMUTools 2008, International Conference on Simulation Tools and Techniques, Marseille, France\u00a0 March 3-7, 2008.<\/span><\/li>\n<li><span style=\"font-size: 14pt;\">ECMS 2008, 22nd European Conference on Modelling and Simulation (formerly referred to as &lsquo;SCS-ESM&rsquo;), June 3rd &#8211; 6th, 2008, Nicosia, Cyprus.<\/span><\/li>\n<li><span style=\"font-size: 14pt;\">IEEE-RCIS 2008, Second IEEE International Conference on Research Chalenges in Information Sciences, June 3-6, 2008, Marrakech, Morocco.<\/span><\/li>\n<li><span style=\"font-size: 14pt;\">NOTERE 2008, 8\u00e8me Conf\u00e9rence Internationale sur les NOuvelles TEchnologies de la REpartition, Lyon, France, 23-27 Juin, 2008.<\/span><\/li>\n<li><span style=\"font-size: 14pt;\">ADS 2008, Agent-directed Simulation, Ottawa, Canada, April 14-17, 2008.<\/span><\/li>\n<li><span style=\"font-size: 14pt;\">JFO 2007, 1\u00e8res Journ\u00e9es Francophones sur les Ontologies, 18 \u2013 20 Octobre 2007, Sousse, Tunisie.<\/span><\/li>\n<li><span style=\"font-size: 14pt;\">SCSC 2007, Summer Computer Simulation Conference (SCSC&rsquo;07), \u201cMoving Towards the Unified Simulation Approach\u201d, July 15-18, 2007, San Diego Marriot Mission Valley, San Diego, CA, USA.<\/span><\/li>\n<li><span style=\"font-size: 14pt;\">ECMS 2007, 21 St European Conference on Modelling and Simulation (formerly referred to as &lsquo;SCS-ESM&rsquo;), Prague, Czech Republic, June 4th &#8211; 6th, 2007.<\/span><\/li>\n<li><span style=\"font-size: 14pt;\">IMSM07-CMS, International Modeling and Simulation Multiconference 2007 (IMSM07) \u2013 Conceptual Modelling and Simulation, Buenos Aires, Argentine, 8-10 f\u00e9vrier 2007.<\/span><\/li>\n<li><span style=\"font-size: 14pt;\">ADS 2007, Agent-Directed Simulation, Sponsored by the Society for Modeling and Simulation International (SCS) and ACM, Spring Simulation Multiconference 2007 (SpringSim&rsquo;07), March 25 &#8211; 29, 2007, Norfolk, VA, USA.<\/span><\/li>\n<li><span style=\"font-size: 14pt;\">ECMS 2006, 20 Th European Conference on Modelling and Simulation (formerly referred to as &lsquo;SCS-ESM&rsquo;), May 28th &#8211; 31st, 2006, \u2028Bonn, Germany.<\/span><\/li>\n<li><span style=\"font-size: 14pt;\">AOIS 2006, 8th International Biconference Workshop \u00ab Agent-Oriented Information Systems \u00bb, in conjunction with the AAMAS-2006 conference in Hakodate, Japan, and in conjunction with CAiSE-2006 conference in Luxembourg.<\/span><\/li>\n<li><span style=\"font-size: 14pt;\">ADS 2006, Agent-Directed Simulation, Sponsored by the Society for Modeling and Simulation International (SCS), April 2- 6, 2006, Van Braun Convention, Huntsville, Alabama, USA.<\/span><\/li>\n<li><span style=\"font-size: 14pt;\">I3M-CMS 2005, International Mediterranean Modeling Multiconference, Conceptual Modeling and Simulation Conference, chairman of the Agents-Based Simulation track session, October 2005. Marseilles.<\/span><\/li>\n<li><span style=\"font-size: 14pt;\">AOIS 2005, 7th International Biconference Workshop \u00ab Agent-Oriented Information Systems\u00a0 \u00bb, Utrecht, Netherlands in July 2005 (in conjonction with AAMAS) and in Klagenfurt, Austria in October 2005 (in conjonction with ER2005).<\/span><\/li>\n<li><span style=\"font-size: 14pt;\">ADS 2005, Agent-Directed Simulation, Sponsored by the Society for Modeling and Simulation International (SCS), April 2 &#8211; 8, 2005, San Diego, California<\/span><\/li>\n<li><span style=\"font-size: 14pt;\">AOIS 2004, 6th International Biconference Workshop \u00ab Agent-Oriented Information Systems \u00bb, June 7-8 2004, Riga, Latvia and June 19-20, New York City, USA.<\/span><\/li>\n<li><span style=\"font-size: 14pt;\">ABS 2004, 5th International Workshop \u00ab Agents Based Simulation \u00bb, Organis\u00e9 par SCS-Europe, Lisbonne, mai 2004 &#8211; Co-Pr\u00e9sidence du comit\u00e9 de programme avec Helder Coehlo.<\/span><\/li>\n<\/ul>\n<p><span style=\"font-size: 14pt;\"><big><big>Comit\u00e9s de programmes de conf\u00e9rences nationales\/National conferences program committee (2004-&#8230;)<\/big><\/big><\/span><\/p>\n<ul>\n<li><span style=\"font-size: 14pt;\">CORIA<\/span><\/li>\n<li><span style=\"font-size: 14pt;\">EDA<\/span><\/li>\n<li><span style=\"font-size: 14pt;\">JFO<\/span><\/li>\n<li><span style=\"font-size: 14pt;\">INFORSID<\/span><\/li>\n<li><span style=\"font-size: 14pt;\">JFSMA<\/span><\/li>\n<li><span style=\"font-size: 14pt;\">&#8230;<\/span><\/li>\n<\/ul>\n<p><span style=\"font-size: 14pt;\"><big><big>Comit\u00e9s d&rsquo;organisation de conf\u00e9rences\/Conferences organization committee (2004-&#8230;)<\/big><\/big><\/span><\/p>\n<ul>\n<li><span style=\"font-size: 14pt;\">Membre du comit\u00e9 d\u2019organisation de CORIA 2017, Marseille.<\/span><\/li>\n<li><span style=\"font-size: 14pt;\">Membre du comit\u00e9 d\u2019organisation d\u2019INFORSID 2010, Marseille.<\/span><\/li>\n<li><span style=\"font-size: 14pt;\">Co-organisateur de la session \u00ab Agents based Modelling and Simulation in Industry and Environment \u00bb avec L. Yilmaz (Auburn University) dans le cadre de IMSM07-CMS, International Modeling and Simulation Multiconference 2007 (IMSM07) \u2013 Conceptual Modelling and Simulation, Buenos Aires, Argentine, 8-10 f\u00e9vrier 2007.<\/span><\/li>\n<\/ul>\n<p><big><big><br \/>\n<\/big><\/big><big><\/big><\/p>\n","protected":false},"excerpt":{"rendered":"<p>Comit\u00e9s de programmes de conf\u00e9rences internationales\/International Conferences program committees (2004-&#8230;) WI 2022, IEEE\/WIC\/ACM, International Conference on Web Intelligence, November 17-20, 2022, Niagara Falls, Canada. WI 2021, IEEE\/WIC\/ACM, International Conference on Web Intelligence, December 14-17, 2021, Melbourne, Australia. WI 2020, IEEE\/WIC\/ACM, Virtual International Conference on Web Intelligence, 14-17 December 2020 WI 2018, IEEE\/WIC\/ACM, International Conference on &hellip; <\/p>\n<p class=\"link-more\"><a href=\"https:\/\/pageperso.lis-lab.fr\/bernard.espinasse\/index.php\/comites-programme\/\" class=\"more-link\">Continuer la lecture <span class=\"screen-reader-text\"> \u00ab\u00a0Comit\u00e9s programme\u00a0\u00bb<\/span><\/a><\/p>\n","protected":false},"author":2,"featured_media":0,"parent":0,"menu_order":0,"comment_status":"closed","ping_status":"closed","template":"","meta":{"_crdt_document":"","footnotes":""},"class_list":["post-455","page","type-page","status-publish","hentry","entry"],"_links":{"self":[{"href":"https:\/\/pageperso.lis-lab.fr\/bernard.espinasse\/index.php\/wp-json\/wp\/v2\/pages\/455","targetHints":{"allow":["GET"]}}],"collection":[{"href":"https:\/\/pageperso.lis-lab.fr\/bernard.espinasse\/index.php\/wp-json\/wp\/v2\/pages"}],"about":[{"href":"https:\/\/pageperso.lis-lab.fr\/bernard.espinasse\/index.php\/wp-json\/wp\/v2\/types\/page"}],"author":[{"embeddable":true,"href":"https:\/\/pageperso.lis-lab.fr\/bernard.espinasse\/index.php\/wp-json\/wp\/v2\/users\/2"}],"replies":[{"embeddable":true,"href":"https:\/\/pageperso.lis-lab.fr\/bernard.espinasse\/index.php\/wp-json\/wp\/v2\/comments?post=455"}],"version-history":[{"count":9,"href":"https:\/\/pageperso.lis-lab.fr\/bernard.espinasse\/index.php\/wp-json\/wp\/v2\/pages\/455\/revisions"}],"predecessor-version":[{"id":1591,"href":"https:\/\/pageperso.lis-lab.fr\/bernard.espinasse\/index.php\/wp-json\/wp\/v2\/pages\/455\/revisions\/1591"}],"wp:attachment":[{"href":"https:\/\/pageperso.lis-lab.fr\/bernard.espinasse\/index.php\/wp-json\/wp\/v2\/media?parent=455"}],"curies":[{"name":"wp","href":"https:\/\/api.w.org\/{rel}","templated":true}]}}