{"id":42,"date":"2021-12-08T15:51:23","date_gmt":"2021-12-08T14:51:23","guid":{"rendered":"https:\/\/pageperso.lis-lab.fr\/bernard.espinasse\/nouveausite\/?page_id=42"},"modified":"2022-09-03T09:42:21","modified_gmt":"2022-09-03T07:42:21","slug":"bernard-espinasse","status":"publish","type":"page","link":"https:\/\/pageperso.lis-lab.fr\/bernard.espinasse\/","title":{"rendered":"Accueil\/Home page"},"content":{"rendered":"\r\n<p class=\"wp-block-paragraph\"><img loading=\"lazy\" decoding=\"async\" class=\" wp-image-141 alignleft\" src=\"https:\/\/pageperso.lis-lab.fr\/bernard.espinasse\/wp-content\/uploads\/2021\/12\/bernard_espinasse-2021-light-278x300.jpg\" alt=\"\" width=\"218\" height=\"235\" srcset=\"https:\/\/pageperso.lis-lab.fr\/bernard.espinasse\/wp-content\/uploads\/2021\/12\/bernard_espinasse-2021-light-278x300.jpg 278w, https:\/\/pageperso.lis-lab.fr\/bernard.espinasse\/wp-content\/uploads\/2021\/12\/bernard_espinasse-2021-light-949x1024.jpg 949w, https:\/\/pageperso.lis-lab.fr\/bernard.espinasse\/wp-content\/uploads\/2021\/12\/bernard_espinasse-2021-light-768x828.jpg 768w, https:\/\/pageperso.lis-lab.fr\/bernard.espinasse\/wp-content\/uploads\/2021\/12\/bernard_espinasse-2021-light-1424x1536.jpg 1424w, https:\/\/pageperso.lis-lab.fr\/bernard.espinasse\/wp-content\/uploads\/2021\/12\/bernard_espinasse-2021-light-1899x2048.jpg 1899w, https:\/\/pageperso.lis-lab.fr\/bernard.espinasse\/wp-content\/uploads\/2021\/12\/bernard_espinasse-2021-light-1568x1691.jpg 1568w\" sizes=\"auto, (max-width: 218px) 100vw, 218px\" \/><\/p>\r\n<p><img loading=\"lazy\" decoding=\"async\" class=\"alignnone  wp-image-112\" src=\"https:\/\/pageperso.lis-lab.fr\/bernard.espinasse\/wp-content\/uploads\/2021\/12\/LogoAmu-300x116.jpg\" alt=\"\" width=\"157\" height=\"65\" \/> \u00a0 \u00a0\u00a0\u00a0 <img loading=\"lazy\" decoding=\"async\" class=\"alignnone  wp-image-522\" src=\"https:\/\/pageperso.lis-lab.fr\/bernard.espinasse\/wp-content\/uploads\/2021\/12\/logo_epum-300x137.jpg\" alt=\"\" width=\"152\" height=\"69\" srcset=\"https:\/\/pageperso.lis-lab.fr\/bernard.espinasse\/wp-content\/uploads\/2021\/12\/logo_epum-300x137.jpg 300w, https:\/\/pageperso.lis-lab.fr\/bernard.espinasse\/wp-content\/uploads\/2021\/12\/logo_epum.jpg 720w\" sizes=\"auto, (max-width: 152px) 100vw, 152px\" \/><\/p>\r\n<p><img loading=\"lazy\" decoding=\"async\" class=\"alignnone  wp-image-377\" src=\"https:\/\/pageperso.lis-lab.fr\/bernard.espinasse\/wp-content\/uploads\/2021\/12\/Logo_LIS.png\" alt=\"\" width=\"84\" height=\"77\" \/> \u00a0 \u00a0\u00a0 <img loading=\"lazy\" decoding=\"async\" class=\"alignnone  wp-image-148\" src=\"https:\/\/pageperso.lis-lab.fr\/bernard.espinasse\/wp-content\/uploads\/2021\/12\/logo_cnrs-1.gif\" alt=\"\" width=\"73\" height=\"78\" \/><\/p>\r\n<p>&nbsp;<\/p>\r\n<p class=\"has-text-align-left has-text-color has-huge-font-size\" style=\"color: #2a9ac0;\"><span style=\"font-size: 24pt;\"><strong>Bernard Espinasse<\/strong><\/span><\/p>\r\n\r\n\r\n\r\n<p class=\"has-text-align-left wp-block-paragraph\" style=\"line-height: 0.2; text-align: left;\"><span style=\"font-size: 14pt;\">Professeur des Universit\u00e9s <span style=\"font-size: 12pt;\">(Classe Exceptionnelle 2 &#8211; CNU) \/ Full professor<\/span><br \/><\/span><\/p>\r\n<p><span style=\"font-size: 14pt;\">\r\n\r\n<\/span><\/p>\r\n<p class=\"has-text-align-left wp-block-paragraph\" style=\"line-height: 0.2; text-align: left;\"><span style=\"font-size: 14pt;\">Aix-Marseille Universit\u00e9 (AMU)<\/span><\/p>\r\n<p class=\"has-text-align-left\" style=\"line-height: 0.2; text-align: left;\"><span style=\"font-size: 14pt;\">LIS UMR CNRS 7020 &#8211; P\u00f4le Sciences des Donn\u00e9es<\/span><\/p>\r\n<p><span style=\"font-size: 14pt;\">\r\n\r\n<\/span><\/p>\r\n<p class=\"has-text-align-left wp-block-paragraph\" style=\"line-height: 0.2; text-align: left;\"><span style=\"font-size: 14pt;\">Marseille, France.<\/span><\/p>\r\n<p class=\"has-text-align-left\" style=\"line-height: 0.2; text-align: left;\"><span style=\"font-size: 14pt;\">ORSID:\u00a00000-0003-2895-6752<\/span><\/p>\r\n<p><span style=\"font-size: 14pt;\"><a href=\"https:\/\/pageperso.lis-lab.fr\/bernard.espinasse\/index.php\/en-bref-in-short\/\">En bref \/ In short &#8230;<\/a><\/span><\/p>\r\n<p><span style=\"font-size: 14pt;\">\r\n\r\n\r\n\r\n<\/span><\/p>\r\n<p><span style=\"font-size: 14pt;\"><strong>Contact :<\/strong><\/span><\/p>\r\n<p><span style=\"font-size: 14pt;\">\r\n\r\n<\/span><\/p>\r\n<ul class=\"wp-block-list\">\r\n<li><span style=\"font-size: 14pt;\">Adresse professionnelle\/<em>Professionnal address<\/em> : LIS UMR CNRS 7020, Aix-Marseille Universit\u00e9 (AMU), Ecole Polytechnique Universitaire de Marseille (Polytech-Marseille), Domaine Universitaire de Saint-J\u00e9r\u00f4me, F-13397 Marseille, Cedex 20, France.<\/span><\/li>\r\n<li><span style=\"font-size: 14pt;\">Tel. : +33 (0)4 91 05 60 30<\/span><\/li>\r\n<li><span style=\"font-size: 14pt;\">Fax : +33 (0)4 91 05 60 33<\/span><\/li>\r\n<li><span style=\"font-size: 14pt;\">Email : bernard.espinasse \u00ab\u00a0at\u00a0\u00bb lis-lab.fr<\/span><\/li>\r\n<li><span style=\"font-size: 14pt;\">Page Web: http:\/\/pageperso.lis-lab.fr\/bernard.espinasse\/<\/span><\/li>\r\n<\/ul>\r\n<p><em><span style=\"font-size: 14pt;\">T\u00e9l\u00e9chargement livre MERISE : <\/span><a href=\"https:\/\/pageperso.lis-lab.fr\/bernard.espinasse\/index.php\/livre-merise\"><span style=\"font-size: 14pt;\">lien<\/span><\/a><\/em><\/p>\r\n","protected":false},"excerpt":{"rendered":"<p>\u00a0 \u00a0\u00a0\u00a0 \u00a0 \u00a0\u00a0 &nbsp; Bernard Espinasse Professeur des Universit\u00e9s (Classe Exceptionnelle 2 &#8211; CNU) \/ Full professor Aix-Marseille Universit\u00e9 (AMU) LIS UMR CNRS 7020 &#8211; P\u00f4le Sciences des Donn\u00e9es Marseille, France. ORSID:\u00a00000-0003-2895-6752 En bref \/ In short &#8230; Contact : Adresse professionnelle\/Professionnal address : LIS UMR CNRS 7020, Aix-Marseille Universit\u00e9 (AMU), Ecole Polytechnique Universitaire &hellip; <\/p>\n<p class=\"link-more\"><a href=\"https:\/\/pageperso.lis-lab.fr\/bernard.espinasse\/\" class=\"more-link\">Continuer la lecture <span class=\"screen-reader-text\"> \u00ab\u00a0Accueil\/Home page\u00a0\u00bb<\/span><\/a><\/p>\n","protected":false},"author":2,"featured_media":0,"parent":0,"menu_order":0,"comment_status":"closed","ping_status":"closed","template":"","meta":{"_crdt_document":"","footnotes":""},"class_list":["post-42","page","type-page","status-publish","hentry","entry"],"_links":{"self":[{"href":"https:\/\/pageperso.lis-lab.fr\/bernard.espinasse\/index.php\/wp-json\/wp\/v2\/pages\/42","targetHints":{"allow":["GET"]}}],"collection":[{"href":"https:\/\/pageperso.lis-lab.fr\/bernard.espinasse\/index.php\/wp-json\/wp\/v2\/pages"}],"about":[{"href":"https:\/\/pageperso.lis-lab.fr\/bernard.espinasse\/index.php\/wp-json\/wp\/v2\/types\/page"}],"author":[{"embeddable":true,"href":"https:\/\/pageperso.lis-lab.fr\/bernard.espinasse\/index.php\/wp-json\/wp\/v2\/users\/2"}],"replies":[{"embeddable":true,"href":"https:\/\/pageperso.lis-lab.fr\/bernard.espinasse\/index.php\/wp-json\/wp\/v2\/comments?post=42"}],"version-history":[{"count":44,"href":"https:\/\/pageperso.lis-lab.fr\/bernard.espinasse\/index.php\/wp-json\/wp\/v2\/pages\/42\/revisions"}],"predecessor-version":[{"id":1629,"href":"https:\/\/pageperso.lis-lab.fr\/bernard.espinasse\/index.php\/wp-json\/wp\/v2\/pages\/42\/revisions\/1629"}],"wp:attachment":[{"href":"https:\/\/pageperso.lis-lab.fr\/bernard.espinasse\/index.php\/wp-json\/wp\/v2\/media?parent=42"}],"curies":[{"name":"wp","href":"https:\/\/api.w.org\/{rel}","templated":true}]}}