{"id":195,"date":"2021-12-09T13:41:27","date_gmt":"2021-12-09T12:41:27","guid":{"rendered":"https:\/\/pageperso.lis-lab.fr\/bernard.espinasse\/nouveausite\/?page_id=195"},"modified":"2022-03-02T12:20:55","modified_gmt":"2022-03-02T11:20:55","slug":"publication-1995","status":"publish","type":"page","link":"https:\/\/pageperso.lis-lab.fr\/bernard.espinasse\/index.php\/publication-1995\/","title":{"rendered":"Publications &#8230; &#8211; 1995"},"content":{"rendered":"<h6><big>Les calanques \/ <em>The calanque<\/em>s<\/big><\/h6>\n<h6><big><img loading=\"lazy\" decoding=\"async\" class=\"alignnone wp-image-137\" src=\"https:\/\/pageperso.lis-lab.fr\/bernard.espinasse\/wp-content\/uploads\/2021\/12\/bandeau_calanques-3-300x64.gif\" alt=\"\" width=\"707\" height=\"121\" \/><\/big><\/h6>\n<p><span style=\"font-size: 14pt;\"><big>Th\u00e8se de Doctorat \/<\/big><big><em> PhD Thesis<\/em><br \/>\n<\/big><\/span><\/p>\n<ul>\n<li><span style=\"font-size: 14pt;\">[THE81]\u00a0\u00a0\u00a0 <strong>B. Espinasse<\/strong>, \u201cAutonomie et intelligence organisationnelle, \u00e9l\u00e9ments th\u00e9oriques et applications \u00e0 la conception de syst\u00e8mes d&rsquo;information intelligents\u201d, Th\u00e8se de Doctorat en Economie (syst\u00e9mes d&rsquo;information), Aix-Marseille Universit\u00e9, juillet l98l. Th\u00e8se effectu\u00e9e en tant qu&rsquo;allocataire de recherche C.N.R.S. affect\u00e9 au GRASCE (URA CNRS N\u00b0935) sous la direction du Professeur Jean-Louis Le Moigne. <a href=\"https:\/\/pageperso.lis-lab.fr\/bernard.espinasse\/wp-content\/uploads\/2022\/01\/TH-81-These-ESPINASSE-1981.pdf\" target=\"_blank\" rel=\"noopener\">pdf<\/a><\/span><\/li>\n<\/ul>\n<p><span style=\"font-size: 14pt;\"><big>Articles dans des revues \/ <em>Papers in journals<\/em><br \/>\n<\/big><\/span><\/p>\n<ul>\n<li><span style=\"font-size: 14pt;\">[RJ 94.2]\u00a0\u00a0\u00a0 <strong>B. Espinasse<\/strong> (1994),\u00a0 Un syst\u00e8me interactif d&rsquo;aide au bilan professionnel : de la synth\u00e8se \u00e0 la collaboration, Revue des Syst\u00e8mes de D\u00e9cision \/ <strong>Journal of Decision Systems<\/strong>, Vol. 3, n\u00b01, 1994, Herm\u00e9s Editeur, pp. 7-28. (R\u00e9pertori\u00e9e Scopus et DBLP). <a href=\"https:\/\/pageperso.lis-lab.fr\/bernard.espinasse\/wp-content\/uploads\/2022\/01\/RJ-94.2-Espinasse-JDS-1993.pdf\" target=\"_blank\" rel=\"noopener\">pdf<\/a><\/span><\/li>\n<li><span style=\"font-size: 14pt;\">[RJ 94.1]\u00a0\u00a0\u00a0 <strong>B. Espinasse<\/strong> (1994), A Cognitivist Model for Decision Support : COGITA Project, a Problem Formulation Assistant, <strong>Decision Support Systems, the International Journal<\/strong>, N. H. Elsevier \u00e9diteur, N\u00b012, 1994, pp. 277-286. (R\u00e9pertori\u00e9e ISI Web Of Knowledge). <a href=\"https:\/\/pageperso.lis-lab.fr\/bernard.espinasse\/wp-content\/uploads\/2022\/01\/RJ-94.1-DSS-cogita-94.pdf\" target=\"_blank\" rel=\"noopener\">pdf<\/a><\/span><\/li>\n<li><span style=\"font-size: 14pt;\">[RJ 86]\u00a0\u00a0\u00a0 G. Bernier, <strong>B. Espinasse<\/strong>, D. Lafrance (1986), Syst\u00e8mes experts pour la s\u00e9lection des risques en assurance-vie, <strong>Assurance<\/strong> (Revue trimestrielle consacr\u00e9e \u00e0 l&rsquo;\u00e9tude th\u00e9orique et pratique de l&rsquo;assurance au Canada), ISSN 0004-6027, n\u00b03, octobre 86, pp. 451-456. <a href=\"https:\/\/pageperso.lis-lab.fr\/bernard.espinasse\/wp-content\/uploads\/2022\/01\/RJ-86-AssurVie-oct86-partiel.pdf\" target=\"_blank\" rel=\"noopener\">pdf<\/a><\/span><\/li>\n<\/ul>\n<p><span style=\"font-size: 14pt;\"><big><big><small>Livre <\/small><\/big>\/ Books (BK)<\/big><\/span><\/p>\n<ul>\n<li><span style=\"font-size: 14pt;\">[BK 92] \u00a0\u00a0\u00a0 D. Nanci, <strong>B. Espinasse<\/strong> avec la collaboration de B. Cohen et H. Heckenroth, Ing\u00e9nierie des syst\u00e8mes d&rsquo;information avec Merise : vers une deuxi\u00e8me g\u00e9n\u00e9ration, Editions SYBEX, Paris, juin 92, 685 pages, pr\u00e9face de J.-L. Le Moigne et H. Tardieu (3\u00b0 \u00e9ditions). ISBN: 2-7361-2209-7.<\/span><\/li>\n<\/ul>\n<p><span style=\"font-size: 14pt;\"><img loading=\"lazy\" decoding=\"async\" class=\"alignnone size-medium wp-image-1473\" src=\"https:\/\/pageperso.lis-lab.fr\/bernard.espinasse\/wp-content\/uploads\/2022\/01\/LivreMerise-1992a-247x300.gif\" alt=\"\" width=\"247\" height=\"300\" srcset=\"https:\/\/pageperso.lis-lab.fr\/bernard.espinasse\/wp-content\/uploads\/2022\/01\/LivreMerise-1992a-247x300.gif 247w, https:\/\/pageperso.lis-lab.fr\/bernard.espinasse\/wp-content\/uploads\/2022\/01\/LivreMerise-1992a-843x1024.gif 843w, https:\/\/pageperso.lis-lab.fr\/bernard.espinasse\/wp-content\/uploads\/2022\/01\/LivreMerise-1992a-768x932.gif 768w\" sizes=\"auto, (max-width: 247px) 100vw, 247px\" \/> \u00a0\u00a0 <img loading=\"lazy\" decoding=\"async\" class=\"alignnone size-medium wp-image-1472\" src=\"https:\/\/pageperso.lis-lab.fr\/bernard.espinasse\/wp-content\/uploads\/2022\/01\/LivreMerise-1992b-242x300.gif\" alt=\"\" width=\"242\" height=\"300\" srcset=\"https:\/\/pageperso.lis-lab.fr\/bernard.espinasse\/wp-content\/uploads\/2022\/01\/LivreMerise-1992b-242x300.gif 242w, https:\/\/pageperso.lis-lab.fr\/bernard.espinasse\/wp-content\/uploads\/2022\/01\/LivreMerise-1992b-827x1024.gif 827w, https:\/\/pageperso.lis-lab.fr\/bernard.espinasse\/wp-content\/uploads\/2022\/01\/LivreMerise-1992b-768x951.gif 768w\" sizes=\"auto, (max-width: 242px) 100vw, 242px\" \/><br \/>\n<\/span><\/p>\n<p><span style=\"font-size: 14pt;\"><big>Chapitres de livres \/ <em>Chapters in Books<\/em> <\/big><\/span><\/p>\n<ul>\n<li><span style=\"font-size: 14pt;\">[CH 87] \u00a0\u00a0 \u00a0<strong>B. Espinasse<\/strong>, D. Pascot, Decision Support Systems, a Knowledge Oriented Approach, in <em>Economics and Artificial Intelligence<\/em>, Pergamon Press 1987, \u00e9dit\u00e9 par J. -L. Le Moigne et J. -L. Ross. <a href=\"https:\/\/pageperso.lis-lab.fr\/bernard.espinasse\/wp-content\/uploads\/2022\/01\/OS-87-Pascot-sept86.pdf\" target=\"_blank\" rel=\"noopener\">pdf<\/a><\/span><\/li>\n<li><span style=\"font-size: 14pt;\">[CH 86] \u00a0\u00a0 \u00a0<strong>B. Espinasse<\/strong>, R. Mantha, Bases de donn\u00e9es relationnelles et connaissances, in Bases de donn\u00e9es, <em>Le relationnel: mythe et r\u00e9alit\u00e9<\/em>, Editions Eyrolles 1986, \u00e9dit\u00e9 par A. Flory et M. Bouzeghoub. <a href=\"https:\/\/pageperso.lis-lab.fr\/bernard.espinasse\/wp-content\/uploads\/2022\/01\/OS-86-Mantha-mai86.pdf\" target=\"_blank\" rel=\"noopener\">pdf<\/a><\/span><\/li>\n<\/ul>\n<p><span style=\"font-size: 14pt;\"><big>Articles dans des conf\u00e9rences internationales \/ <em>Papers in international conf\u00e9rences<\/em><\/big><\/span><\/p>\n<ul>\n<li><span style=\"font-size: 14pt;\">[IC 95.3]\u00a0\u00a0\u00a0 <strong>B. Espinasse<\/strong>, L. M. Spinosa, E. Chouraqui (1995), D-CIM et IAD : une approche orient\u00e9e connaissance pour la mod\u00e9lisation de syst\u00e8mes de production, <strong>CIGI 95<\/strong>, Congr\u00e9s International de G\u00e9nie Industriel, Volume I, pp. 915-925, Montr\u00e9al, Canada, October 18-20, 1995. <a href=\"https:\/\/pageperso.lis-lab.fr\/bernard.espinasse\/wp-content\/uploads\/2022\/01\/IC-95.3-Spinosa-CIGI95.pdf\" target=\"_blank\" rel=\"noopener\">pdf<\/a><\/span><\/li>\n<li><span style=\"font-size: 14pt;\">[IC 95.2]\u00a0\u00a0\u00a0 L. M. Spinosa, E. Chouraqui, <strong>B. Espinasse<\/strong> (1995), Une base de connaissance pour la g\u00e9n\u00e9ration de mod\u00e8les d&rsquo;ateliers flexibles de production, <strong>CIGI 95<\/strong>, Congr\u00e9s International de G\u00e9nie Industriel, Montr\u00e9al, Canada, Volume I, pp. 417-467, October 18-20, 1995. <a href=\"https:\/\/pageperso.lis-lab.fr\/bernard.espinasse\/wp-content\/uploads\/2022\/01\/IC-95.2-Spinosa-CIGI95.pdf\" target=\"_blank\" rel=\"noopener\">pdf<\/a><\/span><\/li>\n<li><span style=\"font-size: 14pt;\">[IC 95.1]\u00a0\u00a0\u00a0 <strong>B. Espinasse<\/strong>, T. Pauner (1995), NegocIAD : a multicriteria and multiagent system for negotiation support, <strong>International Workshop on the Design of Cooperative Systems<\/strong>, INRIA, Antibes-Juan-les-Pins, January 25-27, 1995. <a href=\"https:\/\/pageperso.lis-lab.fr\/bernard.espinasse\/wp-content\/uploads\/2022\/01\/IC-95.1-Espinasse-Negociad-1995.pdf\" target=\"_blank\" rel=\"noopener\">pdf<\/a><\/span><\/li>\n<li><span style=\"font-size: 14pt;\">[IC 93.5]\u00a0\u00a0\u00a0 <strong>B. Espinasse<\/strong>, S. Nabitz (1993),\u00a0 Distributed Artificial Intelligence and Decision Support Systems : a Multi-Agents System for Professional Check-up, <strong>IEEE International Conference on Systems, Man and Cybernetics<\/strong> : Systems Engineering in the Service of Humans, , volume I, pp. 453-458, Le Touquet, France, October 17-20, 1993. <a href=\"https:\/\/pageperso.lis-lab.fr\/bernard.espinasse\/wp-content\/uploads\/2022\/01\/IC-93.5-Espinasse-IEEE_1993.pdf\" target=\"_blank\" rel=\"noopener\">pdf<\/a><\/span><\/li>\n<li><span style=\"font-size: 14pt;\">[IC 92.4]\u00a0\u00a0\u00a0 M. Eg\u00e9a, <strong>B. Espinasse<\/strong>, M. Viguier (1992), Complex Situation Understanding Support : a Multi-Agent Architecture, <strong>CECOIA III<\/strong>, 3\u00e8me Conf\u00e9rence Internationale Economie et Intelligence Artificielle, Tokyo, Japan, JASMIN\/IFORS publication, pp. 415-418, August 31-\u00a0 September 4, 1992. <a href=\"https:\/\/pageperso.lis-lab.fr\/bernard.espinasse\/wp-content\/uploads\/2022\/01\/IC-92.4-Egea-CECOIA3-1992.pdf\" target=\"_blank\" rel=\"noopener\">pdf<\/a><\/span><\/li>\n<li><span style=\"font-size: 14pt;\">[IC 90.2]\u00a0\u00a0\u00a0 <strong>B. Espinasse<\/strong> (1990), Cognition de la d\u00e9cision : int\u00e9r\u00eats et limites de l&rsquo;intelligence artificielle, <strong>CECOIA II<\/strong>, 2\u00e8me Conf\u00e9rence Internationale Economie et Intelligence Artificielle, pp. 61-72, Paris, France, 2-6 juillet 1990. <a href=\"https:\/\/pageperso.lis-lab.fr\/bernard.espinasse\/wp-content\/uploads\/2022\/01\/IC-90.2-Espinasse-CECOCIA2-1990.pdf\" target=\"_blank\" rel=\"noopener\">pdf<\/a><br \/>\n<\/span><\/li>\n<\/ul>\n<p><span style=\"font-size: 14pt;\"><big>Articles dans des conf\u00e9rences nationales \/ <em>Papers in national conferences<\/em><\/big><\/span><\/p>\n<ul>\n<li><span style=\"font-size: 14pt;\">[NC 94.6]\u00a0\u00a0\u00a0 <strong>B. Espinasse<\/strong>, M. Lai, D. Nanci, Merise+ : Une extension de la m\u00e9thode MERISE : l&rsquo;approche objet par un apport de la m\u00e9thode HOOD, INFORSID 94, AFCET-CNRS, 17-20 mai 94, Aix-en-Provence, pp. 189-205. <a href=\"https:\/\/pageperso.lis-lab.fr\/bernard.espinasse\/wp-content\/uploads\/2022\/01\/NC-94.6-Espinasse-INFORSID-1994.pdf\" target=\"_blank\" rel=\"noopener\">pdf<\/a><\/span><\/li>\n<li><span style=\"font-size: 14pt;\">[NC 91.3] \u00a0\u00a0\u00a0 M. Bergman, A. Cucchi, <strong>B. Espinasse<\/strong>, F. Lorenzo, Merise et l&rsquo;EDI: contribution \u00e0 une m\u00e9thode de conception de syst\u00e8mes d&rsquo;information d&rsquo;\u00e9change communautaire, Autour et \u00e0 l&rsquo;entour de MERISE; les m\u00e9thodes de conception en perspective, 17-19 avril 1991, Sophia Antipolis, AFCET &#8211; GID &#8211; CERAM, publication AFCET 91, pp. 375-392. <a href=\"https:\/\/pageperso.lis-lab.fr\/bernard.espinasse\/wp-content\/uploads\/2022\/01\/NC-91.3-MeriseEdi-AFCET91.pdf\" target=\"_blank\" rel=\"noopener\">pdf<\/a><\/span><\/li>\n<li><span style=\"font-size: 14pt;\">[NC 87.1]\u00a0\u00a0\u00a0 P. Bourgine, <strong>B. Espinasse<\/strong>, Aide \u00e0 la d\u00e9cision : une approche constructiviste, Colloque sur le d\u00e9veloppement des sciences et pratiques de l&rsquo;organisation, L&rsquo;Aide \u00e0 la D\u00e9cision dans l&rsquo;Organisation, Paris, 10-11-12 mars 1987, publication AFCET 87. <a href=\"https:\/\/pageperso.lis-lab.fr\/bernard.espinasse\/wp-content\/uploads\/2022\/01\/NC-87.1-Bourgine-AFCET-1987.pdf\" target=\"_blank\" rel=\"noopener\">pdf<\/a><\/span><\/li>\n<\/ul>\n<p><span style=\"font-size: 14pt;\"><big>Autres publications\/rapport de contrats \/ Research Reports (REP)<\/big><\/span><\/p>\n<ul>\n<li><span style=\"font-size: 14pt;\">[REP 91\/94]\u00a0\u00a0\u00a0 <strong>B. Espinasse<\/strong>, F. Kohdja, Diff\u00e9rents rapports internes dans le cadre d&rsquo;un projet Europ\u00e9en du programme BRITE\/EURAM N\u00b04390 (1991-1994). Ce projet a pour objet la conception et la r\u00e9alisation d&rsquo;une usine flexible de fabrication de fa\u00e7ades architectoniques. Rapports relatifs \u00e0 la partie informatique : conception et la r\u00e9alisation d&rsquo;une banque des savoir-faire et conception et r\u00e9alisation du syst\u00e8me d&rsquo;information (\u00e9tude de prix, planification pr\u00e9visionnelle, planning d&rsquo;ex\u00e9cution et suivi de fabrication), permettant le pilotage de cette future unit\u00e9 de fabrication.<\/span><\/li>\n<li><span style=\"font-size: 14pt;\">[REP 92] \u00a0\u00a0\u00a0 <strong>B. Espinasse<\/strong>, Sp\u00e9cifications d&rsquo;un outil d&rsquo;aide \u00e0 l&rsquo;optimisation d&rsquo;applications autour de bases de donn\u00e9es g\u00e9r\u00e9es avec la Machine Base de Donn\u00e9es Teradata DBC\/1012, Rapport interne de fin de contrat, Institut Syst\u00e9mia\/La Poste, avril 92.<\/span><\/li>\n<li><span style=\"font-size: 14pt;\">[REP 81] \u00a0\u00a0\u00a0 H. Heckenroth, H. Tardieu, <strong>B. Espinasse<\/strong>, Mod\u00e8les et outils pour la conception de la cin\u00e9matique dans un syst\u00e8me d&rsquo;informations, Rapport de Recherche INRIA N\u00b0 3l0 (Conception de la m\u00e9thode MERISE), GRASCE\/CNRS (Aix-Marseille Universit\u00e9) &#8211; C.E.T.E. M\u00e9diterran\u00e9e, janvier l98l.<\/span><\/li>\n<\/ul>\n","protected":false},"excerpt":{"rendered":"<p>Les calanques \/ The calanques Th\u00e8se de Doctorat \/ PhD Thesis [THE81]\u00a0\u00a0\u00a0 B. Espinasse, \u201cAutonomie et intelligence organisationnelle, \u00e9l\u00e9ments th\u00e9oriques et applications \u00e0 la conception de syst\u00e8mes d&rsquo;information intelligents\u201d, Th\u00e8se de Doctorat en Economie (syst\u00e9mes d&rsquo;information), Aix-Marseille Universit\u00e9, juillet l98l. Th\u00e8se effectu\u00e9e en tant qu&rsquo;allocataire de recherche C.N.R.S. affect\u00e9 au GRASCE (URA CNRS N\u00b0935) sous &hellip; <\/p>\n<p class=\"link-more\"><a href=\"https:\/\/pageperso.lis-lab.fr\/bernard.espinasse\/index.php\/publication-1995\/\" class=\"more-link\">Continuer la lecture <span class=\"screen-reader-text\"> \u00ab\u00a0Publications &#8230; &#8211; 1995\u00a0\u00bb<\/span><\/a><\/p>\n","protected":false},"author":2,"featured_media":0,"parent":0,"menu_order":0,"comment_status":"closed","ping_status":"closed","template":"","meta":{"_crdt_document":"","footnotes":""},"class_list":["post-195","page","type-page","status-publish","hentry","entry"],"_links":{"self":[{"href":"https:\/\/pageperso.lis-lab.fr\/bernard.espinasse\/index.php\/wp-json\/wp\/v2\/pages\/195","targetHints":{"allow":["GET"]}}],"collection":[{"href":"https:\/\/pageperso.lis-lab.fr\/bernard.espinasse\/index.php\/wp-json\/wp\/v2\/pages"}],"about":[{"href":"https:\/\/pageperso.lis-lab.fr\/bernard.espinasse\/index.php\/wp-json\/wp\/v2\/types\/page"}],"author":[{"embeddable":true,"href":"https:\/\/pageperso.lis-lab.fr\/bernard.espinasse\/index.php\/wp-json\/wp\/v2\/users\/2"}],"replies":[{"embeddable":true,"href":"https:\/\/pageperso.lis-lab.fr\/bernard.espinasse\/index.php\/wp-json\/wp\/v2\/comments?post=195"}],"version-history":[{"count":17,"href":"https:\/\/pageperso.lis-lab.fr\/bernard.espinasse\/index.php\/wp-json\/wp\/v2\/pages\/195\/revisions"}],"predecessor-version":[{"id":1573,"href":"https:\/\/pageperso.lis-lab.fr\/bernard.espinasse\/index.php\/wp-json\/wp\/v2\/pages\/195\/revisions\/1573"}],"wp:attachment":[{"href":"https:\/\/pageperso.lis-lab.fr\/bernard.espinasse\/index.php\/wp-json\/wp\/v2\/media?parent=195"}],"curies":[{"name":"wp","href":"https:\/\/api.w.org\/{rel}","templated":true}]}}