{"id":1014,"date":"2021-12-15T09:05:00","date_gmt":"2021-12-15T08:05:00","guid":{"rendered":"https:\/\/pageperso.lis-lab.fr\/bernard.espinasse\/nouveausite\/?page_id=1014"},"modified":"2022-03-06T16:49:56","modified_gmt":"2022-03-06T15:49:56","slug":"theme-topics-2007","status":"publish","type":"page","link":"https:\/\/pageperso.lis-lab.fr\/bernard.espinasse\/index.php\/theme-topics-2007\/","title":{"rendered":"Th\u00e8mes\/Topics 2007-2014"},"content":{"rendered":"<p><span style=\"font-size: 12pt;\">(Publication types: RJ=Revue\/Journal, CH=Book Chapter, BK=Book, IC=International Conference, NC=National Conference)<\/span><\/p>\n<p><span style=\"font-size: 14pt;\"><strong>P\u00e9riode 2007 &#8211; 2014<br \/>\n<\/strong><\/span><\/p>\n<p><span style=\"font-size: 14pt;\">Apr\u00e8s 2007 mes travaux de recherche, r\u00e9alis\u00e9s au LSIS, se d\u00e9veloppent selon deux axes : <em>la conception de SI adaptatifs d\u2019extraction d\u2019information \u00e0 partir de textes et la conception de syst\u00e8mes d\u2019information d\u00e9cisionnels.<\/em><\/span><\/p>\n<p><span style=\"font-size: 14pt;\"><strong>Conception de SI adaptatifs d\u2019extraction d\u2019information \u00e0 partir de textes<\/strong>. Sur cet axe mes travaux concernent plus particuli\u00e8rement la collecte d\u2019information contextuelle sur le Web, avec tout d\u2019abord la proposition, en collaboration avec l\u2019Universit\u00e9 F\u00e9d\u00e9rale du Pernambuco (UFPE, Recife, Br\u00e9sil), d\u2019une architecture logicielle g\u00e9n\u00e9rique Agathe (Agent GATHEring). Cette architecture r\u00e9alise une collecte d\u2019information sur des domaines restreints du Web, domaines auxquels sont associ\u00e9es des ontologies. Elle est compos\u00e9e d\u2019agents logiciels exploitant, de fa\u00e7on coop\u00e9rative et par des r\u00e8gles symboliques (r\u00e8gles de production Jess), des ontologies de domaine pour r\u00e9aliser une classification s\u00e9mantique de pages collect\u00e9es sur le Web, ainsi qu\u2019une extraction d\u2019information de ces pages Web <strong>[RJ 09.1][RJ 09.2][RJ 08.2][IC 08.1][IC 08.2][NC 07].<\/strong><\/span><\/p>\n<p><span style=\"font-size: 14pt;\">Afin de rendre cette architecture plus adaptative, notamment en extraction d\u2019information, t\u00e2che dont la r\u00e9alisation par r\u00e8gles symboliques n\u00e9cessite un important investissement d\u2019expert humain du domaine, nous nous sommes int\u00e9ress\u00e9s \u00e0 des techniques d\u2019extraction adaptative, \u00e0 base d\u2019apprentissage supervis\u00e9 statistique. Nous avons ainsi int\u00e9gr\u00e9 dans notre architecture logicielle Agathe des techniques d\u2019induction d\u2019extracteur utilisant l\u2019algorithme BWI (Boosted Wrapper Induction) et avons obtenu des r\u00e9sultats encourageants <strong>[RJ 12.1][CH 11][IC 10.5<\/strong>]<strong>[IC 10.1<\/strong>][<strong>IC 10.3<\/strong>]. Mes derniers travaux concernent tout d\u2019abord la classification s\u00e9mantique de textes en utilisant les ontologies (Th\u00e8se de S. Albitar) avec les publications <strong>[IC 14.2][IC 12.4][IC 12.2][IC 12.1][IC 12.5][IC 12.4][IC 12.2][IC 12.1],<\/strong> ensuite l\u2019extraction d\u2019information de textes \u00e0 base d\u2019ontologie &#8211; Ontology-Based Information Extraction (Th\u00e8se de R. Lima), dans laquelle nous utilisons la programmation logique inductive (apprentissage symbolique ou relationnel, et non plus statistique) pour g\u00e9n\u00e9rer des r\u00e8gles d\u2019extraction d\u2019information symboliques et ensuite peupler une ontologie de domaine. Les publications associ\u00e9es sont <strong>[IC 15.1][IC 14.1][IC 13.7][IC 13.4]<\/strong><\/span><\/p>\n<p><span style=\"font-size: 14pt;\"><strong>Conception de syst\u00e8mes d\u2019information d\u00e9cisionnels.<\/strong> Mes travaux privil\u00e9gient tout d\u2019abord l\u2019aide \u00e0 la d\u00e9cision s\u2019appuyant sur de la simulation \u00e0 base d\u2019agents et n\u00e9cessitant une multi-mod\u00e9lisation. Cette multi-mod\u00e9lisation peut impliquer des s\u00e9mantiques et des \u00e9chelles de temps et d\u2019espace diff\u00e9rentes, qu\u2019il s\u2019agit d\u2019int\u00e9grer afin de permettre une simulation en g\u00e9n\u00e9ral distribu\u00e9e. Mes principales contributions concernent des cadres m\u00e9thodologiques li\u00e9s \u00e0 l\u2019\u00e9laboration et l\u2019int\u00e9gration de ces mod\u00e8les dans ce contexte de multi-mod\u00e9lisation, ainsi que leur mise en \u0153uvre dans des architectures logicielles permettant d\u2019ex\u00e9cuter et d\u2019int\u00e9grer des simulations distribu\u00e9es. Ainsi, nous avons propos\u00e9 un cadre m\u00e9thodologique de mod\u00e9lisation multi-agents pour la mod\u00e9lisation et la simulation de cha\u00eenes logistiques, notamment dans un contexte de personnalisation de masse (th\u00e8se O. Labarthe) [<strong>RJ 05.2<\/strong>]<strong>[RJ 06][RJ 07]IC 07.3][IC 04][IC 03.2]<\/strong>. Nous avons aussi propos\u00e9 un cadre conceptuel et op\u00e9rationnel d\u2019int\u00e9gration de mod\u00e8les spatio-dynamiques, prenant en compte des s\u00e9mantiques th\u00e9matiques et des niveaux d\u2019\u00e9chelle diff\u00e9rents, et conduisant \u00e0 la sp\u00e9cification de mod\u00e8les d\u2019int\u00e9gration sp\u00e9cifiques (th\u00e8se de E. Maill\u00e9) [<strong>IC 05.1<\/strong>][<strong>IC 06.3<\/strong>][<strong>IC 07.4<\/strong>]. En ce qui concerne les architectures logicielles, dans la th\u00e8se de J. Serment nous avons propos\u00e9 une infrastructure logicielle g\u00e9n\u00e9rique \u00e0 base d\u2019agents et de services, permettant l\u2019int\u00e9gration, le traitement et l\u2019exploitation de donn\u00e9es n\u00e9cessaires \u00e0 l\u2019aide \u00e0 la d\u00e9cision environnementale <strong>[RJ 08.1][IC 06.4][IC 05.2]<\/strong>. Dans le cadre de la th\u00e8se d\u2019E. Maill\u00e9, nous avons propos\u00e9 une autre infrastructure logicielle d\u2019int\u00e9gration g\u00e9n\u00e9rique permettant l\u2019int\u00e9gration de simulateurs de dynamiques spatiales prenant en compte des s\u00e9mantiques th\u00e9matiques et des niveaux d\u2019\u00e9chelle diff\u00e9rents <strong>[RJ 11.1][RJ 11.2][RJ 10][RJ 09.3<\/strong>]. Cette infrastructure est compos\u00e9e d\u2019agents logiciels coop\u00e9rant avec un SI g\u00e9ographique (SIG) dans le processus d\u2019int\u00e9gration, processus dirig\u00e9 par des mod\u00e8les d\u2019int\u00e9gration explicitement sp\u00e9cifi\u00e9s. Nous nous sommes aussi int\u00e9ress\u00e9 \u00e0 l\u2019int\u00e9gration de mod\u00e8les dynamiques associ\u00e9s \u00e0 diff\u00e9rents niveaux d\u2019organisation embo\u00eet\u00e9s dans des cha\u00eenes logistiques (Th\u00e8se de K. Mustapha) [<strong>IC 10.2<\/strong>].<\/span><\/p>\n<p><span style=\"font-size: 14pt;\">Toujours autour de l\u2019usage des syst\u00e8mes multi-agents, nous nous int\u00e9ressons actuellement \u00e0 l\u2019usage de ces syst\u00e8mes pour le d\u00e9veloppement de \u00ab\u00a0jeu s\u00e9rieux\u00a0\u00bb (serious games) appliqu\u00e9s \u00e0 la gestion de crise, ceci dans le cadre d\u2019une bourse CIFRE avec la Soci\u00e9t\u00e9 SII (Th\u00e8se de A. Oulhaci). Ces travaux ont conduit aux publications <strong>[IC 15.1][IC 13.5][IC 13.2][IC 13.1][IC 12.3]<\/strong>. Plus r\u00e9cemment je m\u2019int\u00e9resse aussi aux syst\u00e8mes d\u00e9cisionnels bas\u00e9s sur un entrep\u00f4t de donn\u00e9es. Au travers d\u2019une collaboration avec l\u2019Assistance Publique Hospitali\u00e8re de Marseille (Th\u00e8se de L. El Sarraj), nous essayons de d\u00e9velopper un syst\u00e8me d\u2019aide \u00e0 l\u2019exploitation d\u2019un entrep\u00f4t de donn\u00e9es pour la gestion hospitali\u00e8re, syst\u00e8me dirig\u00e9 par trois ontologies li\u00e9es au domaine, \u00e0 la structure de l\u2019entrep\u00f4t et aux ressources d\u2019exploitations existantes de l\u2019entrep\u00f4t. Ces travaux ont conduit aux publications <strong>[RJ 14.1][IC 13.6][IC 13.3][NC 11.3][NC 11.2].<\/strong><\/span><\/p>\n","protected":false},"excerpt":{"rendered":"<p>(Publication types: RJ=Revue\/Journal, CH=Book Chapter, BK=Book, IC=International Conference, NC=National Conference) P\u00e9riode 2007 &#8211; 2014 Apr\u00e8s 2007 mes travaux de recherche, r\u00e9alis\u00e9s au LSIS, se d\u00e9veloppent selon deux axes : la conception de SI adaptatifs d\u2019extraction d\u2019information \u00e0 partir de textes et la conception de syst\u00e8mes d\u2019information d\u00e9cisionnels. Conception de SI adaptatifs d\u2019extraction d\u2019information \u00e0 partir &hellip; <\/p>\n<p class=\"link-more\"><a href=\"https:\/\/pageperso.lis-lab.fr\/bernard.espinasse\/index.php\/theme-topics-2007\/\" class=\"more-link\">Continuer la lecture <span class=\"screen-reader-text\"> \u00ab\u00a0Th\u00e8mes\/Topics 2007-2014\u00a0\u00bb<\/span><\/a><\/p>\n","protected":false},"author":2,"featured_media":0,"parent":0,"menu_order":0,"comment_status":"closed","ping_status":"closed","template":"","meta":{"_crdt_document":"","footnotes":""},"class_list":["post-1014","page","type-page","status-publish","hentry","entry"],"_links":{"self":[{"href":"https:\/\/pageperso.lis-lab.fr\/bernard.espinasse\/index.php\/wp-json\/wp\/v2\/pages\/1014","targetHints":{"allow":["GET"]}}],"collection":[{"href":"https:\/\/pageperso.lis-lab.fr\/bernard.espinasse\/index.php\/wp-json\/wp\/v2\/pages"}],"about":[{"href":"https:\/\/pageperso.lis-lab.fr\/bernard.espinasse\/index.php\/wp-json\/wp\/v2\/types\/page"}],"author":[{"embeddable":true,"href":"https:\/\/pageperso.lis-lab.fr\/bernard.espinasse\/index.php\/wp-json\/wp\/v2\/users\/2"}],"replies":[{"embeddable":true,"href":"https:\/\/pageperso.lis-lab.fr\/bernard.espinasse\/index.php\/wp-json\/wp\/v2\/comments?post=1014"}],"version-history":[{"count":10,"href":"https:\/\/pageperso.lis-lab.fr\/bernard.espinasse\/index.php\/wp-json\/wp\/v2\/pages\/1014\/revisions"}],"predecessor-version":[{"id":1577,"href":"https:\/\/pageperso.lis-lab.fr\/bernard.espinasse\/index.php\/wp-json\/wp\/v2\/pages\/1014\/revisions\/1577"}],"wp:attachment":[{"href":"https:\/\/pageperso.lis-lab.fr\/bernard.espinasse\/index.php\/wp-json\/wp\/v2\/media?parent=1014"}],"curies":[{"name":"wp","href":"https:\/\/api.w.org\/{rel}","templated":true}]}}