{"id":1008,"date":"2021-12-15T09:02:31","date_gmt":"2021-12-15T08:02:31","guid":{"rendered":"https:\/\/pageperso.lis-lab.fr\/bernard.espinasse\/nouveausite\/?page_id=1008"},"modified":"2022-03-02T12:14:57","modified_gmt":"2022-03-02T11:14:57","slug":"themes-topics-1980-1995","status":"publish","type":"page","link":"https:\/\/pageperso.lis-lab.fr\/bernard.espinasse\/index.php\/themes-topics-1980-1995\/","title":{"rendered":"Th\u00e8mes\/Topics 1980-1995"},"content":{"rendered":"<p><span style=\"font-size: 12pt;\">(Publication types: RJ=Revue\/Journal, CH=Book Chapter, BK=Book, IC=International Conference, NC=National Conference)<\/span><\/p>\n<p><span style=\"font-size: 14pt;\"><strong>P\u00e9riode avant 1980-1995<\/strong><\/span><\/p>\n<p><span style=\"font-size: 14pt;\">Cette p\u00e9riode couvre ma th\u00e8se, ma participation \u00e0 l&rsquo;\u00e9laboration de la m\u00e9thode Merise, mes quatre ann\u00e9es pass\u00e9es \u00e0 l\u2019Universit\u00e9 Laval, ma carri\u00e8re en Ma\u00eetre de Conf\u00e9rences et s&rsquo;ach\u00e8ve lorsque je rejoins le laboratoire DIAM, je soutiens mon HDR et deviens Professeur des Universit\u00e9s. Mes travaux de recherche concernent alors deux axes\u00a0: <em>l&rsquo;Ing\u00e9nierie de Syst\u00e8mes d&rsquo;Information <\/em>et <em>l&rsquo;Ing\u00e9nierie des Syst\u00e8mes Interactifs d&rsquo;Aide \u00e0 la D\u00e9cision (SIAD) orient\u00e9s connaissance<\/em>.<\/span><\/p>\n<p><span style=\"font-size: 14pt;\"><strong>Ing\u00e9nierie des syst\u00e8mes d&rsquo;information<\/strong>. Ma th\u00e8se [<strong>THE 81<\/strong>], \u00ab\u00a0Autonomie et intelligence organisationnelle\u00a0: \u00e9l\u00e9ments th\u00e9oriques et applications \u00e0 la conception des syst\u00e8mes d&rsquo;information intelligents\u00a0\u00bb, propose un cadre conceptuel et de mod\u00e9lisation pour la conception des SI. Certains de ces \u00e9l\u00e9ments se retrouveront dans les fondements de la m\u00e9thode Merise. Parall\u00e8lement je participe au sein de l\u2019\u00e9quipe anim\u00e9e par H. Tardieu (contrat INRIA), au d\u00e9veloppement de cette m\u00e9thode, en contribuant plus particuli\u00e8rement \u00e0 la mod\u00e9lisation de la dynamique du SI, dynamique pour laquelle nous avons notamment propos\u00e9 un cadre de mod\u00e9lisation \u00e0 plusieurs niveaux d&rsquo;abstraction ainsi qu&rsquo;un formalisme, inspir\u00e9 des r\u00e9seaux de P\u00e9tri, permettant l&rsquo;\u00e9laboration de mod\u00e8les de traitements \u00e0 ces diff\u00e9rents niveaux [<strong>RJ 81<\/strong>]. A l\u2019Universit\u00e9 Laval je m\u2019int\u00e9resse \u00e0 la complexification croissante des SI de l&rsquo;entreprise, et \u00e0 l&rsquo;incorporation dans ces syst\u00e8mes de plus de connaissances [<strong>OS 86<\/strong>].<\/span><\/p>\n<p><span style=\"font-size: 14pt;\">De retour en France en 1987, avec <em>Dominique Nanci<\/em>, nous proposons dans Merise des extensions rendues n\u00e9cessaires du fait d\u2019une part de la complexification des SI \u00e0 concevoir, et d\u2019autre part de l&rsquo;\u00e9volution des fonctionnalit\u00e9s des outils permettant de les supporter (SGBD, L4G, client-serveur,&#8230;). Ces extensions sont diffus\u00e9es dans un premier ouvrage publi\u00e9 chez Sybex en 1992 (3 \u00e9ditions) [<strong>BK 92<\/strong>], et dans un second publi\u00e9 chez Vuibert en 2001 (r\u00e9visions tr\u00e8s cons\u00e9quentes et nouveaux collaborateurs) [<strong>BK 01<\/strong>]. Elles consistent notamment en un am\u00e9nagement du cadre de mod\u00e9lisation de Merise et des formalismes associ\u00e9s, notamment du formalisme Entit\u00e9-Relation (types\/sous-types, contraintes d&rsquo;int\u00e9grit\u00e9 s\u00e9mantiques intra et inter relations,&#8230;). Ensuite je contribue \u00e0 une \u00e9volution plus profonde de Merise vers l\u2019objet, en proposant un cadre m\u00e9thodologique, Merise+, s&rsquo;articulant autour de 3 mod\u00e8les (classes, modules et dynamique) permettant d&rsquo;aborder la conception du SI informatis\u00e9 (niveaux logique et physique) avec un couplage op\u00e9rationnel de Merise avec la m\u00e9thode objet OMT [<strong>RJ 97.1<\/strong>][<strong>RJ 95<\/strong>][<strong>RJ 94.6<\/strong>]. Enfin, je participe aussi au d\u00e9but des ann\u00e9es 90 \u00e0 des travaux de recherche avec la soci\u00e9t\u00e9 Transpac sur la mise en oeuvre de l&rsquo;\u00e9change des donn\u00e9es informatis\u00e9s (E.D.I.), en proposant des \u00e9l\u00e9ments m\u00e9thodologiques inspir\u00e9s de la m\u00e9thode Merise (M\u00e9thode REDI) [<strong>NC 91.3<\/strong>], et je participe en tant qu\u2019expert \u00e0 des r\u00e9flexions interminist\u00e9rielles sur la conception de SI.<\/span><\/p>\n<p><span style=\"font-size: 14pt;\"><strong>Ing\u00e9nierie des SIAD orient\u00e9s connaissance<\/strong>. Mes travaux sur cet axe commencent lors de mon s\u00e9jour \u00e0 l\u2019Universit\u00e9 Laval. Ils concernent la repr\u00e9sentation et le traitement de connaissances pour l\u2019aide \u00e0 la d\u00e9cision, et la ma\u00eetrise d\u2019outils de l\u2019IA, notamment le moteur d&rsquo;inf\u00e9rences \u00ab\u00a0Snark\u00a0\u00bb au travers d\u2019une collaboration avec Jean Louis Lauri\u00e8re, notamment sa r\u00e9\u00e9criture en Pascal UCSD. J\u2019utilise ce moteur pour \u00e9laborer un prototype de syst\u00e8me expert dans le domaine de l\u2019estimation de risques en assurance vie, en collaboration avec une compagnie d\u2019assurance canadienne <strong>[RJ 86].<\/strong> Durant cette p\u00e9riode je d\u00e9veloppe aussi une r\u00e9flexion conceptuelle et \u00e9pist\u00e9mologique sp\u00e9cifique s\u2019inspirant des travaux de J.\u00a0Piaget afin de proposer un nouveau mod\u00e8le de la d\u00e9cision plus cognitif <strong>[CH 87]<\/strong>. Ce mod\u00e8le aborde les processus d\u00e9cisionnels en tant que processus cognitifs d&rsquo;acquisition et d&rsquo;organisation de connaissances, processus soit de nature associative (perceptif, intuitif), soit symbolique (logique, raisonnement) <strong>[NC 87.1].<\/strong> Dans le cadre de ce mod\u00e8le, je me suis int\u00e9ress\u00e9 \u00e0 la simulation informatique de ces processus cognitifs par la coop\u00e9ration de deux grandes approches de simulations cognitives sur ordinateur\u00a0: <em>l&rsquo;IA symbolique<\/em> et le <em>connexionnisme<\/em>. Je tente ainsi de faire coop\u00e9rer ces deux approches en d\u00e9veloppant un syst\u00e8me hybride, nomm\u00e9 Cogita, faisant coop\u00e9rer (hybridation coop\u00e9rative) un r\u00e9seau neuro-mim\u00e9tique multicouches \u00e0 apprentissage par r\u00e9tro-propagation du gradient, et un moteur d&rsquo;inf\u00e9rences symbolique (Snark) <strong>[RJ 94.1][IC 90.2].<\/strong> La mise en oeuvre de ces mod\u00e8les connexionnistes, et la r\u00e9alisation de cette hybridation coop\u00e9rative, me posent alors (d\u00e9but 90) d&rsquo;importants probl\u00e8mes de nature technique, mais aussi m\u00e9thodologique et conceptuelle. Ces probl\u00e8mes me conduisent \u00e0 consid\u00e9rer, en 1988, cette hybridation coop\u00e9rative comme trop ambitieuse \u00e0 concevoir et \u00e0 r\u00e9aliser. Je d\u00e9cide alors de m&rsquo;int\u00e9resser \u00e0 une simulation cognitive essentiellement symbolique, en essayant de tirer parti de nouvelles approches qui commen\u00e7aient \u00e0 se d\u00e9velopper dans la communaut\u00e9 scientifique\u00a0: l&rsquo;IA Distribu\u00e9e (IAD) et les syst\u00e8mes multi-agents (SMA). Ainsi, \u00e0 partir de 1990, j\u2019oriente mes travaux vers une ing\u00e9nierie des SIAD orient\u00e9e multi-agents, en m\u2019int\u00e9ressant notamment \u00e0 l\u2019aide \u00e0 la d\u00e9cision de groupe et la n\u00e9gociation. Ainsi j\u2019ai d\u00e9velopp\u00e9 des m\u00e9thodes, mod\u00e8les et prototypes multi-agents pour l&rsquo;aide au bilan professionnel, et pour l&rsquo;aide \u00e0 la n\u00e9gociation multicrit\u00e8re de groupe. <strong>[RJ 94.2][IC 93.5][IC 95.1].<\/strong><\/span><\/p>\n","protected":false},"excerpt":{"rendered":"<p>(Publication types: RJ=Revue\/Journal, CH=Book Chapter, BK=Book, IC=International Conference, NC=National Conference) P\u00e9riode avant 1980-1995 Cette p\u00e9riode couvre ma th\u00e8se, ma participation \u00e0 l&rsquo;\u00e9laboration de la m\u00e9thode Merise, mes quatre ann\u00e9es pass\u00e9es \u00e0 l\u2019Universit\u00e9 Laval, ma carri\u00e8re en Ma\u00eetre de Conf\u00e9rences et s&rsquo;ach\u00e8ve lorsque je rejoins le laboratoire DIAM, je soutiens mon HDR et deviens Professeur des &hellip; <\/p>\n<p class=\"link-more\"><a href=\"https:\/\/pageperso.lis-lab.fr\/bernard.espinasse\/index.php\/themes-topics-1980-1995\/\" class=\"more-link\">Continuer la lecture <span class=\"screen-reader-text\"> \u00ab\u00a0Th\u00e8mes\/Topics 1980-1995\u00a0\u00bb<\/span><\/a><\/p>\n","protected":false},"author":2,"featured_media":0,"parent":0,"menu_order":0,"comment_status":"closed","ping_status":"closed","template":"","meta":{"_crdt_document":"","footnotes":""},"class_list":["post-1008","page","type-page","status-publish","hentry","entry"],"_links":{"self":[{"href":"https:\/\/pageperso.lis-lab.fr\/bernard.espinasse\/index.php\/wp-json\/wp\/v2\/pages\/1008","targetHints":{"allow":["GET"]}}],"collection":[{"href":"https:\/\/pageperso.lis-lab.fr\/bernard.espinasse\/index.php\/wp-json\/wp\/v2\/pages"}],"about":[{"href":"https:\/\/pageperso.lis-lab.fr\/bernard.espinasse\/index.php\/wp-json\/wp\/v2\/types\/page"}],"author":[{"embeddable":true,"href":"https:\/\/pageperso.lis-lab.fr\/bernard.espinasse\/index.php\/wp-json\/wp\/v2\/users\/2"}],"replies":[{"embeddable":true,"href":"https:\/\/pageperso.lis-lab.fr\/bernard.espinasse\/index.php\/wp-json\/wp\/v2\/comments?post=1008"}],"version-history":[{"count":8,"href":"https:\/\/pageperso.lis-lab.fr\/bernard.espinasse\/index.php\/wp-json\/wp\/v2\/pages\/1008\/revisions"}],"predecessor-version":[{"id":1568,"href":"https:\/\/pageperso.lis-lab.fr\/bernard.espinasse\/index.php\/wp-json\/wp\/v2\/pages\/1008\/revisions\/1568"}],"wp:attachment":[{"href":"https:\/\/pageperso.lis-lab.fr\/bernard.espinasse\/index.php\/wp-json\/wp\/v2\/media?parent=1008"}],"curies":[{"name":"wp","href":"https:\/\/api.w.org\/{rel}","templated":true}]}}