{"id":26,"date":"2023-03-13T09:51:50","date_gmt":"2023-03-13T09:51:50","guid":{"rendered":"https:\/\/pageperso.lis-lab.fr\/alice.delbosc\/?page_id=26"},"modified":"2025-07-07T08:39:46","modified_gmt":"2025-07-07T08:39:46","slug":"speaking","status":"publish","type":"page","link":"https:\/\/pageperso.lis-lab.fr\/alice.delbosc\/index.php\/speaking\/","title":{"rendered":"Speaking"},"content":{"rendered":"\n<h2 class=\"wp-block-heading has-large-font-size\"><strong>2025<\/strong><\/h2>\n\n\n\n<ul class=\"wp-block-list\">\n<li><a href=\"https:\/\/pintofscience.fr\/\" data-type=\"link\" data-id=\"https:\/\/pintofscience.fr\/\">Pint Of Science Festival<\/a> &#8220;Quand les robots d\u00e9clenchent la convo'&#8221;<\/li>\n<\/ul>\n\n\n\n<h2 class=\"wp-block-heading has-large-font-size\"><strong>2024<\/strong><\/h2>\n\n\n\n<ul class=\"wp-block-list\">\n<li>At <a href=\"https:\/\/icmi.acm.org\/2024\/sessions\/#OS1\">ICMI<\/a> 2024 &#8220;Mitigation of gender bias in automatic facial non-verbal behaviours generation&#8221;<\/li>\n\n\n\n<li>At <a href=\"https:\/\/react.lis-lab.fr\/\" data-type=\"link\" data-id=\"https:\/\/react.lis-lab.fr\/\">REACT<\/a> 2024 (IVA Workshop) &#8220;Analyzing gender bias in the non-verbal behaviors of generative systems&#8221;<\/li>\n\n\n\n<li>At <a href=\"https:\/\/wacai2024.sciencesconf.org\/?lang=fr\" data-type=\"link\" data-id=\"https:\/\/wacai2024.sciencesconf.org\/?lang=fr\">WACAI<\/a> 2024 &#8220;Conflict management training in the workplace through simulation with socio-affective embodied conversational agent&#8221;<\/li>\n\n\n\n<li>At <a href=\"https:\/\/icaart.scitevents.org\/?y=2024\" data-type=\"link\" data-id=\"https:\/\/icaart.scitevents.org\/?y=2024\">ICAART<\/a> 2024 &#8220;Be persuasive ! Automatic transformation of virtual agent\u2019s head and facial behavior&#8221;<\/li>\n<\/ul>\n\n\n\n<h2 class=\"wp-block-heading has-large-font-size\"><strong>2023<\/strong><\/h2>\n\n\n\n<ul class=\"wp-block-list\">\n<li>Live &#8220;L&#8217;IA g\u00e9n\u00e9rative &amp; ses d\u00e9fis pour animer des personnages virtuels&#8221; <a href=\"https:\/\/www.youtube.com\/watch?v=aHH9ftc3MBw&amp;ab_channel=Klanik\" data-type=\"link\" data-id=\"https:\/\/www.youtube.com\/watch?v=aHH9ftc3MBw&amp;ab_channel=Klanik\">[youtube]<\/a><\/li>\n\n\n\n<li>At <a href=\"https:\/\/genea-workshop.github.io\/2023\/workshop\/\" data-type=\"link\" data-id=\"https:\/\/genea-workshop.github.io\/2023\/workshop\/\">GENEA <\/a>2023 (ICMI Workshop) &#8220;<em>Towards the generation of synchronized and believable non-verbal facial behaviors of a talking virtual agent<\/em>&#8220;<\/li>\n\n\n\n<li>At <a href=\"https:\/\/iva.acm.org\/2023\/doctoral-consortium\/\">IVA Doctoral Consortium<\/a> 2023 &#8220;<em>Conflict management training in the workplace through simulation with socio-affective embodied conversational agent<\/em>&#8220;<\/li>\n\n\n\n<li>At <a href=\"https:\/\/pfia23.icube.unistra.fr\/\">PFIA 2023<\/a> (Plate-Forme Intelligence Artificielle) &#8220;<em>G\u00e9n\u00e9ration automatique de comportements faciaux : des donn\u00e9es \u00e0 l&#8217;\u00e9valuation<\/em>&#8221; (<strong>Best presentation<\/strong>)<\/li>\n\n\n\n<li>At the GT ACAI reading group, presentation of the article <em>&#8220;A Comprehensive Review of Data-Driven Co-Speech Gesture Generation&#8221; Simbarashe Nyatsanga et al.<\/em> <\/li>\n<\/ul>\n\n\n\n<h2 class=\"wp-block-heading has-large-font-size\"><strong>2022<\/strong><\/h2>\n\n\n\n<ul class=\"wp-block-list\">\n<li>At <a href=\"https:\/\/genea-workshop.github.io\/2022\/workshop\/\">GENEA<\/a> 2022 (ICMI Workshop) &#8220;<em>Generation and evaluation of non-verbal behaviour for embodied agents<\/em>&#8221; [<a href=\"https:\/\/www.youtube.com\/watch?v=bo-nDGxLrQU\" data-type=\"URL\" data-id=\"https:\/\/www.youtube.com\/watch?v=bo-nDGxLrQU\" target=\"_blank\" rel=\"noreferrer noopener\">Video Link<\/a>]<\/li>\n\n\n\n<li>At <a href=\"https:\/\/ci.mines-stetienne.fr\/pfia2022\/\">PFIA 2022<\/a> (Plate-Forme Intelligence Artificielle) <em>&#8220;G\u00e9n\u00e9ration automatique de comportements persuasifs chez un agent virtuel conversationnel&#8221;<\/em><\/li>\n<\/ul>\n\n\n\n<p><\/p>\n","protected":false},"excerpt":{"rendered":"<p>2025 2024 2023 2022<\/p>\n","protected":false},"author":2,"featured_media":0,"parent":0,"menu_order":2,"comment_status":"closed","ping_status":"closed","template":"","meta":{"footnotes":""},"class_list":["post-26","page","type-page","status-publish","hentry"],"_links":{"self":[{"href":"https:\/\/pageperso.lis-lab.fr\/alice.delbosc\/index.php\/wp-json\/wp\/v2\/pages\/26","targetHints":{"allow":["GET"]}}],"collection":[{"href":"https:\/\/pageperso.lis-lab.fr\/alice.delbosc\/index.php\/wp-json\/wp\/v2\/pages"}],"about":[{"href":"https:\/\/pageperso.lis-lab.fr\/alice.delbosc\/index.php\/wp-json\/wp\/v2\/types\/page"}],"author":[{"embeddable":true,"href":"https:\/\/pageperso.lis-lab.fr\/alice.delbosc\/index.php\/wp-json\/wp\/v2\/users\/2"}],"replies":[{"embeddable":true,"href":"https:\/\/pageperso.lis-lab.fr\/alice.delbosc\/index.php\/wp-json\/wp\/v2\/comments?post=26"}],"version-history":[{"count":12,"href":"https:\/\/pageperso.lis-lab.fr\/alice.delbosc\/index.php\/wp-json\/wp\/v2\/pages\/26\/revisions"}],"predecessor-version":[{"id":145,"href":"https:\/\/pageperso.lis-lab.fr\/alice.delbosc\/index.php\/wp-json\/wp\/v2\/pages\/26\/revisions\/145"}],"wp:attachment":[{"href":"https:\/\/pageperso.lis-lab.fr\/alice.delbosc\/index.php\/wp-json\/wp\/v2\/media?parent=26"}],"curies":[{"name":"wp","href":"https:\/\/api.w.org\/{rel}","templated":true}]}}